{"id":5413,"date":"2018-10-11T18:50:08","date_gmt":"2018-10-11T15:50:08","guid":{"rendered":"http:\/\/www.yenigun.com.tr\/tourism\/"},"modified":"2024-10-08T22:34:22","modified_gmt":"2024-10-08T19:34:22","slug":"tourism","status":"publish","type":"page","link":"https:\/\/www.yenigun.com.tr\/ru\/tourism\/","title":{"rendered":"\u0422\u0443\u0440\u0438\u0437\u043c"},"content":{"rendered":"<section class=\"l-section wpb_row height_medium\"><div class=\"l-section-h i-cf\"><div class=\"g-cols vc_row via_flex valign_top type_default stacking_default\"><div class=\"vc_col-sm-8 wpb_column vc_column_container\"><div class=\"vc_column-inner\"><div class=\"wpb_wrapper\"><div class=\"wpb_text_column\"><div class=\"wpb_wrapper\"><div class=\"sayfafullic\">\n<div class=\"sayfa\">\n<div class=\"icsayfa\">\n<div class=\"icerikyazibox\">\n<h1>\u041a\u0430\u0441\u0440-\u0438-\u041d\u0435\u0445\u0440\u043e\u0445 \u043e\u0442\u0435\u043b\u044c<\/h1>\n<p>\u0411\u0443\u0442\u0438\u043a-\u041e\u0442\u0435\u043b\u044c \u041a\u0430\u0441\u0440-\u0438 \u041d\u0435\u0445\u0440\u043e\u0437 \u0440\u0430\u043d\u0435\u0435 \u044f\u0432\u043b\u044f\u043b\u0441\u044f \u00ab\u0447\u0430\u0441\u0442\u043d\u044b\u043c \u0437\u0434\u0430\u043d\u0438\u0435\u043c\u00bb, \u043a\u043e\u0442\u043e\u0440\u043e\u0435 \u0440\u0430\u043d\u0435\u0435 \u0438\u0441\u043f\u043e\u043b\u044c\u0437\u043e\u0432\u0430\u043b\u043e\u0441\u044c \u0441\u0435\u043c\u044c\u0435\u0439 \u0415\u043d\u0438\u0433\u044e\u043d \u0432 \u043a\u0430\u0447\u0435\u0441\u0442\u0432\u0435 \u0436\u0438\u043b\u044c\u044f. \u041f\u043e\u0441\u043b\u0435 \u0440\u0435\u0441\u0442\u0430\u0432\u0440\u0430\u0446\u0438\u0438 \u044d\u0442\u043e \u0438\u0441\u0442\u043e\u0440\u0438\u0447\u0435\u0441\u043a\u043e\u0435 \u0437\u0434\u0430\u043d\u0438\u0435 \u0432\u043e\u0437\u0440\u0430\u0441\u0442\u043e\u043c \u0431\u043e\u043b\u0435\u0435 1200 \u043b\u0435\u0442 \u043d\u0430\u0448\u043b\u043e \u0441\u0432\u043e\u044e \u043d\u043e\u0432\u0443\u044e \u0436\u0438\u0437\u043d\u044c \u0432 \u043a\u0430\u0447\u0435\u0441\u0442\u0432\u0435 \u043e\u0442\u0435\u043b\u044f. \u041e\u0442\u0435\u043b\u044c \u041a\u0430\u0441\u0440-\u0438 \u041d\u0435\u0445\u0440\u043e\u0437, \u0437\u0434\u0430\u043d\u0438\u0435 \u043a\u043e\u0442\u043e\u0440\u043e\u0433\u043e \u0440\u0435\u043a\u043e\u043d\u0441\u0442\u0440\u0443\u0438\u0440\u043e\u0432\u0430\u043d\u043e \u0441 \u043f\u043e\u043b\u043d\u044b\u043c \u0441\u043e\u0445\u0440\u0430\u043d\u0435\u043d\u0438\u0435\u043c \u0438\u0441\u0442\u043e\u0440\u0438\u0447\u0435\u0441\u043a\u0438\u0445 \u043e\u0441\u043e\u0431\u0435\u043d\u043d\u043e\u0441\u0442\u0435\u0439 \u0441 \u0438\u0441\u043f\u043e\u043b\u044c\u0437\u043e\u0432\u0430\u043d\u0438\u0435\u043c \u043d\u0430\u0442\u0443\u0440\u0430\u043b\u044c\u043d\u043e\u0433\u043e \u041c\u0438\u0434\u044c\u044f\u0442\u0441\u043a\u043e\u0433\u043e \u043a\u0430\u043c\u043d\u044f, \u044f\u0432\u043b\u044f\u0435\u0442\u0441\u044f \u0441\u043e\u043e\u0440\u0443\u0436\u0435\u043d\u0438\u0435\u043c, \u043a\u043e\u0442\u043e\u0440\u043e\u0435 \u0432\u043e\u0437\u0440\u043e\u0436\u0434\u0430\u0435\u0442 \u043a \u0436\u0438\u0437\u043d\u0438 \u0438\u0441\u0442\u043e\u0440\u0438\u0447\u0435\u0441\u043a\u0438\u0435 \u043a\u043e\u0440\u043d\u0438 \u0438 \u0432\u043c\u0435\u0441\u0442\u0435 \u0441 \u0442\u0435\u043c \u043f\u0440\u0435\u0434\u043e\u0441\u0442\u0430\u0432\u043b\u044f\u0435\u0442 \u0432\u0441\u0435 \u0432\u0438\u0434\u044b \u043a\u043e\u043c\u0444\u043e\u0440\u0442\u043d\u044b\u0445 \u0443\u0441\u043b\u043e\u0432\u0438\u0439, \u0441\u043e\u043e\u0442\u0432\u0435\u0442\u0441\u0442\u0432\u0443\u044e\u0449\u0438\u0445 \u0442\u0440\u0435\u0431\u043e\u0432\u0430\u043d\u0438\u044f\u043c \u0441\u043e\u0432\u0440\u0435\u043c\u0435\u043d\u043d\u043e\u0439 \u0436\u0438\u0437\u043d\u0438. \u0412 \u043e\u0442\u0435\u043b\u0435, \u0440\u0435\u043a\u043e\u043d\u0441\u0442\u0440\u0443\u043a\u0446\u0438\u044f \u043a\u043e\u0442\u043e\u0440\u043e\u0433\u043e \u043f\u0440\u043e\u0432\u043e\u0434\u0438\u043b\u0430\u0441\u044c \u043e\u0442\u0434\u0430\u0432\u0430\u044f \u0434\u0430\u043d\u044c \u0443\u0432\u0430\u0436\u0435\u043d\u0438\u044f \u0430\u0440\u0445\u0438\u0442\u0435\u043a\u0442\u043e\u0440\u0430\u043c \u043f\u0440\u043e\u0448\u043b\u043e\u0433\u043e, \u0438\u043c\u0435\u0435\u0442\u0441\u044f 23 \u0441\u0442\u0430\u043d\u0434\u0430\u0440\u0442\u043d\u044b\u0445 \u0434\u0432\u0443\u0445\u043c\u0435\u0441\u0442\u043d\u044b\u0445 \u043d\u043e\u043c\u0435\u0440\u0430, 2 \u043e\u0434\u043d\u043e\u043c\u0435\u0441\u0442\u043d\u044b\u0445 \u043d\u043e\u043c\u0435\u0440\u0430, 3 \u0442\u0440\u0435\u0445\u043c\u0435\u0441\u0442\u043d\u044b\u0445 \u043d\u043e\u043c\u0435\u0440\u0430 \u0438 2 \u043d\u043e\u043c\u0435\u0440\u0430-\u043b\u044e\u043a\u0441, \u0432\u0441\u0435\u0433\u043e 30 \u043d\u043e\u043c\u0435\u0440\u043e\u0432.<\/p>\n<\/div>\n<\/div>\n<\/div>\n<\/div>\n<\/div><\/div><\/div><\/div><\/div><div class=\"vc_col-sm-4 wpb_column vc_column_container\"><div class=\"vc_column-inner\"><div class=\"wpb_wrapper\"><div class=\"w-image align_center\"><a title=\"www.hotelnehroz.com\" target=\" _blank\" rel=\"nofollow\" href=\"http:\/\/www.hotelnehroz.com\" aria-label=\"nehrozotel\" class=\"w-image-h\"><img decoding=\"async\" width=\"299\" height=\"185\" src=\"https:\/\/www.yenigun.com.tr\/wp-content\/uploads\/2019\/03\/nehrozotel-1.png\" class=\"attachment-large size-large\" alt=\"\" loading=\"lazy\" \/><\/a><\/div><div class=\"wpb_text_column\"><div class=\"wpb_wrapper\"><p style=\"text-align: center;\"><a href=\"http:\/\/www.hotelnehroz.com\/\" target=\"_blank\" rel=\"noopener noreferrer\">www.hotelnehroz.com<\/a><\/p>\n<\/div><\/div><\/div><\/div><\/div><\/div><\/div><\/section>\n","protected":false},"excerpt":{"rendered":"\u041a\u0430\u0441\u0440-\u0438-\u041d\u0435\u0445\u0440\u043e\u0445 \u043e\u0442\u0435\u043b\u044c \u0411\u0443\u0442\u0438\u043a-\u041e\u0442\u0435\u043b\u044c \u041a\u0430\u0441\u0440-\u0438 \u041d\u0435\u0445\u0440\u043e\u0437 \u0440\u0430\u043d\u0435\u0435 \u044f\u0432\u043b\u044f\u043b\u0441\u044f \u00ab\u0447\u0430\u0441\u0442\u043d\u044b\u043c \u0437\u0434\u0430\u043d\u0438\u0435\u043c\u00bb, \u043a\u043e\u0442\u043e\u0440\u043e\u0435 \u0440\u0430\u043d\u0435\u0435 \u0438\u0441\u043f\u043e\u043b\u044c\u0437\u043e\u0432\u0430\u043b\u043e\u0441\u044c \u0441\u0435\u043c\u044c\u0435\u0439 \u0415\u043d\u0438\u0433\u044e\u043d \u0432 \u043a\u0430\u0447\u0435\u0441\u0442\u0432\u0435 \u0436\u0438\u043b\u044c\u044f. \u041f\u043e\u0441\u043b\u0435 \u0440\u0435\u0441\u0442\u0430\u0432\u0440\u0430\u0446\u0438\u0438 \u044d\u0442\u043e \u0438\u0441\u0442\u043e\u0440\u0438\u0447\u0435\u0441\u043a\u043e\u0435 \u0437\u0434\u0430\u043d\u0438\u0435 \u0432\u043e\u0437\u0440\u0430\u0441\u0442\u043e\u043c \u0431\u043e\u043b\u0435\u0435 1200 \u043b\u0435\u0442 \u043d\u0430\u0448\u043b\u043e \u0441\u0432\u043e\u044e \u043d\u043e\u0432\u0443\u044e \u0436\u0438\u0437\u043d\u044c \u0432 \u043a\u0430\u0447\u0435\u0441\u0442\u0432\u0435 \u043e\u0442\u0435\u043b\u044f. \u041e\u0442\u0435\u043b\u044c \u041a\u0430\u0441\u0440-\u0438 \u041d\u0435\u0445\u0440\u043e\u0437, \u0437\u0434\u0430\u043d\u0438\u0435 \u043a\u043e\u0442\u043e\u0440\u043e\u0433\u043e \u0440\u0435\u043a\u043e\u043d\u0441\u0442\u0440\u0443\u0438\u0440\u043e\u0432\u0430\u043d\u043e \u0441 \u043f\u043e\u043b\u043d\u044b\u043c \u0441\u043e\u0445\u0440\u0430\u043d\u0435\u043d\u0438\u0435\u043c \u0438\u0441\u0442\u043e\u0440\u0438\u0447\u0435\u0441\u043a\u0438\u0445 \u043e\u0441\u043e\u0431\u0435\u043d\u043d\u043e\u0441\u0442\u0435\u0439 \u0441 \u0438\u0441\u043f\u043e\u043b\u044c\u0437\u043e\u0432\u0430\u043d\u0438\u0435\u043c \u043d\u0430\u0442\u0443\u0440\u0430\u043b\u044c\u043d\u043e\u0433\u043e \u041c\u0438\u0434\u044c\u044f\u0442\u0441\u043a\u043e\u0433\u043e \u043a\u0430\u043c\u043d\u044f, \u044f\u0432\u043b\u044f\u0435\u0442\u0441\u044f \u0441\u043e\u043e\u0440\u0443\u0436\u0435\u043d\u0438\u0435\u043c, \u043a\u043e\u0442\u043e\u0440\u043e\u0435 \u0432\u043e\u0437\u0440\u043e\u0436\u0434\u0430\u0435\u0442 \u043a \u0436\u0438\u0437\u043d\u0438...","protected":false},"author":8,"featured_media":2615,"parent":0,"menu_order":0,"comment_status":"closed","ping_status":"closed","template":"","meta":{"footnotes":""},"class_list":["post-5413","page","type-page","status-publish","has-post-thumbnail","hentry"],"yoast_head":"<!-- This site is optimized with the Yoast SEO plugin v27.4 - https:\/\/yoast.com\/product\/yoast-seo-wordpress\/ -->\n<title>\u0422\u0443\u0440\u0438\u0437\u043c - Yenig\u00fcn \u0441\u0442\u0440\u043e\u0438\u0442\u0435\u043b\u044c\u0441\u0442\u0432\u043e<\/title>\n<meta name=\"robots\" content=\"index, follow, max-snippet:-1, max-image-preview:large, max-video-preview:-1\" \/>\n<link rel=\"canonical\" href=\"https:\/\/www.yenigun.com.tr\/ru\/tourism\/\" \/>\n<meta property=\"og:locale\" content=\"ru_RU\" \/>\n<meta property=\"og:type\" content=\"article\" \/>\n<meta property=\"og:title\" content=\"\u0422\u0443\u0440\u0438\u0437\u043c - Yenig\u00fcn \u0441\u0442\u0440\u043e\u0438\u0442\u0435\u043b\u044c\u0441\u0442\u0432\u043e\" \/>\n<meta property=\"og:url\" content=\"https:\/\/www.yenigun.com.tr\/ru\/tourism\/\" \/>\n<meta property=\"og:site_name\" content=\"Yenig\u00fcn \u0441\u0442\u0440\u043e\u0438\u0442\u0435\u043b\u044c\u0441\u0442\u0432\u043e\" \/>\n<meta property=\"article:modified_time\" content=\"2024-10-08T19:34:22+00:00\" \/>\n<meta property=\"og:image\" content=\"https:\/\/www.yenigun.com.tr\/wp-content\/uploads\/2019\/02\/iletisim.jpg\" \/>\n\t<meta property=\"og:image:width\" content=\"1920\" \/>\n\t<meta property=\"og:image:height\" content=\"210\" \/>\n\t<meta property=\"og:image:type\" content=\"image\/jpeg\" \/>\n<meta name=\"twitter:card\" content=\"summary_large_image\" \/>\n<meta name=\"twitter:label1\" content=\"\u041f\u0440\u0438\u043c\u0435\u0440\u043d\u043e\u0435 \u0432\u0440\u0435\u043c\u044f \u0434\u043b\u044f \u0447\u0442\u0435\u043d\u0438\u044f\" \/>\n\t<meta name=\"twitter:data1\" content=\"1 \u043c\u0438\u043d\u0443\u0442\u0430\" \/>\n<script type=\"application\/ld+json\" class=\"yoast-schema-graph\">{\"@context\":\"https:\\\/\\\/schema.org\",\"@graph\":[{\"@type\":\"WebPage\",\"@id\":\"https:\\\/\\\/www.yenigun.com.tr\\\/ru\\\/tourism\\\/\",\"url\":\"https:\\\/\\\/www.yenigun.com.tr\\\/ru\\\/tourism\\\/\",\"name\":\"\u0422\u0443\u0440\u0438\u0437\u043c - Yenig\u00fcn \u0441\u0442\u0440\u043e\u0438\u0442\u0435\u043b\u044c\u0441\u0442\u0432\u043e\",\"isPartOf\":{\"@id\":\"https:\\\/\\\/www.yenigun.com.tr\\\/#website\"},\"primaryImageOfPage\":{\"@id\":\"https:\\\/\\\/www.yenigun.com.tr\\\/ru\\\/tourism\\\/#primaryimage\"},\"image\":{\"@id\":\"https:\\\/\\\/www.yenigun.com.tr\\\/ru\\\/tourism\\\/#primaryimage\"},\"thumbnailUrl\":\"https:\\\/\\\/www.yenigun.com.tr\\\/wp-content\\\/uploads\\\/2019\\\/02\\\/iletisim.jpg\",\"datePublished\":\"2018-10-11T15:50:08+00:00\",\"dateModified\":\"2024-10-08T19:34:22+00:00\",\"breadcrumb\":{\"@id\":\"https:\\\/\\\/www.yenigun.com.tr\\\/ru\\\/tourism\\\/#breadcrumb\"},\"inLanguage\":\"ru-RU\",\"potentialAction\":[{\"@type\":\"ReadAction\",\"target\":[\"https:\\\/\\\/www.yenigun.com.tr\\\/ru\\\/tourism\\\/\"]}]},{\"@type\":\"ImageObject\",\"inLanguage\":\"ru-RU\",\"@id\":\"https:\\\/\\\/www.yenigun.com.tr\\\/ru\\\/tourism\\\/#primaryimage\",\"url\":\"https:\\\/\\\/www.yenigun.com.tr\\\/wp-content\\\/uploads\\\/2019\\\/02\\\/iletisim.jpg\",\"contentUrl\":\"https:\\\/\\\/www.yenigun.com.tr\\\/wp-content\\\/uploads\\\/2019\\\/02\\\/iletisim.jpg\",\"width\":1920,\"height\":210},{\"@type\":\"BreadcrumbList\",\"@id\":\"https:\\\/\\\/www.yenigun.com.tr\\\/ru\\\/tourism\\\/#breadcrumb\",\"itemListElement\":[{\"@type\":\"ListItem\",\"position\":1,\"name\":\"Ana sayfa\",\"item\":\"https:\\\/\\\/www.yenigun.com.tr\\\/ru\\\/\"},{\"@type\":\"ListItem\",\"position\":2,\"name\":\"\u0422\u0443\u0440\u0438\u0437\u043c\"}]},{\"@type\":\"WebSite\",\"@id\":\"https:\\\/\\\/www.yenigun.com.tr\\\/#website\",\"url\":\"https:\\\/\\\/www.yenigun.com.tr\\\/\",\"name\":\"Yenig\u00fcn \u0441\u0442\u0440\u043e\u0438\u0442\u0435\u043b\u044c\u0441\u0442\u0432\u043e\",\"description\":\"T\u00fcrkiye&#039;nin G\u00fc\u00e7l\u00fc \u0130n\u015faat \u015eirketi\",\"publisher\":{\"@id\":\"https:\\\/\\\/www.yenigun.com.tr\\\/#organization\"},\"potentialAction\":[{\"@type\":\"SearchAction\",\"target\":{\"@type\":\"EntryPoint\",\"urlTemplate\":\"https:\\\/\\\/www.yenigun.com.tr\\\/?s={search_term_string}\"},\"query-input\":{\"@type\":\"PropertyValueSpecification\",\"valueRequired\":true,\"valueName\":\"search_term_string\"}}],\"inLanguage\":\"ru-RU\"},{\"@type\":\"Organization\",\"@id\":\"https:\\\/\\\/www.yenigun.com.tr\\\/#organization\",\"name\":\"Yenig\u00fcn \u0441\u0442\u0440\u043e\u0438\u0442\u0435\u043b\u044c\u0441\u0442\u0432\u043e\",\"url\":\"https:\\\/\\\/www.yenigun.com.tr\\\/\",\"logo\":{\"@type\":\"ImageObject\",\"inLanguage\":\"ru-RU\",\"@id\":\"https:\\\/\\\/www.yenigun.com.tr\\\/#\\\/schema\\\/logo\\\/image\\\/\",\"url\":\"https:\\\/\\\/www.yenigun.com.tr\\\/wp-content\\\/uploads\\\/2018\\\/11\\\/yenigun-logo.png\",\"contentUrl\":\"https:\\\/\\\/www.yenigun.com.tr\\\/wp-content\\\/uploads\\\/2018\\\/11\\\/yenigun-logo.png\",\"width\":548,\"height\":135,\"caption\":\"Yenig\u00fcn \u0441\u0442\u0440\u043e\u0438\u0442\u0435\u043b\u044c\u0441\u0442\u0432\u043e\"},\"image\":{\"@id\":\"https:\\\/\\\/www.yenigun.com.tr\\\/#\\\/schema\\\/logo\\\/image\\\/\"}}]}<\/script>\n<!-- \/ Yoast SEO plugin. -->","yoast_head_json":{"title":"\u0422\u0443\u0440\u0438\u0437\u043c - Yenig\u00fcn \u0441\u0442\u0440\u043e\u0438\u0442\u0435\u043b\u044c\u0441\u0442\u0432\u043e","robots":{"index":"index","follow":"follow","max-snippet":"max-snippet:-1","max-image-preview":"max-image-preview:large","max-video-preview":"max-video-preview:-1"},"canonical":"https:\/\/www.yenigun.com.tr\/ru\/tourism\/","og_locale":"ru_RU","og_type":"article","og_title":"\u0422\u0443\u0440\u0438\u0437\u043c - Yenig\u00fcn \u0441\u0442\u0440\u043e\u0438\u0442\u0435\u043b\u044c\u0441\u0442\u0432\u043e","og_url":"https:\/\/www.yenigun.com.tr\/ru\/tourism\/","og_site_name":"Yenig\u00fcn \u0441\u0442\u0440\u043e\u0438\u0442\u0435\u043b\u044c\u0441\u0442\u0432\u043e","article_modified_time":"2024-10-08T19:34:22+00:00","og_image":[{"width":1920,"height":210,"url":"https:\/\/www.yenigun.com.tr\/wp-content\/uploads\/2019\/02\/iletisim.jpg","type":"image\/jpeg"}],"twitter_card":"summary_large_image","twitter_misc":{"\u041f\u0440\u0438\u043c\u0435\u0440\u043d\u043e\u0435 \u0432\u0440\u0435\u043c\u044f \u0434\u043b\u044f \u0447\u0442\u0435\u043d\u0438\u044f":"1 \u043c\u0438\u043d\u0443\u0442\u0430"},"schema":{"@context":"https:\/\/schema.org","@graph":[{"@type":"WebPage","@id":"https:\/\/www.yenigun.com.tr\/ru\/tourism\/","url":"https:\/\/www.yenigun.com.tr\/ru\/tourism\/","name":"\u0422\u0443\u0440\u0438\u0437\u043c - Yenig\u00fcn \u0441\u0442\u0440\u043e\u0438\u0442\u0435\u043b\u044c\u0441\u0442\u0432\u043e","isPartOf":{"@id":"https:\/\/www.yenigun.com.tr\/#website"},"primaryImageOfPage":{"@id":"https:\/\/www.yenigun.com.tr\/ru\/tourism\/#primaryimage"},"image":{"@id":"https:\/\/www.yenigun.com.tr\/ru\/tourism\/#primaryimage"},"thumbnailUrl":"https:\/\/www.yenigun.com.tr\/wp-content\/uploads\/2019\/02\/iletisim.jpg","datePublished":"2018-10-11T15:50:08+00:00","dateModified":"2024-10-08T19:34:22+00:00","breadcrumb":{"@id":"https:\/\/www.yenigun.com.tr\/ru\/tourism\/#breadcrumb"},"inLanguage":"ru-RU","potentialAction":[{"@type":"ReadAction","target":["https:\/\/www.yenigun.com.tr\/ru\/tourism\/"]}]},{"@type":"ImageObject","inLanguage":"ru-RU","@id":"https:\/\/www.yenigun.com.tr\/ru\/tourism\/#primaryimage","url":"https:\/\/www.yenigun.com.tr\/wp-content\/uploads\/2019\/02\/iletisim.jpg","contentUrl":"https:\/\/www.yenigun.com.tr\/wp-content\/uploads\/2019\/02\/iletisim.jpg","width":1920,"height":210},{"@type":"BreadcrumbList","@id":"https:\/\/www.yenigun.com.tr\/ru\/tourism\/#breadcrumb","itemListElement":[{"@type":"ListItem","position":1,"name":"Ana sayfa","item":"https:\/\/www.yenigun.com.tr\/ru\/"},{"@type":"ListItem","position":2,"name":"\u0422\u0443\u0440\u0438\u0437\u043c"}]},{"@type":"WebSite","@id":"https:\/\/www.yenigun.com.tr\/#website","url":"https:\/\/www.yenigun.com.tr\/","name":"Yenig\u00fcn \u0441\u0442\u0440\u043e\u0438\u0442\u0435\u043b\u044c\u0441\u0442\u0432\u043e","description":"T\u00fcrkiye&#039;nin G\u00fc\u00e7l\u00fc \u0130n\u015faat \u015eirketi","publisher":{"@id":"https:\/\/www.yenigun.com.tr\/#organization"},"potentialAction":[{"@type":"SearchAction","target":{"@type":"EntryPoint","urlTemplate":"https:\/\/www.yenigun.com.tr\/?s={search_term_string}"},"query-input":{"@type":"PropertyValueSpecification","valueRequired":true,"valueName":"search_term_string"}}],"inLanguage":"ru-RU"},{"@type":"Organization","@id":"https:\/\/www.yenigun.com.tr\/#organization","name":"Yenig\u00fcn \u0441\u0442\u0440\u043e\u0438\u0442\u0435\u043b\u044c\u0441\u0442\u0432\u043e","url":"https:\/\/www.yenigun.com.tr\/","logo":{"@type":"ImageObject","inLanguage":"ru-RU","@id":"https:\/\/www.yenigun.com.tr\/#\/schema\/logo\/image\/","url":"https:\/\/www.yenigun.com.tr\/wp-content\/uploads\/2018\/11\/yenigun-logo.png","contentUrl":"https:\/\/www.yenigun.com.tr\/wp-content\/uploads\/2018\/11\/yenigun-logo.png","width":548,"height":135,"caption":"Yenig\u00fcn \u0441\u0442\u0440\u043e\u0438\u0442\u0435\u043b\u044c\u0441\u0442\u0432\u043e"},"image":{"@id":"https:\/\/www.yenigun.com.tr\/#\/schema\/logo\/image\/"}}]}},"_links":{"self":[{"href":"https:\/\/www.yenigun.com.tr\/ru\/wp-json\/wp\/v2\/pages\/5413","targetHints":{"allow":["GET"]}}],"collection":[{"href":"https:\/\/www.yenigun.com.tr\/ru\/wp-json\/wp\/v2\/pages"}],"about":[{"href":"https:\/\/www.yenigun.com.tr\/ru\/wp-json\/wp\/v2\/types\/page"}],"author":[{"embeddable":true,"href":"https:\/\/www.yenigun.com.tr\/ru\/wp-json\/wp\/v2\/users\/8"}],"replies":[{"embeddable":true,"href":"https:\/\/www.yenigun.com.tr\/ru\/wp-json\/wp\/v2\/comments?post=5413"}],"version-history":[{"count":1,"href":"https:\/\/www.yenigun.com.tr\/ru\/wp-json\/wp\/v2\/pages\/5413\/revisions"}],"predecessor-version":[{"id":13135,"href":"https:\/\/www.yenigun.com.tr\/ru\/wp-json\/wp\/v2\/pages\/5413\/revisions\/13135"}],"wp:featuredmedia":[{"embeddable":true,"href":"https:\/\/www.yenigun.com.tr\/ru\/wp-json\/wp\/v2\/media\/2615"}],"wp:attachment":[{"href":"https:\/\/www.yenigun.com.tr\/ru\/wp-json\/wp\/v2\/media?parent=5413"}],"curies":[{"name":"wp","href":"https:\/\/api.w.org\/{rel}","templated":true}]}}