{"id":5383,"date":"2018-10-11T18:40:54","date_gmt":"2018-10-11T15:40:54","guid":{"rendered":"http:\/\/www.yenigun.com.tr\/bultenler\/"},"modified":"2019-05-03T12:50:57","modified_gmt":"2019-05-03T09:50:57","slug":"bultenler","status":"publish","type":"page","link":"https:\/\/www.yenigun.com.tr\/ru\/bultenler\/","title":{"rendered":"\u0431\u044e\u043b\u043b\u0435\u0442\u0435\u043d\u044c"},"content":{"rendered":"<section class=\"l-section wpb_row height_medium\"><div class=\"l-section-h i-cf\"><div class=\"g-cols vc_row via_flex valign_top type_default stacking_default\"><div class=\"vc_col-sm-12 wpb_column vc_column_container\"><div class=\"vc_column-inner\"><div class=\"wpb_wrapper\"><div class=\"w-grid us_grid type_masonry layout_4049 hidden cols_3 preload_style_spinner open_items_in_popup with_isotope\" id=\"us_grid_1\" style=\"--columns:3;--gap:1.5rem;\" data-filterable=\"true\"><style>@media (max-width:1024px){#us_grid_1{--columns:2!important}}@media (max-width:600px){#us_grid_1{--columns:1!important}}.layout_4049 .w-grid-item-h{box-shadow:0 0.09rem 0.18rem rgba(0,0,0,0.1),0 0.3rem 0.9rem rgba(0,0,0,0.1);transition-duration:0.3s}.no-touch .layout_4049 .w-grid-item-h:hover{box-shadow:0 0.16rem 0.32rem rgba(0,0,0,0.1),0 0.53rem 1.6rem rgba(0,0,0,0.15);z-index:4}.layout_4049 .usg_post_image_1{margin-bottom:0.5rem!important}.layout_4049 .usg_post_title_1{font-family:var(--h1-font-family)!important;font-size:1rem!important}<\/style><div class=\"w-grid-list\"><\/div>\t<div class=\"w-grid-preloader\">\r\n\t\t<div class=\"g-preloader type_1\">\r\n\t\t\t<div><\/div>\r\n\t\t<\/div>\r\n\t<\/div>\r\n\t\t<div class=\"w-grid-json hidden\" onclick='return {&quot;action&quot;:&quot;us_ajax_grid&quot;,&quot;infinite_scroll&quot;:0,&quot;max_num_pages&quot;:0,&quot;pagination&quot;:&quot;none&quot;,&quot;template_vars&quot;:{&quot;columns&quot;:&quot;3&quot;,&quot;exclude_items&quot;:&quot;none&quot;,&quot;img_size&quot;:&quot;default&quot;,&quot;ignore_items_size&quot;:0,&quot;items_layout&quot;:&quot;4049&quot;,&quot;items_offset&quot;:&quot;1&quot;,&quot;load_animation&quot;:&quot;none&quot;,&quot;overriding_link&quot;:&quot;%7B%22type%22%3A%22popup_post%22%7D&quot;,&quot;post_id&quot;:0,&quot;query_args&quot;:{&quot;post_type&quot;:[&quot;us_portfolio&quot;],&quot;tax_query&quot;:[{&quot;taxonomy&quot;:&quot;us_portfolio_category&quot;,&quot;field&quot;:&quot;slug&quot;,&quot;terms&quot;:[&quot;bultenler&quot;]}],&quot;post_status&quot;:[&quot;publish&quot;],&quot;posts_per_page&quot;:&quot;100&quot;},&quot;orderby_query_args&quot;:{&quot;orderby&quot;:{&quot;date&quot;:&quot;DESC&quot;}},&quot;type&quot;:&quot;masonry&quot;,&quot;us_grid_post_type&quot;:&quot;us_portfolio&quot;,&quot;us_grid_ajax_index&quot;:1,&quot;us_grid_filter_query_string&quot;:null,&quot;us_grid_index&quot;:1,&quot;page_args&quot;:[],&quot;lang&quot;:&quot;ru&quot;}}'><\/div>\r\n\t<div class=\"l-popup\">\r\n\t<div class=\"l-popup-overlay\"><\/div>\r\n\t<div class=\"l-popup-wrap\">\r\n\t\t<button class=\"l-popup-closer\" type=\"button\" aria-label=\"\u0417\u0430\u043a\u0440\u044b\u0442\u044c\"><\/button>\r\n\t\t\t\t\t<button class=\"l-popup-arrow to_prev hidden\" type=\"button\" title=\"\u041d\u0430\u0437\u0430\u0434\"><\/button>\r\n\t\t\t<button class=\"l-popup-arrow to_next hidden\" type=\"button\" title=\"\u0414\u0430\u043b\u0435\u0435\"><\/button>\r\n\t\t\t\t<div class=\"l-popup-box\">\r\n\t\t\t<div class=\"l-popup-box-content\">\r\n\t\t\t\t<div class=\"g-preloader type_1\">\r\n\t\t\t\t\t<div><\/div>\r\n\t\t\t\t<\/div>\r\n\t\t\t\t<iframe class=\"l-popup-box-content-frame\" allowfullscreen><\/iframe>\r\n\t\t\t<\/div>\r\n\t\t<\/div>\r\n\t<\/div>\r\n<\/div>\r\n<\/div><div class=\"w-grid-none type_message\">\u0420\u0435\u0437\u0443\u043b\u044c\u0442\u0430\u0442\u043e\u0432 \u043d\u0435 \u043d\u0430\u0439\u0434\u0435\u043d\u043e.<\/div><\/div><\/div><\/div><\/div><\/div><\/section>\n","protected":false},"excerpt":{"rendered":"\u0420\u0435\u0437\u0443\u043b\u044c\u0442\u0430\u0442\u043e\u0432 \u043d\u0435 \u043d\u0430\u0439\u0434\u0435\u043d\u043e.","protected":false},"author":8,"featured_media":0,"parent":0,"menu_order":0,"comment_status":"closed","ping_status":"closed","template":"","meta":{"footnotes":""},"class_list":["post-5383","page","type-page","status-publish","hentry"],"yoast_head":"<!-- This site is optimized with the Yoast SEO plugin v27.5 - https:\/\/yoast.com\/product\/yoast-seo-wordpress\/ -->\n<title>\u0431\u044e\u043b\u043b\u0435\u0442\u0435\u043d\u044c - Yenig\u00fcn \u0441\u0442\u0440\u043e\u0438\u0442\u0435\u043b\u044c\u0441\u0442\u0432\u043e<\/title>\n<meta name=\"robots\" content=\"index, follow, max-snippet:-1, max-image-preview:large, max-video-preview:-1\" \/>\n<link rel=\"canonical\" href=\"https:\/\/www.yenigun.com.tr\/ru\/bultenler\/\" \/>\n<meta property=\"og:locale\" content=\"ru_RU\" \/>\n<meta property=\"og:type\" content=\"article\" \/>\n<meta property=\"og:title\" content=\"\u0431\u044e\u043b\u043b\u0435\u0442\u0435\u043d\u044c - Yenig\u00fcn \u0441\u0442\u0440\u043e\u0438\u0442\u0435\u043b\u044c\u0441\u0442\u0432\u043e\" \/>\n<meta property=\"og:url\" content=\"https:\/\/www.yenigun.com.tr\/ru\/bultenler\/\" \/>\n<meta property=\"og:site_name\" content=\"Yenig\u00fcn \u0441\u0442\u0440\u043e\u0438\u0442\u0435\u043b\u044c\u0441\u0442\u0432\u043e\" \/>\n<meta property=\"article:modified_time\" content=\"2019-05-03T09:50:57+00:00\" \/>\n<meta property=\"og:image\" content=\"https:\/\/www.yenigun.com.tr\/wp-content\/uploads\/2019\/11\/social-media.jpg\" \/>\n\t<meta property=\"og:image:width\" content=\"800\" \/>\n\t<meta property=\"og:image:height\" content=\"380\" \/>\n\t<meta property=\"og:image:type\" content=\"image\/jpeg\" \/>\n<meta name=\"twitter:card\" content=\"summary_large_image\" \/>\n<script type=\"application\/ld+json\" class=\"yoast-schema-graph\">{\"@context\":\"https:\\\/\\\/schema.org\",\"@graph\":[{\"@type\":\"WebPage\",\"@id\":\"https:\\\/\\\/www.yenigun.com.tr\\\/ru\\\/bultenler\\\/\",\"url\":\"https:\\\/\\\/www.yenigun.com.tr\\\/ru\\\/bultenler\\\/\",\"name\":\"\u0431\u044e\u043b\u043b\u0435\u0442\u0435\u043d\u044c - Yenig\u00fcn \u0441\u0442\u0440\u043e\u0438\u0442\u0435\u043b\u044c\u0441\u0442\u0432\u043e\",\"isPartOf\":{\"@id\":\"https:\\\/\\\/www.yenigun.com.tr\\\/#website\"},\"datePublished\":\"2018-10-11T15:40:54+00:00\",\"dateModified\":\"2019-05-03T09:50:57+00:00\",\"breadcrumb\":{\"@id\":\"https:\\\/\\\/www.yenigun.com.tr\\\/ru\\\/bultenler\\\/#breadcrumb\"},\"inLanguage\":\"ru-RU\",\"potentialAction\":[{\"@type\":\"ReadAction\",\"target\":[\"https:\\\/\\\/www.yenigun.com.tr\\\/ru\\\/bultenler\\\/\"]}]},{\"@type\":\"BreadcrumbList\",\"@id\":\"https:\\\/\\\/www.yenigun.com.tr\\\/ru\\\/bultenler\\\/#breadcrumb\",\"itemListElement\":[{\"@type\":\"ListItem\",\"position\":1,\"name\":\"Ana sayfa\",\"item\":\"https:\\\/\\\/www.yenigun.com.tr\\\/ru\\\/\"},{\"@type\":\"ListItem\",\"position\":2,\"name\":\"\u0431\u044e\u043b\u043b\u0435\u0442\u0435\u043d\u044c\"}]},{\"@type\":\"WebSite\",\"@id\":\"https:\\\/\\\/www.yenigun.com.tr\\\/#website\",\"url\":\"https:\\\/\\\/www.yenigun.com.tr\\\/\",\"name\":\"Yenig\u00fcn \u0441\u0442\u0440\u043e\u0438\u0442\u0435\u043b\u044c\u0441\u0442\u0432\u043e\",\"description\":\"T\u00fcrkiye&#039;nin G\u00fc\u00e7l\u00fc \u0130n\u015faat \u015eirketi\",\"publisher\":{\"@id\":\"https:\\\/\\\/www.yenigun.com.tr\\\/#organization\"},\"potentialAction\":[{\"@type\":\"SearchAction\",\"target\":{\"@type\":\"EntryPoint\",\"urlTemplate\":\"https:\\\/\\\/www.yenigun.com.tr\\\/?s={search_term_string}\"},\"query-input\":{\"@type\":\"PropertyValueSpecification\",\"valueRequired\":true,\"valueName\":\"search_term_string\"}}],\"inLanguage\":\"ru-RU\"},{\"@type\":\"Organization\",\"@id\":\"https:\\\/\\\/www.yenigun.com.tr\\\/#organization\",\"name\":\"Yenig\u00fcn \u0441\u0442\u0440\u043e\u0438\u0442\u0435\u043b\u044c\u0441\u0442\u0432\u043e\",\"url\":\"https:\\\/\\\/www.yenigun.com.tr\\\/\",\"logo\":{\"@type\":\"ImageObject\",\"inLanguage\":\"ru-RU\",\"@id\":\"https:\\\/\\\/www.yenigun.com.tr\\\/#\\\/schema\\\/logo\\\/image\\\/\",\"url\":\"https:\\\/\\\/www.yenigun.com.tr\\\/wp-content\\\/uploads\\\/2018\\\/11\\\/yenigun-logo.png\",\"contentUrl\":\"https:\\\/\\\/www.yenigun.com.tr\\\/wp-content\\\/uploads\\\/2018\\\/11\\\/yenigun-logo.png\",\"width\":548,\"height\":135,\"caption\":\"Yenig\u00fcn \u0441\u0442\u0440\u043e\u0438\u0442\u0435\u043b\u044c\u0441\u0442\u0432\u043e\"},\"image\":{\"@id\":\"https:\\\/\\\/www.yenigun.com.tr\\\/#\\\/schema\\\/logo\\\/image\\\/\"}}]}<\/script>\n<!-- \/ Yoast SEO plugin. -->","yoast_head_json":{"title":"\u0431\u044e\u043b\u043b\u0435\u0442\u0435\u043d\u044c - Yenig\u00fcn \u0441\u0442\u0440\u043e\u0438\u0442\u0435\u043b\u044c\u0441\u0442\u0432\u043e","robots":{"index":"index","follow":"follow","max-snippet":"max-snippet:-1","max-image-preview":"max-image-preview:large","max-video-preview":"max-video-preview:-1"},"canonical":"https:\/\/www.yenigun.com.tr\/ru\/bultenler\/","og_locale":"ru_RU","og_type":"article","og_title":"\u0431\u044e\u043b\u043b\u0435\u0442\u0435\u043d\u044c - Yenig\u00fcn \u0441\u0442\u0440\u043e\u0438\u0442\u0435\u043b\u044c\u0441\u0442\u0432\u043e","og_url":"https:\/\/www.yenigun.com.tr\/ru\/bultenler\/","og_site_name":"Yenig\u00fcn \u0441\u0442\u0440\u043e\u0438\u0442\u0435\u043b\u044c\u0441\u0442\u0432\u043e","article_modified_time":"2019-05-03T09:50:57+00:00","og_image":[{"width":800,"height":380,"url":"https:\/\/www.yenigun.com.tr\/wp-content\/uploads\/2019\/11\/social-media.jpg","type":"image\/jpeg"}],"twitter_card":"summary_large_image","schema":{"@context":"https:\/\/schema.org","@graph":[{"@type":"WebPage","@id":"https:\/\/www.yenigun.com.tr\/ru\/bultenler\/","url":"https:\/\/www.yenigun.com.tr\/ru\/bultenler\/","name":"\u0431\u044e\u043b\u043b\u0435\u0442\u0435\u043d\u044c - Yenig\u00fcn \u0441\u0442\u0440\u043e\u0438\u0442\u0435\u043b\u044c\u0441\u0442\u0432\u043e","isPartOf":{"@id":"https:\/\/www.yenigun.com.tr\/#website"},"datePublished":"2018-10-11T15:40:54+00:00","dateModified":"2019-05-03T09:50:57+00:00","breadcrumb":{"@id":"https:\/\/www.yenigun.com.tr\/ru\/bultenler\/#breadcrumb"},"inLanguage":"ru-RU","potentialAction":[{"@type":"ReadAction","target":["https:\/\/www.yenigun.com.tr\/ru\/bultenler\/"]}]},{"@type":"BreadcrumbList","@id":"https:\/\/www.yenigun.com.tr\/ru\/bultenler\/#breadcrumb","itemListElement":[{"@type":"ListItem","position":1,"name":"Ana sayfa","item":"https:\/\/www.yenigun.com.tr\/ru\/"},{"@type":"ListItem","position":2,"name":"\u0431\u044e\u043b\u043b\u0435\u0442\u0435\u043d\u044c"}]},{"@type":"WebSite","@id":"https:\/\/www.yenigun.com.tr\/#website","url":"https:\/\/www.yenigun.com.tr\/","name":"Yenig\u00fcn \u0441\u0442\u0440\u043e\u0438\u0442\u0435\u043b\u044c\u0441\u0442\u0432\u043e","description":"T\u00fcrkiye&#039;nin G\u00fc\u00e7l\u00fc \u0130n\u015faat \u015eirketi","publisher":{"@id":"https:\/\/www.yenigun.com.tr\/#organization"},"potentialAction":[{"@type":"SearchAction","target":{"@type":"EntryPoint","urlTemplate":"https:\/\/www.yenigun.com.tr\/?s={search_term_string}"},"query-input":{"@type":"PropertyValueSpecification","valueRequired":true,"valueName":"search_term_string"}}],"inLanguage":"ru-RU"},{"@type":"Organization","@id":"https:\/\/www.yenigun.com.tr\/#organization","name":"Yenig\u00fcn \u0441\u0442\u0440\u043e\u0438\u0442\u0435\u043b\u044c\u0441\u0442\u0432\u043e","url":"https:\/\/www.yenigun.com.tr\/","logo":{"@type":"ImageObject","inLanguage":"ru-RU","@id":"https:\/\/www.yenigun.com.tr\/#\/schema\/logo\/image\/","url":"https:\/\/www.yenigun.com.tr\/wp-content\/uploads\/2018\/11\/yenigun-logo.png","contentUrl":"https:\/\/www.yenigun.com.tr\/wp-content\/uploads\/2018\/11\/yenigun-logo.png","width":548,"height":135,"caption":"Yenig\u00fcn \u0441\u0442\u0440\u043e\u0438\u0442\u0435\u043b\u044c\u0441\u0442\u0432\u043e"},"image":{"@id":"https:\/\/www.yenigun.com.tr\/#\/schema\/logo\/image\/"}}]}},"_links":{"self":[{"href":"https:\/\/www.yenigun.com.tr\/ru\/wp-json\/wp\/v2\/pages\/5383","targetHints":{"allow":["GET"]}}],"collection":[{"href":"https:\/\/www.yenigun.com.tr\/ru\/wp-json\/wp\/v2\/pages"}],"about":[{"href":"https:\/\/www.yenigun.com.tr\/ru\/wp-json\/wp\/v2\/types\/page"}],"author":[{"embeddable":true,"href":"https:\/\/www.yenigun.com.tr\/ru\/wp-json\/wp\/v2\/users\/8"}],"replies":[{"embeddable":true,"href":"https:\/\/www.yenigun.com.tr\/ru\/wp-json\/wp\/v2\/comments?post=5383"}],"version-history":[{"count":0,"href":"https:\/\/www.yenigun.com.tr\/ru\/wp-json\/wp\/v2\/pages\/5383\/revisions"}],"wp:attachment":[{"href":"https:\/\/www.yenigun.com.tr\/ru\/wp-json\/wp\/v2\/media?parent=5383"}],"curies":[{"name":"wp","href":"https:\/\/api.w.org\/{rel}","templated":true}]}}