{"id":4931,"date":"2019-03-13T19:20:06","date_gmt":"2019-03-13T16:20:06","guid":{"rendered":"http:\/\/www.yenigun.com.tr\/sosyal-sorumluluk\/"},"modified":"2019-04-18T19:17:54","modified_gmt":"2019-04-18T16:17:54","slug":"sosyal-sorumluluk","status":"publish","type":"page","link":"https:\/\/www.yenigun.com.tr\/fr\/sosyal-sorumluluk\/","title":{"rendered":"Responsabilit\u00e9 Sociale"},"content":{"rendered":"<section class=\"l-section wpb_row height_medium\"><div class=\"l-section-h i-cf\"><div class=\"g-cols vc_row via_flex valign_top type_default stacking_default\"><div class=\"vc_col-sm-8 wpb_column vc_column_container\"><div class=\"vc_column-inner\"><div class=\"wpb_wrapper\"><div class=\"wpb_text_column\"><div class=\"wpb_wrapper\"><p><span style=\"font-weight: 400;\">L&rsquo;Association Yeni G\u00fcn (Nouveau Jour) a \u00e9t\u00e9 fond\u00e9e en 2015 \u00e0 Ankara dans le but de soutenir et de r\u00e9pandre le d\u00e9veloppement durable dans l&rsquo;ensemble de la Turquie, de d\u00e9velopper la soci\u00e9t\u00e9 civile dans le pays, de soutenir les droits et responsabilit\u00e9s de l&rsquo;homme, l&rsquo;\u00e9ducation et l&#8217;emploi, de renforcer la sant\u00e9 publique, de soutenir la formation des g\u00e9n\u00e9rations en bonne sant\u00e9, de promouvoir la culture, l&rsquo;art et le tourisme et de contribuer \u00e0 la protection environnementale.<\/span><\/p>\n<p><span style=\"font-weight: 400;\">A cette fin, l&rsquo;association :<\/span><\/p>\n<ul>\n<li><b>R\u00e9alise des travaux pour le renforcement de la soci\u00e9t\u00e9 civile. <span style=\"font-weight: 400;\">Elle vise \u00e0 d\u00e9velopper la participation civile aux processus de prises de d\u00e9cision dans le but de renforcer le dialogue civil et d\u2019assurer le fonctionnement plus efficace des organisations non-gouvernementales (ONG).<\/span><\/b><\/li>\n<li style=\"font-weight: 400;\"><b>R\u00e9alise des travaux pour renforcer le sujet des droits de l\u2019homme. <\/b><span style=\"font-weight: 400;\">Elle m\u00e8ne des travaux relatifs au renforcement de la sensibilisation publique dans l\u2019ensemble de la soci\u00e9t\u00e9, n\u00e9cessaire pour la d\u00e9fense de tout type de droits de l\u2019homme y compris les droits des femmes, enfants et handicap\u00e9s.<\/span><\/li>\n<li style=\"font-weight: 400;\"><b>R\u00e9alise des travaux pour soutenir l\u2019\u00e9ducation et l\u2019emploi. <\/b><span style=\"font-weight: 400;\">Elle m\u00e8ne des travaux susceptibles de renforcer le taux de scolarisation des enfants et jeunes dont notamment les filles, de renforcer les talents et comp\u00e9tences professionnelles de la main d\u2019\u0153uvre dont notamment des filles, femmes et handicap\u00e9s, de renforcer l\u2019\u00e9galit\u00e9 des sexes dans la soci\u00e9t\u00e9 et la participation des femmes et handicap\u00e9s \u00e0 la vie sociale, \u00e9conomique et politique, de soutenir tout type d\u2019\u00e9ducation, d\u2019entreprenariat et d\u2019emploi.<\/span><\/li>\n<li style=\"font-weight: 400;\"><b>R\u00e9alise des travaux pour renforcer la sant\u00e9 publique et contribuer \u00e0 former des g\u00e9n\u00e9rations en bonne sant\u00e9.<\/b><span style=\"font-weight: 400;\"> Elle m\u00e8ne diff\u00e9rents travaux dans le but d\u2019\u00e9lever le niveau de sensibilisation et d\u2019informations de l\u2019ensemble de la soci\u00e9t\u00e9 \u00e0 commencer par les parents et professeurs sur la sant\u00e9 publique dont notamment la sant\u00e9 des femmes et pour la formation de g\u00e9n\u00e9rations en bonne sant\u00e9 et de faciliter l\u2019acc\u00e8s aux services m\u00e9dicaux de protection et de soutien des b\u00e9b\u00e9s, enfants et jeunes en particulier. <\/span><\/li>\n<li style=\"font-weight: 400;\"><b>R\u00e9alise des travaux pour promouvoir la culture, l\u2019art et le tourisme.<\/b><span style=\"font-weight: 400;\"> Elle m\u00e8ne des activit\u00e9s de pr\u00e9sentation et de soutien, susceptibles de contribuer \u00e0 prot\u00e9ger les valeurs et actifs culturels et historiques de notre pays, et \u00e0 pr\u00e9senter le pays \u00e0 l\u2019\u00e9chelle nationale \/ internationale, de soutenir les activit\u00e9s artistiques et d\u2019augmenter les revenus du tourisme. <\/span><\/li>\n<li style=\"font-weight: 400;\"><b>R\u00e9alise des travaux pour la protection environnementale et le d\u00e9veloppement de la conscience environnementale. <\/b><span style=\"font-weight: 400;\">Elle m\u00e8ne des travaux qui visent \u00e0 pr\u00e9venir la pollution environnementale dans le pays et relatifs \u00e0 la protection environnementale et au d\u00e9veloppement de la conscience sur la protection environnementale parmi les jeunes et enfants en particulier.<\/span><\/li>\n<\/ul>\n<p><span style=\"font-weight: 400;\">Toute personne ayant atteint l&rsquo;\u00e2ge de 18 ans, ayant la comp\u00e9tence de b\u00e9n\u00e9ficier des droits civils, n&rsquo;ayant pas d&rsquo;interdiction et d&rsquo;handicap conform\u00e9ment \u00e0 la l\u00e9gislation des associations, ayant adopt\u00e9 l&rsquo;objet et les modalit\u00e9s de l&rsquo;association peut demander \u00e0 devenir membre de l&rsquo;Association Yeni G\u00fcn.<\/span><\/p>\n<\/div><\/div><\/div><\/div><\/div><div class=\"vc_col-sm-4 wpb_column vc_column_container\"><div class=\"vc_column-inner\"><div class=\"wpb_wrapper\"><div class=\"w-image align_center\"><a target=\" _blank\" rel=\"nofollow\" href=\"http:\/\/www.yenigun.org.tr\" aria-label=\"Screen Shot 2019-03-19 at 10.25.59\" class=\"w-image-h\"><img decoding=\"async\" width=\"300\" height=\"267\" src=\"https:\/\/www.yenigun.com.tr\/wp-content\/uploads\/2019\/03\/Screen-Shot-2019-03-19-at-10.25.59-300x267.png\" class=\"attachment-medium size-medium\" alt=\"\" loading=\"lazy\" srcset=\"https:\/\/www.yenigun.com.tr\/wp-content\/uploads\/2019\/03\/Screen-Shot-2019-03-19-at-10.25.59-300x267.png 300w, https:\/\/www.yenigun.com.tr\/wp-content\/uploads\/2019\/03\/Screen-Shot-2019-03-19-at-10.25.59.png 769w\" sizes=\"auto, (max-width: 300px) 100vw, 300px\" \/><\/a><\/div><div class=\"wpb_text_column\"><div class=\"wpb_wrapper\"><p style=\"text-align: center;\"><a href=\"http:\/\/www.yenigun.org.tr\" target=\"_blank\" rel=\"noopener noreferrer\">www.yenigun.org.tr<\/a><\/p>\n<\/div><\/div><\/div><\/div><\/div><\/div><\/div><\/section>\n","protected":false},"excerpt":{"rendered":"L&rsquo;Association Yeni G\u00fcn (Nouveau Jour) a \u00e9t\u00e9 fond\u00e9e en 2015 \u00e0 Ankara dans le but de soutenir et de r\u00e9pandre le d\u00e9veloppement durable dans l&rsquo;ensemble de la Turquie, de d\u00e9velopper la soci\u00e9t\u00e9 civile dans le pays, de soutenir les droits et responsabilit\u00e9s de l&rsquo;homme, l&rsquo;\u00e9ducation et l&#8217;emploi, de renforcer la sant\u00e9 publique, de soutenir la...","protected":false},"author":8,"featured_media":0,"parent":0,"menu_order":0,"comment_status":"closed","ping_status":"closed","template":"","meta":{"footnotes":""},"class_list":["post-4931","page","type-page","status-publish","hentry"],"yoast_head":"<!-- This site is optimized with the Yoast SEO plugin v27.4 - https:\/\/yoast.com\/product\/yoast-seo-wordpress\/ -->\n<title>Responsabilit\u00e9 Sociale - Yenig\u00fcn Construction<\/title>\n<meta name=\"robots\" content=\"index, follow, max-snippet:-1, max-image-preview:large, max-video-preview:-1\" \/>\n<link rel=\"canonical\" href=\"https:\/\/www.yenigun.com.tr\/fr\/sosyal-sorumluluk\/\" \/>\n<meta property=\"og:locale\" content=\"fr_FR\" \/>\n<meta property=\"og:type\" content=\"article\" \/>\n<meta property=\"og:title\" content=\"Responsabilit\u00e9 Sociale - Yenig\u00fcn Construction\" \/>\n<meta property=\"og:url\" content=\"https:\/\/www.yenigun.com.tr\/fr\/sosyal-sorumluluk\/\" \/>\n<meta property=\"og:site_name\" content=\"Yenig\u00fcn Construction\" \/>\n<meta property=\"article:modified_time\" content=\"2019-04-18T16:17:54+00:00\" \/>\n<meta property=\"og:image\" content=\"https:\/\/www.yenigun.com.tr\/wp-content\/uploads\/2019\/11\/social-media.jpg\" \/>\n\t<meta property=\"og:image:width\" content=\"800\" \/>\n\t<meta property=\"og:image:height\" content=\"380\" \/>\n\t<meta property=\"og:image:type\" content=\"image\/jpeg\" \/>\n<meta name=\"twitter:card\" content=\"summary_large_image\" \/>\n<meta name=\"twitter:label1\" content=\"Dur\u00e9e de lecture estim\u00e9e\" \/>\n\t<meta name=\"twitter:data1\" content=\"3 minutes\" \/>\n<script type=\"application\/ld+json\" class=\"yoast-schema-graph\">{\"@context\":\"https:\\\/\\\/schema.org\",\"@graph\":[{\"@type\":\"WebPage\",\"@id\":\"https:\\\/\\\/www.yenigun.com.tr\\\/fr\\\/sosyal-sorumluluk\\\/\",\"url\":\"https:\\\/\\\/www.yenigun.com.tr\\\/fr\\\/sosyal-sorumluluk\\\/\",\"name\":\"Responsabilit\u00e9 Sociale - Yenig\u00fcn Construction\",\"isPartOf\":{\"@id\":\"https:\\\/\\\/www.yenigun.com.tr\\\/#website\"},\"datePublished\":\"2019-03-13T16:20:06+00:00\",\"dateModified\":\"2019-04-18T16:17:54+00:00\",\"breadcrumb\":{\"@id\":\"https:\\\/\\\/www.yenigun.com.tr\\\/fr\\\/sosyal-sorumluluk\\\/#breadcrumb\"},\"inLanguage\":\"fr-FR\",\"potentialAction\":[{\"@type\":\"ReadAction\",\"target\":[\"https:\\\/\\\/www.yenigun.com.tr\\\/fr\\\/sosyal-sorumluluk\\\/\"]}]},{\"@type\":\"BreadcrumbList\",\"@id\":\"https:\\\/\\\/www.yenigun.com.tr\\\/fr\\\/sosyal-sorumluluk\\\/#breadcrumb\",\"itemListElement\":[{\"@type\":\"ListItem\",\"position\":1,\"name\":\"Ana sayfa\",\"item\":\"https:\\\/\\\/www.yenigun.com.tr\\\/fr\\\/\"},{\"@type\":\"ListItem\",\"position\":2,\"name\":\"Responsabilit\u00e9 Sociale\"}]},{\"@type\":\"WebSite\",\"@id\":\"https:\\\/\\\/www.yenigun.com.tr\\\/#website\",\"url\":\"https:\\\/\\\/www.yenigun.com.tr\\\/\",\"name\":\"Yenig\u00fcn Construction\",\"description\":\"T\u00fcrkiye&#039;nin G\u00fc\u00e7l\u00fc \u0130n\u015faat \u015eirketi\",\"publisher\":{\"@id\":\"https:\\\/\\\/www.yenigun.com.tr\\\/#organization\"},\"potentialAction\":[{\"@type\":\"SearchAction\",\"target\":{\"@type\":\"EntryPoint\",\"urlTemplate\":\"https:\\\/\\\/www.yenigun.com.tr\\\/?s={search_term_string}\"},\"query-input\":{\"@type\":\"PropertyValueSpecification\",\"valueRequired\":true,\"valueName\":\"search_term_string\"}}],\"inLanguage\":\"fr-FR\"},{\"@type\":\"Organization\",\"@id\":\"https:\\\/\\\/www.yenigun.com.tr\\\/#organization\",\"name\":\"Yenig\u00fcn Construction\",\"url\":\"https:\\\/\\\/www.yenigun.com.tr\\\/\",\"logo\":{\"@type\":\"ImageObject\",\"inLanguage\":\"fr-FR\",\"@id\":\"https:\\\/\\\/www.yenigun.com.tr\\\/#\\\/schema\\\/logo\\\/image\\\/\",\"url\":\"https:\\\/\\\/www.yenigun.com.tr\\\/wp-content\\\/uploads\\\/2018\\\/11\\\/yenigun-logo.png\",\"contentUrl\":\"https:\\\/\\\/www.yenigun.com.tr\\\/wp-content\\\/uploads\\\/2018\\\/11\\\/yenigun-logo.png\",\"width\":548,\"height\":135,\"caption\":\"Yenig\u00fcn Construction\"},\"image\":{\"@id\":\"https:\\\/\\\/www.yenigun.com.tr\\\/#\\\/schema\\\/logo\\\/image\\\/\"}}]}<\/script>\n<!-- \/ Yoast SEO plugin. -->","yoast_head_json":{"title":"Responsabilit\u00e9 Sociale - Yenig\u00fcn Construction","robots":{"index":"index","follow":"follow","max-snippet":"max-snippet:-1","max-image-preview":"max-image-preview:large","max-video-preview":"max-video-preview:-1"},"canonical":"https:\/\/www.yenigun.com.tr\/fr\/sosyal-sorumluluk\/","og_locale":"fr_FR","og_type":"article","og_title":"Responsabilit\u00e9 Sociale - Yenig\u00fcn Construction","og_url":"https:\/\/www.yenigun.com.tr\/fr\/sosyal-sorumluluk\/","og_site_name":"Yenig\u00fcn Construction","article_modified_time":"2019-04-18T16:17:54+00:00","og_image":[{"width":800,"height":380,"url":"https:\/\/www.yenigun.com.tr\/wp-content\/uploads\/2019\/11\/social-media.jpg","type":"image\/jpeg"}],"twitter_card":"summary_large_image","twitter_misc":{"Dur\u00e9e de lecture estim\u00e9e":"3 minutes"},"schema":{"@context":"https:\/\/schema.org","@graph":[{"@type":"WebPage","@id":"https:\/\/www.yenigun.com.tr\/fr\/sosyal-sorumluluk\/","url":"https:\/\/www.yenigun.com.tr\/fr\/sosyal-sorumluluk\/","name":"Responsabilit\u00e9 Sociale - Yenig\u00fcn Construction","isPartOf":{"@id":"https:\/\/www.yenigun.com.tr\/#website"},"datePublished":"2019-03-13T16:20:06+00:00","dateModified":"2019-04-18T16:17:54+00:00","breadcrumb":{"@id":"https:\/\/www.yenigun.com.tr\/fr\/sosyal-sorumluluk\/#breadcrumb"},"inLanguage":"fr-FR","potentialAction":[{"@type":"ReadAction","target":["https:\/\/www.yenigun.com.tr\/fr\/sosyal-sorumluluk\/"]}]},{"@type":"BreadcrumbList","@id":"https:\/\/www.yenigun.com.tr\/fr\/sosyal-sorumluluk\/#breadcrumb","itemListElement":[{"@type":"ListItem","position":1,"name":"Ana sayfa","item":"https:\/\/www.yenigun.com.tr\/fr\/"},{"@type":"ListItem","position":2,"name":"Responsabilit\u00e9 Sociale"}]},{"@type":"WebSite","@id":"https:\/\/www.yenigun.com.tr\/#website","url":"https:\/\/www.yenigun.com.tr\/","name":"Yenig\u00fcn Construction","description":"T\u00fcrkiye&#039;nin G\u00fc\u00e7l\u00fc \u0130n\u015faat \u015eirketi","publisher":{"@id":"https:\/\/www.yenigun.com.tr\/#organization"},"potentialAction":[{"@type":"SearchAction","target":{"@type":"EntryPoint","urlTemplate":"https:\/\/www.yenigun.com.tr\/?s={search_term_string}"},"query-input":{"@type":"PropertyValueSpecification","valueRequired":true,"valueName":"search_term_string"}}],"inLanguage":"fr-FR"},{"@type":"Organization","@id":"https:\/\/www.yenigun.com.tr\/#organization","name":"Yenig\u00fcn Construction","url":"https:\/\/www.yenigun.com.tr\/","logo":{"@type":"ImageObject","inLanguage":"fr-FR","@id":"https:\/\/www.yenigun.com.tr\/#\/schema\/logo\/image\/","url":"https:\/\/www.yenigun.com.tr\/wp-content\/uploads\/2018\/11\/yenigun-logo.png","contentUrl":"https:\/\/www.yenigun.com.tr\/wp-content\/uploads\/2018\/11\/yenigun-logo.png","width":548,"height":135,"caption":"Yenig\u00fcn Construction"},"image":{"@id":"https:\/\/www.yenigun.com.tr\/#\/schema\/logo\/image\/"}}]}},"_links":{"self":[{"href":"https:\/\/www.yenigun.com.tr\/fr\/wp-json\/wp\/v2\/pages\/4931","targetHints":{"allow":["GET"]}}],"collection":[{"href":"https:\/\/www.yenigun.com.tr\/fr\/wp-json\/wp\/v2\/pages"}],"about":[{"href":"https:\/\/www.yenigun.com.tr\/fr\/wp-json\/wp\/v2\/types\/page"}],"author":[{"embeddable":true,"href":"https:\/\/www.yenigun.com.tr\/fr\/wp-json\/wp\/v2\/users\/8"}],"replies":[{"embeddable":true,"href":"https:\/\/www.yenigun.com.tr\/fr\/wp-json\/wp\/v2\/comments?post=4931"}],"version-history":[{"count":0,"href":"https:\/\/www.yenigun.com.tr\/fr\/wp-json\/wp\/v2\/pages\/4931\/revisions"}],"wp:attachment":[{"href":"https:\/\/www.yenigun.com.tr\/fr\/wp-json\/wp\/v2\/media?parent=4931"}],"curies":[{"name":"wp","href":"https:\/\/api.w.org\/{rel}","templated":true}]}}