{"id":4923,"date":"2018-10-11T18:38:50","date_gmt":"2018-10-11T15:38:50","guid":{"rendered":"http:\/\/www.yenigun.com.tr\/quality-hse-policy\/"},"modified":"2019-04-18T19:15:09","modified_gmt":"2019-04-18T16:15:09","slug":"quality-hse-policy","status":"publish","type":"page","link":"https:\/\/www.yenigun.com.tr\/fr\/quality-hse-policy\/","title":{"rendered":"Qualite &#038; SST &#8211; Politique Environnementale"},"content":{"rendered":"<section class=\"l-section wpb_row height_medium\"><div class=\"l-section-h i-cf\"><div class=\"g-cols vc_row via_flex valign_top type_default stacking_default\"><div class=\"vc_col-sm-8 wpb_column vc_column_container\"><div class=\"vc_column-inner\"><div class=\"wpb_wrapper\"><div class=\"wpb_text_column\"><div class=\"wpb_wrapper\"><div class=\"sayfafullic\">\n<div class=\"sayfa\">\n<div class=\"icsayfa\">\n<div class=\"icerikyazi\">\n<p>Dans tous nos travaux destin\u00e9s \u00e0 la r\u00e9alisation de notre objectif de \u00ab\u00a0devenir une soci\u00e9t\u00e9 respectable et permanente\u00a0\u00bb;<\/p>\n<ul>\n<li>Augmenter la satisfaction des Ma\u00eetre d\u2019Ouvrages en achevant int\u00e9gralement et \u00e0 temps les travaux que nous sommes responsables d&rsquo;ex\u00e9cuter par l&rsquo;utilisation de mat\u00e9riels et de la main d&rsquo;\u0153uvre appropri\u00e9s,<\/li>\n<li>Respecter toutes les obligations juridiques nationales et internationales ainsi que les r\u00e8gles \u00e9thiques,<\/li>\n<li>Cr\u00e9er un environnement de travail sain et s\u00e9curitaire o\u00f9 tous les membres de notre \u00e9quipe d\u00e9veloppe constamment leurs niveaux de vie, leur satisfaction professionnelle augmente et leurs succ\u00e8s se partagent;<\/li>\n<li>Adopter une politique de \u00ab\u00a0z\u00e9ro\u00a0\u00bb accident de travail dans les domaines de la sant\u00e9 et de la s\u00e9curit\u00e9 au travail<\/li>\n<li>Continuer \u00e0 \u00eatre un ami de l&rsquo;environnement par la r\u00e9utilisation des d\u00e9chets, la protection et la non pollution de l&rsquo;environnement par l&rsquo;utilisation efficace des ressources,<\/li>\n<li>Augmenter nos connaissances et exp\u00e9riences par le suivi des d\u00e9veloppements technologiques.<\/li>\n<\/ul>\n<p>Dans tous nos processus, mettre constamment en \u0153uvre les activit\u00e9s d&rsquo;am\u00e9lioration et de d\u00e9veloppement fait partie de nos principes indispensables.<\/p>\n<p>\u00catre un membre de l&rsquo;\u00e9quipe de Yenig\u00fcn est de remplir les responsabilit\u00e9s assum\u00e9es en conformit\u00e9 avec ces principes.<\/p>\n<\/div>\n<\/div>\n<\/div>\n<\/div>\n<div class=\"footer\">\n<p class=\"footeralan\">\n<\/div>\n<\/div><\/div><\/div><\/div><\/div><div class=\"vc_col-sm-4 wpb_column vc_column_container\"><div class=\"vc_column-inner\"><div class=\"wpb_wrapper\"><div class=\"w-image align_none\"><div class=\"w-image-h\"><img decoding=\"async\" width=\"377\" height=\"321\" src=\"https:\/\/www.yenigun.com.tr\/wp-content\/uploads\/2019\/01\/kadikoy4.jpg\" class=\"attachment-large size-large\" alt=\"\" loading=\"lazy\" srcset=\"https:\/\/www.yenigun.com.tr\/wp-content\/uploads\/2019\/01\/kadikoy4.jpg 377w, https:\/\/www.yenigun.com.tr\/wp-content\/uploads\/2019\/01\/kadikoy4-300x255.jpg 300w\" sizes=\"auto, (max-width: 377px) 100vw, 377px\" \/><\/div><\/div><\/div><\/div><\/div><\/div><\/div><\/section>\n","protected":false},"excerpt":{"rendered":"Dans tous nos travaux destin\u00e9s \u00e0 la r\u00e9alisation de notre objectif de \u00ab\u00a0devenir une soci\u00e9t\u00e9 respectable et permanente\u00a0\u00bb; Augmenter la satisfaction des Ma\u00eetre d\u2019Ouvrages en achevant int\u00e9gralement et \u00e0 temps les travaux que nous sommes responsables d&rsquo;ex\u00e9cuter par l&rsquo;utilisation de mat\u00e9riels et de la main d&rsquo;\u0153uvre appropri\u00e9s, Respecter toutes les obligations juridiques nationales et internationales...","protected":false},"author":8,"featured_media":0,"parent":0,"menu_order":0,"comment_status":"closed","ping_status":"closed","template":"","meta":{"footnotes":""},"class_list":["post-4923","page","type-page","status-publish","hentry"],"yoast_head":"<!-- This site is optimized with the Yoast SEO plugin v27.4 - https:\/\/yoast.com\/product\/yoast-seo-wordpress\/ -->\n<title>Qualite &amp; SST - Politique Environnementale - Yenig\u00fcn Construction<\/title>\n<meta name=\"robots\" content=\"index, follow, max-snippet:-1, max-image-preview:large, max-video-preview:-1\" \/>\n<link rel=\"canonical\" href=\"https:\/\/www.yenigun.com.tr\/fr\/quality-hse-policy\/\" \/>\n<meta property=\"og:locale\" content=\"fr_FR\" \/>\n<meta property=\"og:type\" content=\"article\" \/>\n<meta property=\"og:title\" content=\"Qualite &amp; SST - Politique Environnementale - Yenig\u00fcn Construction\" \/>\n<meta property=\"og:url\" content=\"https:\/\/www.yenigun.com.tr\/fr\/quality-hse-policy\/\" \/>\n<meta property=\"og:site_name\" content=\"Yenig\u00fcn Construction\" \/>\n<meta property=\"article:modified_time\" content=\"2019-04-18T16:15:09+00:00\" \/>\n<meta property=\"og:image\" content=\"https:\/\/www.yenigun.com.tr\/wp-content\/uploads\/2019\/11\/social-media.jpg\" \/>\n\t<meta property=\"og:image:width\" content=\"800\" \/>\n\t<meta property=\"og:image:height\" content=\"380\" \/>\n\t<meta property=\"og:image:type\" content=\"image\/jpeg\" \/>\n<meta name=\"twitter:card\" content=\"summary_large_image\" \/>\n<meta name=\"twitter:label1\" content=\"Dur\u00e9e de lecture estim\u00e9e\" \/>\n\t<meta name=\"twitter:data1\" content=\"1 minute\" \/>\n<script type=\"application\/ld+json\" class=\"yoast-schema-graph\">{\"@context\":\"https:\\\/\\\/schema.org\",\"@graph\":[{\"@type\":\"WebPage\",\"@id\":\"https:\\\/\\\/www.yenigun.com.tr\\\/fr\\\/quality-hse-policy\\\/\",\"url\":\"https:\\\/\\\/www.yenigun.com.tr\\\/fr\\\/quality-hse-policy\\\/\",\"name\":\"Qualite & SST - Politique Environnementale - Yenig\u00fcn Construction\",\"isPartOf\":{\"@id\":\"https:\\\/\\\/www.yenigun.com.tr\\\/#website\"},\"datePublished\":\"2018-10-11T15:38:50+00:00\",\"dateModified\":\"2019-04-18T16:15:09+00:00\",\"breadcrumb\":{\"@id\":\"https:\\\/\\\/www.yenigun.com.tr\\\/fr\\\/quality-hse-policy\\\/#breadcrumb\"},\"inLanguage\":\"fr-FR\",\"potentialAction\":[{\"@type\":\"ReadAction\",\"target\":[\"https:\\\/\\\/www.yenigun.com.tr\\\/fr\\\/quality-hse-policy\\\/\"]}]},{\"@type\":\"BreadcrumbList\",\"@id\":\"https:\\\/\\\/www.yenigun.com.tr\\\/fr\\\/quality-hse-policy\\\/#breadcrumb\",\"itemListElement\":[{\"@type\":\"ListItem\",\"position\":1,\"name\":\"Ana sayfa\",\"item\":\"https:\\\/\\\/www.yenigun.com.tr\\\/fr\\\/\"},{\"@type\":\"ListItem\",\"position\":2,\"name\":\"Qualite &#038; SST &#8211; Politique Environnementale\"}]},{\"@type\":\"WebSite\",\"@id\":\"https:\\\/\\\/www.yenigun.com.tr\\\/#website\",\"url\":\"https:\\\/\\\/www.yenigun.com.tr\\\/\",\"name\":\"Yenig\u00fcn Construction\",\"description\":\"T\u00fcrkiye&#039;nin G\u00fc\u00e7l\u00fc \u0130n\u015faat \u015eirketi\",\"publisher\":{\"@id\":\"https:\\\/\\\/www.yenigun.com.tr\\\/#organization\"},\"potentialAction\":[{\"@type\":\"SearchAction\",\"target\":{\"@type\":\"EntryPoint\",\"urlTemplate\":\"https:\\\/\\\/www.yenigun.com.tr\\\/?s={search_term_string}\"},\"query-input\":{\"@type\":\"PropertyValueSpecification\",\"valueRequired\":true,\"valueName\":\"search_term_string\"}}],\"inLanguage\":\"fr-FR\"},{\"@type\":\"Organization\",\"@id\":\"https:\\\/\\\/www.yenigun.com.tr\\\/#organization\",\"name\":\"Yenig\u00fcn Construction\",\"url\":\"https:\\\/\\\/www.yenigun.com.tr\\\/\",\"logo\":{\"@type\":\"ImageObject\",\"inLanguage\":\"fr-FR\",\"@id\":\"https:\\\/\\\/www.yenigun.com.tr\\\/#\\\/schema\\\/logo\\\/image\\\/\",\"url\":\"https:\\\/\\\/www.yenigun.com.tr\\\/wp-content\\\/uploads\\\/2018\\\/11\\\/yenigun-logo.png\",\"contentUrl\":\"https:\\\/\\\/www.yenigun.com.tr\\\/wp-content\\\/uploads\\\/2018\\\/11\\\/yenigun-logo.png\",\"width\":548,\"height\":135,\"caption\":\"Yenig\u00fcn Construction\"},\"image\":{\"@id\":\"https:\\\/\\\/www.yenigun.com.tr\\\/#\\\/schema\\\/logo\\\/image\\\/\"}}]}<\/script>\n<!-- \/ Yoast SEO plugin. -->","yoast_head_json":{"title":"Qualite & SST - Politique Environnementale - Yenig\u00fcn Construction","robots":{"index":"index","follow":"follow","max-snippet":"max-snippet:-1","max-image-preview":"max-image-preview:large","max-video-preview":"max-video-preview:-1"},"canonical":"https:\/\/www.yenigun.com.tr\/fr\/quality-hse-policy\/","og_locale":"fr_FR","og_type":"article","og_title":"Qualite & SST - Politique Environnementale - Yenig\u00fcn Construction","og_url":"https:\/\/www.yenigun.com.tr\/fr\/quality-hse-policy\/","og_site_name":"Yenig\u00fcn Construction","article_modified_time":"2019-04-18T16:15:09+00:00","og_image":[{"width":800,"height":380,"url":"https:\/\/www.yenigun.com.tr\/wp-content\/uploads\/2019\/11\/social-media.jpg","type":"image\/jpeg"}],"twitter_card":"summary_large_image","twitter_misc":{"Dur\u00e9e de lecture estim\u00e9e":"1 minute"},"schema":{"@context":"https:\/\/schema.org","@graph":[{"@type":"WebPage","@id":"https:\/\/www.yenigun.com.tr\/fr\/quality-hse-policy\/","url":"https:\/\/www.yenigun.com.tr\/fr\/quality-hse-policy\/","name":"Qualite & SST - Politique Environnementale - Yenig\u00fcn Construction","isPartOf":{"@id":"https:\/\/www.yenigun.com.tr\/#website"},"datePublished":"2018-10-11T15:38:50+00:00","dateModified":"2019-04-18T16:15:09+00:00","breadcrumb":{"@id":"https:\/\/www.yenigun.com.tr\/fr\/quality-hse-policy\/#breadcrumb"},"inLanguage":"fr-FR","potentialAction":[{"@type":"ReadAction","target":["https:\/\/www.yenigun.com.tr\/fr\/quality-hse-policy\/"]}]},{"@type":"BreadcrumbList","@id":"https:\/\/www.yenigun.com.tr\/fr\/quality-hse-policy\/#breadcrumb","itemListElement":[{"@type":"ListItem","position":1,"name":"Ana sayfa","item":"https:\/\/www.yenigun.com.tr\/fr\/"},{"@type":"ListItem","position":2,"name":"Qualite &#038; SST &#8211; Politique Environnementale"}]},{"@type":"WebSite","@id":"https:\/\/www.yenigun.com.tr\/#website","url":"https:\/\/www.yenigun.com.tr\/","name":"Yenig\u00fcn Construction","description":"T\u00fcrkiye&#039;nin G\u00fc\u00e7l\u00fc \u0130n\u015faat \u015eirketi","publisher":{"@id":"https:\/\/www.yenigun.com.tr\/#organization"},"potentialAction":[{"@type":"SearchAction","target":{"@type":"EntryPoint","urlTemplate":"https:\/\/www.yenigun.com.tr\/?s={search_term_string}"},"query-input":{"@type":"PropertyValueSpecification","valueRequired":true,"valueName":"search_term_string"}}],"inLanguage":"fr-FR"},{"@type":"Organization","@id":"https:\/\/www.yenigun.com.tr\/#organization","name":"Yenig\u00fcn Construction","url":"https:\/\/www.yenigun.com.tr\/","logo":{"@type":"ImageObject","inLanguage":"fr-FR","@id":"https:\/\/www.yenigun.com.tr\/#\/schema\/logo\/image\/","url":"https:\/\/www.yenigun.com.tr\/wp-content\/uploads\/2018\/11\/yenigun-logo.png","contentUrl":"https:\/\/www.yenigun.com.tr\/wp-content\/uploads\/2018\/11\/yenigun-logo.png","width":548,"height":135,"caption":"Yenig\u00fcn Construction"},"image":{"@id":"https:\/\/www.yenigun.com.tr\/#\/schema\/logo\/image\/"}}]}},"_links":{"self":[{"href":"https:\/\/www.yenigun.com.tr\/fr\/wp-json\/wp\/v2\/pages\/4923","targetHints":{"allow":["GET"]}}],"collection":[{"href":"https:\/\/www.yenigun.com.tr\/fr\/wp-json\/wp\/v2\/pages"}],"about":[{"href":"https:\/\/www.yenigun.com.tr\/fr\/wp-json\/wp\/v2\/types\/page"}],"author":[{"embeddable":true,"href":"https:\/\/www.yenigun.com.tr\/fr\/wp-json\/wp\/v2\/users\/8"}],"replies":[{"embeddable":true,"href":"https:\/\/www.yenigun.com.tr\/fr\/wp-json\/wp\/v2\/comments?post=4923"}],"version-history":[{"count":0,"href":"https:\/\/www.yenigun.com.tr\/fr\/wp-json\/wp\/v2\/pages\/4923\/revisions"}],"wp:attachment":[{"href":"https:\/\/www.yenigun.com.tr\/fr\/wp-json\/wp\/v2\/media?parent=4923"}],"curies":[{"name":"wp","href":"https:\/\/api.w.org\/{rel}","templated":true}]}}