{"id":4921,"date":"2018-11-27T22:48:41","date_gmt":"2018-11-27T19:48:41","guid":{"rendered":"http:\/\/www.yenigun.com.tr\/baskanin-mesaji\/"},"modified":"2019-04-15T12:55:40","modified_gmt":"2019-04-15T09:55:40","slug":"baskanin-mesaji","status":"publish","type":"page","link":"https:\/\/www.yenigun.com.tr\/fr\/baskanin-mesaji\/","title":{"rendered":"Message du Pr\u00e9sident"},"content":{"rendered":"<section class=\"l-section wpb_row height_medium\"><div class=\"l-section-h i-cf\"><div class=\"g-cols vc_row via_flex valign_top type_default stacking_default\"><div class=\"vc_col-sm-8 wpb_column vc_column_container\"><div class=\"vc_column-inner\"><div class=\"wpb_wrapper\"><div class=\"wpb_text_column\"><div class=\"wpb_wrapper\"><p>Il n&rsquo;existe pas de travail simple. Cependant, rendre le c\u00f4t\u00e9 difficile et fatiguant du travail et l&rsquo;assurance du d\u00e9veloppement d\u00e9pendent de notre talent de gestion.<\/p>\n<p>Afin d&rsquo;atteindre un bon r\u00e9sultat il faut prendre en consid\u00e9ration les facteurs suivants de mani\u00e8re appropri\u00e9e:<\/p>\n<ul>\n<li style=\"font-weight: 400;\"><span style=\"font-weight: 400;\">Prendre en compte le facteur humain,<\/span><\/li>\n<li style=\"font-weight: 400;\"><span style=\"font-weight: 400;\">D\u00e9cider aussi rapidement que possible \u00e0 la lumi\u00e8re des circonstances actuelles,<\/span><\/li>\n<li style=\"font-weight: 400;\"><span style=\"font-weight: 400;\">R\u00e9aliser un travail correct, fid\u00e8le et collectif en \u00e9quipe vers les objectifs fix\u00e9s,<\/span><\/li>\n<li style=\"font-weight: 400;\"><span style=\"font-weight: 400;\">Utiliser les nouvelles possibilit\u00e9s technologiques au bon endroit,<\/span><\/li>\n<li style=\"font-weight: 400;\"><span style=\"font-weight: 400;\">Accorder de l&rsquo;importance \u00e0 la recherche, au d\u00e9veloppement et \u00e0 l&rsquo;\u00e9ducation,<\/span><\/li>\n<li style=\"font-weight: 400;\"><span style=\"font-weight: 400;\">Cr\u00e9er l&rsquo;union des forces en s&rsquo;unissant avec les unit\u00e9s correctes.<\/span><\/li>\n<\/ul>\n<p><span style=\"font-weight: 400;\">Dans ma vie d&rsquo;entrepreneur que j&rsquo;ai commenc\u00e9e avec la construction d&rsquo;une \u00e9cole primaire que nous avons acquis avec un associ\u00e9 au nom de \u00ab\u00a0la Soci\u00e9t\u00e9 Individuelle de Mithat Yenig\u00fcn\u00a0\u00bb en 1974, maintenant nous continuons nos travaux avec plus de 150 ing\u00e9nieurs avec notre \u00e9quipe compos\u00e9e de 5000 personnes. Nous avons d\u00e9termin\u00e9 notre objectif de chiffre d&rsquo;affaires pour 2020 comme \u00e9tant de 600 millions de dollars am\u00e9ricains et comme \u00e9tant de un milliards de dollars am\u00e9ricains pour 2025.<\/span><\/p>\n<p><span style=\"font-weight: 400;\">Nous croyons qu&rsquo;il est n\u00e9cessaire de cr\u00e9er une union de forces en \u00e9tablissant des partenariats avec les soci\u00e9t\u00e9s pour lesquelles nous croyons que nous pourrions \u00e9tablir une union de langues, avec lesquelles nous pourrions nous entendre puisque les conditions de concurrence sont devenues plus difficiles non seulement dans notre pays mais aussi dans d&rsquo;autres pays. Nous sommes conscients que le partenariat n\u00e9cessite le partage des b\u00e9n\u00e9fices, le partage des risques, le sacrifice, les bonnes intentions et la confiance.<\/span><\/p>\n<p><span style=\"font-weight: 400;\">Tout individu dans notre \u00e9quipe, du degr\u00e9 o\u00f9 il se trouve jusqu&rsquo;au plus haut degr\u00e9 est n\u00e9cessaire et utile au sein de notre entreprise et nous tous, nous devons accomplir nos missions avec cette prise de conscience.<\/span><\/p>\n<p><span style=\"font-weight: 400;\">Le talent que nous pr\u00e9sentons au sujet de l&rsquo;utilisation optimale des facteurs que j&rsquo;ai \u00e9num\u00e9r\u00e9s ci-dessus en tant qu&rsquo;\u00e9quipe se refl\u00e9tera \u00e0 nos chiffres d&rsquo;affaires que nous visons \u00e0 obtenir pour l&rsquo;avenir. Parce que comme disait Socrate, \u00ab\u00a0LE LIVRE DE LA VIE A ETE ECRIT EN MATHEMATIQUES\u00a0\u00bb.<\/span><\/p>\n<p><span style=\"font-weight: 400;\">Je souhaite bon courage \u00e0 tous!<\/span><\/p>\n<p><b>Mithat Yenig\u00fcn<\/b><\/p>\n<\/div><\/div><\/div><\/div><\/div><div class=\"vc_col-sm-4 wpb_column vc_column_container\"><div class=\"vc_column-inner\"><div class=\"wpb_wrapper\"><div class=\"w-image style_outlined align_none\"><div class=\"w-image-h\"><img decoding=\"async\" width=\"1024\" height=\"736\" src=\"https:\/\/www.yenigun.com.tr\/wp-content\/uploads\/2019\/02\/MithatYenigun.jpg\" class=\"attachment-full size-full\" alt=\"\" loading=\"lazy\" srcset=\"https:\/\/www.yenigun.com.tr\/wp-content\/uploads\/2019\/02\/MithatYenigun.jpg 1024w, https:\/\/www.yenigun.com.tr\/wp-content\/uploads\/2019\/02\/MithatYenigun-300x216.jpg 300w\" sizes=\"auto, (max-width: 1024px) 100vw, 1024px\" \/><\/div><\/div><div class=\"wpb_text_column\"><div class=\"wpb_wrapper\"><p>Mithat Yenig\u00fcn<\/p>\n<\/div><\/div><div class=\"wpb_text_column\"><div class=\"wpb_wrapper\"><h4 style=\"text-align: left;\">Il n&rsquo;existe pas de travail simple. Cependant, rendre le c\u00f4t\u00e9 difficile et fatiguant du travail et l&rsquo;assurance du d\u00e9veloppement d\u00e9pendent de notre talent de gestion.<\/h4>\n<\/div><\/div><\/div><\/div><\/div><\/div><\/div><\/section>\n","protected":false},"excerpt":{"rendered":"Il n&rsquo;existe pas de travail simple. Cependant, rendre le c\u00f4t\u00e9 difficile et fatiguant du travail et l&rsquo;assurance du d\u00e9veloppement d\u00e9pendent de notre talent de gestion. Afin d&rsquo;atteindre un bon r\u00e9sultat il faut prendre en consid\u00e9ration les facteurs suivants de mani\u00e8re appropri\u00e9e: Prendre en compte le facteur humain, D\u00e9cider aussi rapidement que possible \u00e0 la lumi\u00e8re...","protected":false},"author":8,"featured_media":0,"parent":0,"menu_order":0,"comment_status":"closed","ping_status":"closed","template":"","meta":{"footnotes":""},"class_list":["post-4921","page","type-page","status-publish","hentry"],"yoast_head":"<!-- This site is optimized with the Yoast SEO plugin v27.4 - https:\/\/yoast.com\/product\/yoast-seo-wordpress\/ -->\n<title>Message du Pr\u00e9sident - Yenig\u00fcn Construction<\/title>\n<meta name=\"robots\" content=\"index, follow, max-snippet:-1, max-image-preview:large, max-video-preview:-1\" \/>\n<link rel=\"canonical\" href=\"https:\/\/www.yenigun.com.tr\/fr\/baskanin-mesaji\/\" \/>\n<meta property=\"og:locale\" content=\"fr_FR\" \/>\n<meta property=\"og:type\" content=\"article\" \/>\n<meta property=\"og:title\" content=\"Message du Pr\u00e9sident - Yenig\u00fcn Construction\" \/>\n<meta property=\"og:url\" content=\"https:\/\/www.yenigun.com.tr\/fr\/baskanin-mesaji\/\" \/>\n<meta property=\"og:site_name\" content=\"Yenig\u00fcn Construction\" \/>\n<meta property=\"article:modified_time\" content=\"2019-04-15T09:55:40+00:00\" \/>\n<meta property=\"og:image\" content=\"https:\/\/www.yenigun.com.tr\/wp-content\/uploads\/2019\/11\/social-media.jpg\" \/>\n\t<meta property=\"og:image:width\" content=\"800\" \/>\n\t<meta property=\"og:image:height\" content=\"380\" \/>\n\t<meta property=\"og:image:type\" content=\"image\/jpeg\" \/>\n<meta name=\"twitter:card\" content=\"summary_large_image\" \/>\n<meta name=\"twitter:label1\" content=\"Dur\u00e9e de lecture estim\u00e9e\" \/>\n\t<meta name=\"twitter:data1\" content=\"2 minutes\" \/>\n<script type=\"application\/ld+json\" class=\"yoast-schema-graph\">{\"@context\":\"https:\\\/\\\/schema.org\",\"@graph\":[{\"@type\":\"WebPage\",\"@id\":\"https:\\\/\\\/www.yenigun.com.tr\\\/fr\\\/baskanin-mesaji\\\/\",\"url\":\"https:\\\/\\\/www.yenigun.com.tr\\\/fr\\\/baskanin-mesaji\\\/\",\"name\":\"Message du Pr\u00e9sident - Yenig\u00fcn Construction\",\"isPartOf\":{\"@id\":\"https:\\\/\\\/www.yenigun.com.tr\\\/#website\"},\"datePublished\":\"2018-11-27T19:48:41+00:00\",\"dateModified\":\"2019-04-15T09:55:40+00:00\",\"breadcrumb\":{\"@id\":\"https:\\\/\\\/www.yenigun.com.tr\\\/fr\\\/baskanin-mesaji\\\/#breadcrumb\"},\"inLanguage\":\"fr-FR\",\"potentialAction\":[{\"@type\":\"ReadAction\",\"target\":[\"https:\\\/\\\/www.yenigun.com.tr\\\/fr\\\/baskanin-mesaji\\\/\"]}]},{\"@type\":\"BreadcrumbList\",\"@id\":\"https:\\\/\\\/www.yenigun.com.tr\\\/fr\\\/baskanin-mesaji\\\/#breadcrumb\",\"itemListElement\":[{\"@type\":\"ListItem\",\"position\":1,\"name\":\"Ana sayfa\",\"item\":\"https:\\\/\\\/www.yenigun.com.tr\\\/fr\\\/\"},{\"@type\":\"ListItem\",\"position\":2,\"name\":\"Message du Pr\u00e9sident\"}]},{\"@type\":\"WebSite\",\"@id\":\"https:\\\/\\\/www.yenigun.com.tr\\\/#website\",\"url\":\"https:\\\/\\\/www.yenigun.com.tr\\\/\",\"name\":\"Yenig\u00fcn Construction\",\"description\":\"T\u00fcrkiye&#039;nin G\u00fc\u00e7l\u00fc \u0130n\u015faat \u015eirketi\",\"publisher\":{\"@id\":\"https:\\\/\\\/www.yenigun.com.tr\\\/#organization\"},\"potentialAction\":[{\"@type\":\"SearchAction\",\"target\":{\"@type\":\"EntryPoint\",\"urlTemplate\":\"https:\\\/\\\/www.yenigun.com.tr\\\/?s={search_term_string}\"},\"query-input\":{\"@type\":\"PropertyValueSpecification\",\"valueRequired\":true,\"valueName\":\"search_term_string\"}}],\"inLanguage\":\"fr-FR\"},{\"@type\":\"Organization\",\"@id\":\"https:\\\/\\\/www.yenigun.com.tr\\\/#organization\",\"name\":\"Yenig\u00fcn Construction\",\"url\":\"https:\\\/\\\/www.yenigun.com.tr\\\/\",\"logo\":{\"@type\":\"ImageObject\",\"inLanguage\":\"fr-FR\",\"@id\":\"https:\\\/\\\/www.yenigun.com.tr\\\/#\\\/schema\\\/logo\\\/image\\\/\",\"url\":\"https:\\\/\\\/www.yenigun.com.tr\\\/wp-content\\\/uploads\\\/2018\\\/11\\\/yenigun-logo.png\",\"contentUrl\":\"https:\\\/\\\/www.yenigun.com.tr\\\/wp-content\\\/uploads\\\/2018\\\/11\\\/yenigun-logo.png\",\"width\":548,\"height\":135,\"caption\":\"Yenig\u00fcn Construction\"},\"image\":{\"@id\":\"https:\\\/\\\/www.yenigun.com.tr\\\/#\\\/schema\\\/logo\\\/image\\\/\"}}]}<\/script>\n<!-- \/ Yoast SEO plugin. -->","yoast_head_json":{"title":"Message du Pr\u00e9sident - Yenig\u00fcn Construction","robots":{"index":"index","follow":"follow","max-snippet":"max-snippet:-1","max-image-preview":"max-image-preview:large","max-video-preview":"max-video-preview:-1"},"canonical":"https:\/\/www.yenigun.com.tr\/fr\/baskanin-mesaji\/","og_locale":"fr_FR","og_type":"article","og_title":"Message du Pr\u00e9sident - Yenig\u00fcn Construction","og_url":"https:\/\/www.yenigun.com.tr\/fr\/baskanin-mesaji\/","og_site_name":"Yenig\u00fcn Construction","article_modified_time":"2019-04-15T09:55:40+00:00","og_image":[{"width":800,"height":380,"url":"https:\/\/www.yenigun.com.tr\/wp-content\/uploads\/2019\/11\/social-media.jpg","type":"image\/jpeg"}],"twitter_card":"summary_large_image","twitter_misc":{"Dur\u00e9e de lecture estim\u00e9e":"2 minutes"},"schema":{"@context":"https:\/\/schema.org","@graph":[{"@type":"WebPage","@id":"https:\/\/www.yenigun.com.tr\/fr\/baskanin-mesaji\/","url":"https:\/\/www.yenigun.com.tr\/fr\/baskanin-mesaji\/","name":"Message du Pr\u00e9sident - Yenig\u00fcn Construction","isPartOf":{"@id":"https:\/\/www.yenigun.com.tr\/#website"},"datePublished":"2018-11-27T19:48:41+00:00","dateModified":"2019-04-15T09:55:40+00:00","breadcrumb":{"@id":"https:\/\/www.yenigun.com.tr\/fr\/baskanin-mesaji\/#breadcrumb"},"inLanguage":"fr-FR","potentialAction":[{"@type":"ReadAction","target":["https:\/\/www.yenigun.com.tr\/fr\/baskanin-mesaji\/"]}]},{"@type":"BreadcrumbList","@id":"https:\/\/www.yenigun.com.tr\/fr\/baskanin-mesaji\/#breadcrumb","itemListElement":[{"@type":"ListItem","position":1,"name":"Ana sayfa","item":"https:\/\/www.yenigun.com.tr\/fr\/"},{"@type":"ListItem","position":2,"name":"Message du Pr\u00e9sident"}]},{"@type":"WebSite","@id":"https:\/\/www.yenigun.com.tr\/#website","url":"https:\/\/www.yenigun.com.tr\/","name":"Yenig\u00fcn Construction","description":"T\u00fcrkiye&#039;nin G\u00fc\u00e7l\u00fc \u0130n\u015faat \u015eirketi","publisher":{"@id":"https:\/\/www.yenigun.com.tr\/#organization"},"potentialAction":[{"@type":"SearchAction","target":{"@type":"EntryPoint","urlTemplate":"https:\/\/www.yenigun.com.tr\/?s={search_term_string}"},"query-input":{"@type":"PropertyValueSpecification","valueRequired":true,"valueName":"search_term_string"}}],"inLanguage":"fr-FR"},{"@type":"Organization","@id":"https:\/\/www.yenigun.com.tr\/#organization","name":"Yenig\u00fcn Construction","url":"https:\/\/www.yenigun.com.tr\/","logo":{"@type":"ImageObject","inLanguage":"fr-FR","@id":"https:\/\/www.yenigun.com.tr\/#\/schema\/logo\/image\/","url":"https:\/\/www.yenigun.com.tr\/wp-content\/uploads\/2018\/11\/yenigun-logo.png","contentUrl":"https:\/\/www.yenigun.com.tr\/wp-content\/uploads\/2018\/11\/yenigun-logo.png","width":548,"height":135,"caption":"Yenig\u00fcn Construction"},"image":{"@id":"https:\/\/www.yenigun.com.tr\/#\/schema\/logo\/image\/"}}]}},"_links":{"self":[{"href":"https:\/\/www.yenigun.com.tr\/fr\/wp-json\/wp\/v2\/pages\/4921","targetHints":{"allow":["GET"]}}],"collection":[{"href":"https:\/\/www.yenigun.com.tr\/fr\/wp-json\/wp\/v2\/pages"}],"about":[{"href":"https:\/\/www.yenigun.com.tr\/fr\/wp-json\/wp\/v2\/types\/page"}],"author":[{"embeddable":true,"href":"https:\/\/www.yenigun.com.tr\/fr\/wp-json\/wp\/v2\/users\/8"}],"replies":[{"embeddable":true,"href":"https:\/\/www.yenigun.com.tr\/fr\/wp-json\/wp\/v2\/comments?post=4921"}],"version-history":[{"count":0,"href":"https:\/\/www.yenigun.com.tr\/fr\/wp-json\/wp\/v2\/pages\/4921\/revisions"}],"wp:attachment":[{"href":"https:\/\/www.yenigun.com.tr\/fr\/wp-json\/wp\/v2\/media?parent=4921"}],"curies":[{"name":"wp","href":"https:\/\/api.w.org\/{rel}","templated":true}]}}