{"id":4917,"date":"2019-03-20T22:53:13","date_gmt":"2019-03-20T19:53:13","guid":{"rendered":"http:\/\/www.yenigun.com.tr\/industrial\/"},"modified":"2020-01-08T16:28:52","modified_gmt":"2020-01-08T13:28:52","slug":"industrial","status":"publish","type":"page","link":"https:\/\/www.yenigun.com.tr\/fr\/industrial\/","title":{"rendered":"Installation Industriel"},"content":{"rendered":"<section class=\"l-section wpb_row height_small color_primary\"><div class=\"l-section-h i-cf\"><div class=\"g-cols vc_row via_flex valign_top type_default stacking_default\"><div class=\"vc_col-sm-12 wpb_column vc_column_container\"><div class=\"vc_column-inner\"><div class=\"wpb_wrapper\"><nav class=\"w-menu us_custom_da65c38a layout_hor style_blocks not_responsive align_center us_menu_1\" style=\"--main-ver-indent:0.8em;--main-hor-indent:0.8em;--main-color:rgba(255,255,255,0.66);--main-hover-color:#fff;--main-active-color:#fff;\"><ul id=\"menu-tamamlanan-projeler-fransizca\" class=\"menu\"><li id=\"menu-item-4969\" class=\"menu-item menu-item-type-post_type menu-item-object-page menu-item-4969\"><a href=\"https:\/\/www.yenigun.com.tr\/fr\/transportation\/\">Transportation<\/a><\/li><li id=\"menu-item-4970\" class=\"menu-item menu-item-type-post_type menu-item-object-page menu-item-4970\"><a href=\"https:\/\/www.yenigun.com.tr\/fr\/industrial\/\">Installation Industriel<\/a><\/li><li id=\"menu-item-4971\" class=\"menu-item menu-item-type-post_type menu-item-object-page menu-item-4971\"><a href=\"https:\/\/www.yenigun.com.tr\/fr\/baraj-hes\/\">Damm Irrigation Hepp<\/a><\/li><li id=\"menu-item-4972\" class=\"menu-item menu-item-type-post_type menu-item-object-page menu-item-4972\"><a href=\"https:\/\/www.yenigun.com.tr\/fr\/infrastructures\/\">Infrastructures<\/a><\/li><li id=\"menu-item-4973\" class=\"menu-item menu-item-type-post_type menu-item-object-page menu-item-4973\"><a href=\"https:\/\/www.yenigun.com.tr\/fr\/superstructures-buildings\/\">Superstructures &#8211; Batiments<\/a><\/li><\/ul><\/nav><\/div><\/div><\/div><\/div><\/div><\/section><section class=\"l-section wpb_row height_medium\"><div class=\"l-section-h i-cf\"><div class=\"g-cols vc_row via_flex valign_top type_default stacking_default\"><div class=\"vc_col-sm-12 wpb_column vc_column_container\"><div class=\"vc_column-inner\"><div class=\"wpb_wrapper\"><div class=\"w-grid us_grid type_grid layout_128 cols_4 overflow_hidden preload_style_spinner\" id=\"us_grid_1\" style=\"--columns:4;--gap:1.5rem;\" data-filterable=\"true\"><style>@media (max-width:1380px){#us_grid_1{--columns:3!important}}@media (max-width:1024px){#us_grid_1{--columns:2!important}}@media (max-width:600px){#us_grid_1{--columns:1!important}}.layout_128 .w-grid-item-h{background:#ffffff;border-radius:0.3rem;box-shadow:0 0.03rem 0.06rem rgba(0,0,0,0.1),0 0.1rem 0.3rem rgba(0,0,0,0.1);transition-duration:0.3s}.no-touch .layout_128 .w-grid-item-h:hover{box-shadow:0 0.1rem 0.2rem rgba(0,0,0,0.1),0 0.33rem 1rem rgba(0,0,0,0.15);z-index:4}.layout_128 .usg_post_title_1{font-family:var(--h1-font-family)!important;font-size:1.2rem!important;font-weight:700!important}.layout_128 .usg_vwrapper_1{padding:9% 11% 11% 11%!important}.layout_128 .usg_post_date_1{font-family:var(--font-family)!important;font-size:0.9rem!important}.layout_128 .usg_post_author_1{font-family:var(--font-family)!important;font-size:0.9rem!important}.layout_128 .usg_post_taxonomy_2{font-family:var(--font-family)!important;font-size:0.9rem!important}.layout_128 .usg_post_comments_1{font-family:var(--font-family)!important;font-size:0.9rem!important}<\/style><div class=\"w-grid-list\">\t<article class=\"w-grid-item size_1x1 post-5110 us_portfolio type-us_portfolio status-publish has-post-thumbnail hentry us_portfolio_category-endustriyel-tesis-fr\" data-id=\"5110\">\r\n\t\t<div class=\"w-grid-item-h\">\r\n\t\t\t\t\t\t<div class=\"w-post-elm post_image usg_post_image_1 stretched\"><a href=\"https:\/\/www.yenigun.com.tr\/fr\/portfolio\/construction-of-steel-plant-and-auxiliaries\/\" aria-label=\"Usines Sid\u00e9rurgiques et Auxiliaires\"><img loading=\"lazy\" decoding=\"async\" width=\"377\" height=\"321\" src=\"https:\/\/www.yenigun.com.tr\/wp-content\/uploads\/2019\/01\/celikhane-2.jpg\" class=\"attachment-large size-large wp-post-image\" alt=\"\" srcset=\"https:\/\/www.yenigun.com.tr\/wp-content\/uploads\/2019\/01\/celikhane-2.jpg 377w, https:\/\/www.yenigun.com.tr\/wp-content\/uploads\/2019\/01\/celikhane-2-300x255.jpg 300w\" sizes=\"auto, (max-width: 377px) 100vw, 377px\" \/><\/a><\/div><div class=\"w-vwrapper usg_vwrapper_1 align_left valign_top\"><h2 class=\"w-post-elm post_title usg_post_title_1 entry-title color_link_inherit\"><a href=\"https:\/\/www.yenigun.com.tr\/fr\/portfolio\/construction-of-steel-plant-and-auxiliaries\/\">Usines Sid\u00e9rurgiques et Auxiliaires<\/a><\/h2><\/div>\t\t<\/div>\r\n\t\t\t<\/article>\r\n\t<article class=\"w-grid-item size_1x1 post-5112 us_portfolio type-us_portfolio status-publish has-post-thumbnail hentry us_portfolio_category-endustriyel-tesis-fr\" data-id=\"5112\">\r\n\t\t<div class=\"w-grid-item-h\">\r\n\t\t\t\t\t\t<div class=\"w-post-elm post_image usg_post_image_1 stretched\"><a href=\"https:\/\/www.yenigun.com.tr\/fr\/portfolio\/fuel-storage-stations-phase-iii\/\" aria-label=\"Stations de Stockage de Carburants, Phase III\"><img loading=\"lazy\" decoding=\"async\" width=\"377\" height=\"321\" src=\"https:\/\/www.yenigun.com.tr\/wp-content\/uploads\/2019\/01\/yakitDepolama.jpg\" class=\"attachment-large size-large wp-post-image\" alt=\"\" srcset=\"https:\/\/www.yenigun.com.tr\/wp-content\/uploads\/2019\/01\/yakitDepolama.jpg 377w, https:\/\/www.yenigun.com.tr\/wp-content\/uploads\/2019\/01\/yakitDepolama-300x255.jpg 300w\" sizes=\"auto, (max-width: 377px) 100vw, 377px\" \/><\/a><\/div><div class=\"w-vwrapper usg_vwrapper_1 align_left valign_top\"><h2 class=\"w-post-elm post_title usg_post_title_1 entry-title color_link_inherit\"><a href=\"https:\/\/www.yenigun.com.tr\/fr\/portfolio\/fuel-storage-stations-phase-iii\/\">Stations de Stockage de Carburants, Phase III<\/a><\/h2><\/div>\t\t<\/div>\r\n\t\t\t<\/article>\r\n\t<article class=\"w-grid-item size_1x1 post-5114 us_portfolio type-us_portfolio status-publish has-post-thumbnail hentry us_portfolio_category-endustriyel-tesis-fr\" data-id=\"5114\">\r\n\t\t<div class=\"w-grid-item-h\">\r\n\t\t\t\t\t\t<div class=\"w-post-elm post_image usg_post_image_1 stretched\"><a href=\"https:\/\/www.yenigun.com.tr\/fr\/portfolio\/fuel-storage-facilities-construction-project\/\" aria-label=\"Construction des Installations de Stockage de Carburants\"><img loading=\"lazy\" decoding=\"async\" width=\"377\" height=\"321\" src=\"https:\/\/www.yenigun.com.tr\/wp-content\/uploads\/2019\/01\/AkaryakitDepolama.jpg\" class=\"attachment-large size-large wp-post-image\" alt=\"\" srcset=\"https:\/\/www.yenigun.com.tr\/wp-content\/uploads\/2019\/01\/AkaryakitDepolama.jpg 377w, https:\/\/www.yenigun.com.tr\/wp-content\/uploads\/2019\/01\/AkaryakitDepolama-300x255.jpg 300w\" sizes=\"auto, (max-width: 377px) 100vw, 377px\" \/><\/a><\/div><div class=\"w-vwrapper usg_vwrapper_1 align_left valign_top\"><h2 class=\"w-post-elm post_title usg_post_title_1 entry-title color_link_inherit\"><a href=\"https:\/\/www.yenigun.com.tr\/fr\/portfolio\/fuel-storage-facilities-construction-project\/\">Construction des Installations de Stockage de Carburants<\/a><\/h2><\/div>\t\t<\/div>\r\n\t\t\t<\/article>\r\n\t<article class=\"w-grid-item size_1x1 post-5116 us_portfolio type-us_portfolio status-publish has-post-thumbnail hentry us_portfolio_category-endustriyel-tesis-fr\" data-id=\"5116\">\r\n\t\t<div class=\"w-grid-item-h\">\r\n\t\t\t\t\t\t<div class=\"w-post-elm post_image usg_post_image_1 stretched\"><a href=\"https:\/\/www.yenigun.com.tr\/fr\/portfolio\/construction-of-hydrogen-peroxside-factory-and-installation-of-machinery-and-equipments\/\" aria-label=\"Construction de l\u2019Usine de Peroxyde d&rsquo;Hydrog\u00e8ne et Montage d\u2019Equipements\"><img loading=\"lazy\" decoding=\"async\" width=\"377\" height=\"321\" src=\"https:\/\/www.yenigun.com.tr\/wp-content\/uploads\/2019\/01\/hidrojenPeroksit2.jpg\" class=\"attachment-large size-large wp-post-image\" alt=\"\" srcset=\"https:\/\/www.yenigun.com.tr\/wp-content\/uploads\/2019\/01\/hidrojenPeroksit2.jpg 377w, https:\/\/www.yenigun.com.tr\/wp-content\/uploads\/2019\/01\/hidrojenPeroksit2-300x255.jpg 300w\" sizes=\"auto, (max-width: 377px) 100vw, 377px\" \/><\/a><\/div><div class=\"w-vwrapper usg_vwrapper_1 align_left valign_top\"><h2 class=\"w-post-elm post_title usg_post_title_1 entry-title color_link_inherit\"><a href=\"https:\/\/www.yenigun.com.tr\/fr\/portfolio\/construction-of-hydrogen-peroxside-factory-and-installation-of-machinery-and-equipments\/\">Construction de l\u2019Usine de Peroxyde d&rsquo;Hydrog\u00e8ne et Montage d\u2019Equipements<\/a><\/h2><\/div>\t\t<\/div>\r\n\t\t\t<\/article>\r\n\t<article class=\"w-grid-item size_1x1 post-5118 us_portfolio type-us_portfolio status-publish has-post-thumbnail hentry us_portfolio_category-endustriyel-tesis-fr\" data-id=\"5118\">\r\n\t\t<div class=\"w-grid-item-h\">\r\n\t\t\t\t\t\t<div class=\"w-post-elm post_image usg_post_image_1 stretched\"><a href=\"https:\/\/www.yenigun.com.tr\/fr\/portfolio\/construction-of-coca-cola-bottling-and-storing-facility\/\" aria-label=\"Construction de l\u2019Installation d\u2019Embouteillage et de Stockage de Coca &#8211; Cola\"><img loading=\"lazy\" decoding=\"async\" width=\"377\" height=\"321\" src=\"https:\/\/www.yenigun.com.tr\/wp-content\/uploads\/2019\/01\/CocaCola.jpg\" class=\"attachment-large size-large wp-post-image\" alt=\"\" srcset=\"https:\/\/www.yenigun.com.tr\/wp-content\/uploads\/2019\/01\/CocaCola.jpg 377w, https:\/\/www.yenigun.com.tr\/wp-content\/uploads\/2019\/01\/CocaCola-300x255.jpg 300w\" sizes=\"auto, (max-width: 377px) 100vw, 377px\" \/><\/a><\/div><div class=\"w-vwrapper usg_vwrapper_1 align_left valign_top\"><h2 class=\"w-post-elm post_title usg_post_title_1 entry-title color_link_inherit\"><a href=\"https:\/\/www.yenigun.com.tr\/fr\/portfolio\/construction-of-coca-cola-bottling-and-storing-facility\/\">Construction de l\u2019Installation d\u2019Embouteillage et de Stockage de Coca &#8211; Cola<\/a><\/h2><\/div>\t\t<\/div>\r\n\t\t\t<\/article>\r\n<\/div>\t<div class=\"w-grid-preloader\">\r\n\t\t<div class=\"g-preloader type_1\">\r\n\t\t\t<div><\/div>\r\n\t\t<\/div>\r\n\t<\/div>\r\n\t\t<div class=\"w-grid-json hidden\" onclick='return {&quot;action&quot;:&quot;us_ajax_grid&quot;,&quot;infinite_scroll&quot;:0,&quot;max_num_pages&quot;:1,&quot;pagination&quot;:&quot;none&quot;,&quot;template_vars&quot;:{&quot;columns&quot;:&quot;4&quot;,&quot;exclude_items&quot;:&quot;none&quot;,&quot;img_size&quot;:&quot;default&quot;,&quot;ignore_items_size&quot;:0,&quot;items_layout&quot;:&quot;128&quot;,&quot;items_offset&quot;:&quot;1&quot;,&quot;load_animation&quot;:&quot;none&quot;,&quot;overriding_link&quot;:&quot;{\\&quot;url\\&quot;:\\&quot;\\&quot;}&quot;,&quot;post_id&quot;:0,&quot;query_args&quot;:{&quot;post_type&quot;:[&quot;us_portfolio&quot;],&quot;tax_query&quot;:[{&quot;taxonomy&quot;:&quot;us_portfolio_category&quot;,&quot;field&quot;:&quot;slug&quot;,&quot;terms&quot;:[&quot;endustriyel-tesis&quot;]}],&quot;post_status&quot;:[&quot;publish&quot;],&quot;posts_per_page&quot;:&quot;100&quot;},&quot;orderby_query_args&quot;:{&quot;orderby&quot;:{&quot;date&quot;:&quot;DESC&quot;}},&quot;type&quot;:&quot;grid&quot;,&quot;us_grid_post_type&quot;:&quot;us_portfolio&quot;,&quot;us_grid_ajax_index&quot;:1,&quot;us_grid_filter_query_string&quot;:null,&quot;us_grid_index&quot;:1,&quot;page_args&quot;:[],&quot;lang&quot;:&quot;fr&quot;}}'><\/div>\r\n\t<\/div><\/div><\/div><\/div><\/div><\/div><\/section>\n","protected":false},"excerpt":{"rendered":"Construction d&rsquo;usine ferm\u00e9e d\u2019un espace int\u00e9rieur de 11.716 m2 Ma\u00eetre d\u2019Ouvrage S.A. MAKSAN (Coca Cola) Lieu du Projet Mersin \/ Turquie Date du Contrat 21.01.1993 Date d\u2019Ach\u00e8vement 10.08.1993","protected":false},"author":8,"featured_media":0,"parent":0,"menu_order":0,"comment_status":"closed","ping_status":"closed","template":"","meta":{"footnotes":""},"class_list":["post-4917","page","type-page","status-publish","hentry"],"yoast_head":"<!-- This site is optimized with the Yoast SEO plugin v27.4 - https:\/\/yoast.com\/product\/yoast-seo-wordpress\/ -->\n<title>Installation Industriel - Yenig\u00fcn Construction<\/title>\n<meta name=\"robots\" content=\"index, follow, max-snippet:-1, max-image-preview:large, max-video-preview:-1\" \/>\n<link rel=\"canonical\" href=\"https:\/\/www.yenigun.com.tr\/fr\/industrial\/\" \/>\n<meta property=\"og:locale\" content=\"fr_FR\" \/>\n<meta property=\"og:type\" content=\"article\" \/>\n<meta property=\"og:title\" content=\"Installation Industriel - Yenig\u00fcn Construction\" \/>\n<meta property=\"og:url\" content=\"https:\/\/www.yenigun.com.tr\/fr\/industrial\/\" \/>\n<meta property=\"og:site_name\" content=\"Yenig\u00fcn Construction\" \/>\n<meta property=\"article:modified_time\" content=\"2020-01-08T13:28:52+00:00\" \/>\n<meta property=\"og:image\" content=\"https:\/\/www.yenigun.com.tr\/wp-content\/uploads\/2019\/11\/social-media.jpg\" \/>\n\t<meta property=\"og:image:width\" content=\"800\" \/>\n\t<meta property=\"og:image:height\" content=\"380\" \/>\n\t<meta property=\"og:image:type\" content=\"image\/jpeg\" \/>\n<meta name=\"twitter:card\" content=\"summary_large_image\" \/>\n<script type=\"application\/ld+json\" class=\"yoast-schema-graph\">{\"@context\":\"https:\\\/\\\/schema.org\",\"@graph\":[{\"@type\":\"WebPage\",\"@id\":\"https:\\\/\\\/www.yenigun.com.tr\\\/fr\\\/industrial\\\/\",\"url\":\"https:\\\/\\\/www.yenigun.com.tr\\\/fr\\\/industrial\\\/\",\"name\":\"Installation Industriel - Yenig\u00fcn Construction\",\"isPartOf\":{\"@id\":\"https:\\\/\\\/www.yenigun.com.tr\\\/#website\"},\"datePublished\":\"2019-03-20T19:53:13+00:00\",\"dateModified\":\"2020-01-08T13:28:52+00:00\",\"breadcrumb\":{\"@id\":\"https:\\\/\\\/www.yenigun.com.tr\\\/fr\\\/industrial\\\/#breadcrumb\"},\"inLanguage\":\"fr-FR\",\"potentialAction\":[{\"@type\":\"ReadAction\",\"target\":[\"https:\\\/\\\/www.yenigun.com.tr\\\/fr\\\/industrial\\\/\"]}]},{\"@type\":\"BreadcrumbList\",\"@id\":\"https:\\\/\\\/www.yenigun.com.tr\\\/fr\\\/industrial\\\/#breadcrumb\",\"itemListElement\":[{\"@type\":\"ListItem\",\"position\":1,\"name\":\"Ana sayfa\",\"item\":\"https:\\\/\\\/www.yenigun.com.tr\\\/fr\\\/\"},{\"@type\":\"ListItem\",\"position\":2,\"name\":\"Installation Industriel\"}]},{\"@type\":\"WebSite\",\"@id\":\"https:\\\/\\\/www.yenigun.com.tr\\\/#website\",\"url\":\"https:\\\/\\\/www.yenigun.com.tr\\\/\",\"name\":\"Yenig\u00fcn Construction\",\"description\":\"T\u00fcrkiye&#039;nin G\u00fc\u00e7l\u00fc \u0130n\u015faat \u015eirketi\",\"publisher\":{\"@id\":\"https:\\\/\\\/www.yenigun.com.tr\\\/#organization\"},\"potentialAction\":[{\"@type\":\"SearchAction\",\"target\":{\"@type\":\"EntryPoint\",\"urlTemplate\":\"https:\\\/\\\/www.yenigun.com.tr\\\/?s={search_term_string}\"},\"query-input\":{\"@type\":\"PropertyValueSpecification\",\"valueRequired\":true,\"valueName\":\"search_term_string\"}}],\"inLanguage\":\"fr-FR\"},{\"@type\":\"Organization\",\"@id\":\"https:\\\/\\\/www.yenigun.com.tr\\\/#organization\",\"name\":\"Yenig\u00fcn Construction\",\"url\":\"https:\\\/\\\/www.yenigun.com.tr\\\/\",\"logo\":{\"@type\":\"ImageObject\",\"inLanguage\":\"fr-FR\",\"@id\":\"https:\\\/\\\/www.yenigun.com.tr\\\/#\\\/schema\\\/logo\\\/image\\\/\",\"url\":\"https:\\\/\\\/www.yenigun.com.tr\\\/wp-content\\\/uploads\\\/2018\\\/11\\\/yenigun-logo.png\",\"contentUrl\":\"https:\\\/\\\/www.yenigun.com.tr\\\/wp-content\\\/uploads\\\/2018\\\/11\\\/yenigun-logo.png\",\"width\":548,\"height\":135,\"caption\":\"Yenig\u00fcn Construction\"},\"image\":{\"@id\":\"https:\\\/\\\/www.yenigun.com.tr\\\/#\\\/schema\\\/logo\\\/image\\\/\"}}]}<\/script>\n<!-- \/ Yoast SEO plugin. -->","yoast_head_json":{"title":"Installation Industriel - Yenig\u00fcn Construction","robots":{"index":"index","follow":"follow","max-snippet":"max-snippet:-1","max-image-preview":"max-image-preview:large","max-video-preview":"max-video-preview:-1"},"canonical":"https:\/\/www.yenigun.com.tr\/fr\/industrial\/","og_locale":"fr_FR","og_type":"article","og_title":"Installation Industriel - Yenig\u00fcn Construction","og_url":"https:\/\/www.yenigun.com.tr\/fr\/industrial\/","og_site_name":"Yenig\u00fcn Construction","article_modified_time":"2020-01-08T13:28:52+00:00","og_image":[{"width":800,"height":380,"url":"https:\/\/www.yenigun.com.tr\/wp-content\/uploads\/2019\/11\/social-media.jpg","type":"image\/jpeg"}],"twitter_card":"summary_large_image","schema":{"@context":"https:\/\/schema.org","@graph":[{"@type":"WebPage","@id":"https:\/\/www.yenigun.com.tr\/fr\/industrial\/","url":"https:\/\/www.yenigun.com.tr\/fr\/industrial\/","name":"Installation Industriel - Yenig\u00fcn Construction","isPartOf":{"@id":"https:\/\/www.yenigun.com.tr\/#website"},"datePublished":"2019-03-20T19:53:13+00:00","dateModified":"2020-01-08T13:28:52+00:00","breadcrumb":{"@id":"https:\/\/www.yenigun.com.tr\/fr\/industrial\/#breadcrumb"},"inLanguage":"fr-FR","potentialAction":[{"@type":"ReadAction","target":["https:\/\/www.yenigun.com.tr\/fr\/industrial\/"]}]},{"@type":"BreadcrumbList","@id":"https:\/\/www.yenigun.com.tr\/fr\/industrial\/#breadcrumb","itemListElement":[{"@type":"ListItem","position":1,"name":"Ana sayfa","item":"https:\/\/www.yenigun.com.tr\/fr\/"},{"@type":"ListItem","position":2,"name":"Installation Industriel"}]},{"@type":"WebSite","@id":"https:\/\/www.yenigun.com.tr\/#website","url":"https:\/\/www.yenigun.com.tr\/","name":"Yenig\u00fcn Construction","description":"T\u00fcrkiye&#039;nin G\u00fc\u00e7l\u00fc \u0130n\u015faat \u015eirketi","publisher":{"@id":"https:\/\/www.yenigun.com.tr\/#organization"},"potentialAction":[{"@type":"SearchAction","target":{"@type":"EntryPoint","urlTemplate":"https:\/\/www.yenigun.com.tr\/?s={search_term_string}"},"query-input":{"@type":"PropertyValueSpecification","valueRequired":true,"valueName":"search_term_string"}}],"inLanguage":"fr-FR"},{"@type":"Organization","@id":"https:\/\/www.yenigun.com.tr\/#organization","name":"Yenig\u00fcn Construction","url":"https:\/\/www.yenigun.com.tr\/","logo":{"@type":"ImageObject","inLanguage":"fr-FR","@id":"https:\/\/www.yenigun.com.tr\/#\/schema\/logo\/image\/","url":"https:\/\/www.yenigun.com.tr\/wp-content\/uploads\/2018\/11\/yenigun-logo.png","contentUrl":"https:\/\/www.yenigun.com.tr\/wp-content\/uploads\/2018\/11\/yenigun-logo.png","width":548,"height":135,"caption":"Yenig\u00fcn Construction"},"image":{"@id":"https:\/\/www.yenigun.com.tr\/#\/schema\/logo\/image\/"}}]}},"_links":{"self":[{"href":"https:\/\/www.yenigun.com.tr\/fr\/wp-json\/wp\/v2\/pages\/4917","targetHints":{"allow":["GET"]}}],"collection":[{"href":"https:\/\/www.yenigun.com.tr\/fr\/wp-json\/wp\/v2\/pages"}],"about":[{"href":"https:\/\/www.yenigun.com.tr\/fr\/wp-json\/wp\/v2\/types\/page"}],"author":[{"embeddable":true,"href":"https:\/\/www.yenigun.com.tr\/fr\/wp-json\/wp\/v2\/users\/8"}],"replies":[{"embeddable":true,"href":"https:\/\/www.yenigun.com.tr\/fr\/wp-json\/wp\/v2\/comments?post=4917"}],"version-history":[{"count":0,"href":"https:\/\/www.yenigun.com.tr\/fr\/wp-json\/wp\/v2\/pages\/4917\/revisions"}],"wp:attachment":[{"href":"https:\/\/www.yenigun.com.tr\/fr\/wp-json\/wp\/v2\/media?parent=4917"}],"curies":[{"name":"wp","href":"https:\/\/api.w.org\/{rel}","templated":true}]}}