{"id":4910,"date":"2018-10-11T18:49:33","date_gmt":"2018-10-11T15:49:33","guid":{"rendered":"http:\/\/www.yenigun.com.tr\/energy\/"},"modified":"2024-10-08T21:05:38","modified_gmt":"2024-10-08T18:05:38","slug":"energy","status":"publish","type":"page","link":"https:\/\/www.yenigun.com.tr\/fr\/energy\/","title":{"rendered":"Energie"},"content":{"rendered":"<section class=\"l-section wpb_row height_small\"><div class=\"l-section-h i-cf\"><div class=\"g-cols vc_row via_flex valign_top type_default stacking_default\"><div class=\"vc_col-sm-8 wpb_column vc_column_container\"><div class=\"vc_column-inner\"><div class=\"wpb_wrapper\"><div class=\"wpb_text_column\"><div class=\"wpb_wrapper\"><div class=\"sayfafullic\">\n<div class=\"sayfa\">\n<div class=\"icsayfa\">\n<div class=\"icerikyazibox\">\n<h1>Energie Yenig\u00fcn<\/h1>\n<p>S.A. de Production d&rsquo;Energie Yenig\u00fcn a \u00e9t\u00e9 fond\u00e9e en 2005. L&rsquo;investissement de CHE S\u00f6\u011f\u00fctl\u00fckaya (Posof III) dans la province d&rsquo;Ardahan et de district de Posof a \u00e9t\u00e9 compl\u00e9t\u00e9 le 21.01.2011 et la CHE a \u00e9t\u00e9 mise en service.<\/p>\n<\/div>\n<\/div>\n<\/div>\n<\/div>\n<\/div><\/div><\/div><\/div><\/div><div class=\"vc_col-sm-4 wpb_column vc_column_container\"><div class=\"vc_column-inner\"><div class=\"wpb_wrapper\"><div class=\"w-image align_none\"><div class=\"w-image-h\"><img decoding=\"async\" width=\"198\" height=\"58\" src=\"https:\/\/www.yenigun.com.tr\/wp-content\/uploads\/2018\/10\/logo_enerji.png\" class=\"attachment-large size-large\" alt=\"\" loading=\"lazy\" \/><\/div><\/div><\/div><\/div><\/div><\/div><\/div><\/section><section class=\"l-section wpb_row height_small\"><div class=\"l-section-h i-cf\"><div class=\"g-cols vc_row via_flex valign_top type_default stacking_default\"><div class=\"vc_col-sm-8 wpb_column vc_column_container\"><div class=\"vc_column-inner\"><div class=\"wpb_wrapper\"><\/div><\/div><\/div><div class=\"vc_col-sm-4 wpb_column vc_column_container\"><div class=\"vc_column-inner\"><div class=\"wpb_wrapper\"><\/div><\/div><\/div><\/div><\/div><\/section><section class=\"l-section wpb_row height_small\"><div class=\"l-section-h i-cf\"><div class=\"g-cols vc_row via_flex valign_top type_default stacking_default\"><div class=\"vc_col-sm-8 wpb_column vc_column_container\"><div class=\"vc_column-inner\"><div class=\"wpb_wrapper\"><\/div><\/div><\/div><div class=\"vc_col-sm-4 wpb_column vc_column_container\"><div class=\"vc_column-inner\"><div class=\"wpb_wrapper\"><\/div><\/div><\/div><\/div><\/div><\/section>\n","protected":false},"excerpt":{"rendered":"Energie Yenig\u00fcn S.A. de Production d&rsquo;Energie Yenig\u00fcn a \u00e9t\u00e9 fond\u00e9e en 2005. L&rsquo;investissement de CHE S\u00f6\u011f\u00fctl\u00fckaya (Posof III) dans la province d&rsquo;Ardahan et de district de Posof a \u00e9t\u00e9 compl\u00e9t\u00e9 le 21.01.2011 et la CHE a \u00e9t\u00e9 mise en service.","protected":false},"author":8,"featured_media":2604,"parent":0,"menu_order":0,"comment_status":"closed","ping_status":"closed","template":"","meta":{"footnotes":""},"class_list":["post-4910","page","type-page","status-publish","has-post-thumbnail","hentry"],"yoast_head":"<!-- This site is optimized with the Yoast SEO plugin v27.4 - https:\/\/yoast.com\/product\/yoast-seo-wordpress\/ -->\n<title>Energie - Yenig\u00fcn Construction<\/title>\n<meta name=\"robots\" content=\"index, follow, max-snippet:-1, max-image-preview:large, max-video-preview:-1\" \/>\n<link rel=\"canonical\" href=\"https:\/\/www.yenigun.com.tr\/fr\/energy\/\" \/>\n<meta property=\"og:locale\" content=\"fr_FR\" \/>\n<meta property=\"og:type\" content=\"article\" \/>\n<meta property=\"og:title\" content=\"Energie - Yenig\u00fcn Construction\" \/>\n<meta property=\"og:url\" content=\"https:\/\/www.yenigun.com.tr\/fr\/energy\/\" \/>\n<meta property=\"og:site_name\" content=\"Yenig\u00fcn Construction\" \/>\n<meta property=\"article:modified_time\" content=\"2024-10-08T18:05:38+00:00\" \/>\n<meta property=\"og:image\" content=\"https:\/\/www.yenigun.com.tr\/wp-content\/uploads\/2019\/02\/enerji.jpg\" \/>\n\t<meta property=\"og:image:width\" content=\"1920\" \/>\n\t<meta property=\"og:image:height\" content=\"210\" \/>\n\t<meta property=\"og:image:type\" content=\"image\/jpeg\" \/>\n<meta name=\"twitter:card\" content=\"summary_large_image\" \/>\n<meta name=\"twitter:label1\" content=\"Dur\u00e9e de lecture estim\u00e9e\" \/>\n\t<meta name=\"twitter:data1\" content=\"1 minute\" \/>\n<script type=\"application\/ld+json\" class=\"yoast-schema-graph\">{\"@context\":\"https:\\\/\\\/schema.org\",\"@graph\":[{\"@type\":\"WebPage\",\"@id\":\"https:\\\/\\\/www.yenigun.com.tr\\\/fr\\\/energy\\\/\",\"url\":\"https:\\\/\\\/www.yenigun.com.tr\\\/fr\\\/energy\\\/\",\"name\":\"Energie - Yenig\u00fcn Construction\",\"isPartOf\":{\"@id\":\"https:\\\/\\\/www.yenigun.com.tr\\\/#website\"},\"primaryImageOfPage\":{\"@id\":\"https:\\\/\\\/www.yenigun.com.tr\\\/fr\\\/energy\\\/#primaryimage\"},\"image\":{\"@id\":\"https:\\\/\\\/www.yenigun.com.tr\\\/fr\\\/energy\\\/#primaryimage\"},\"thumbnailUrl\":\"https:\\\/\\\/www.yenigun.com.tr\\\/wp-content\\\/uploads\\\/2019\\\/02\\\/enerji.jpg\",\"datePublished\":\"2018-10-11T15:49:33+00:00\",\"dateModified\":\"2024-10-08T18:05:38+00:00\",\"breadcrumb\":{\"@id\":\"https:\\\/\\\/www.yenigun.com.tr\\\/fr\\\/energy\\\/#breadcrumb\"},\"inLanguage\":\"fr-FR\",\"potentialAction\":[{\"@type\":\"ReadAction\",\"target\":[\"https:\\\/\\\/www.yenigun.com.tr\\\/fr\\\/energy\\\/\"]}]},{\"@type\":\"ImageObject\",\"inLanguage\":\"fr-FR\",\"@id\":\"https:\\\/\\\/www.yenigun.com.tr\\\/fr\\\/energy\\\/#primaryimage\",\"url\":\"https:\\\/\\\/www.yenigun.com.tr\\\/wp-content\\\/uploads\\\/2019\\\/02\\\/enerji.jpg\",\"contentUrl\":\"https:\\\/\\\/www.yenigun.com.tr\\\/wp-content\\\/uploads\\\/2019\\\/02\\\/enerji.jpg\",\"width\":1920,\"height\":210},{\"@type\":\"BreadcrumbList\",\"@id\":\"https:\\\/\\\/www.yenigun.com.tr\\\/fr\\\/energy\\\/#breadcrumb\",\"itemListElement\":[{\"@type\":\"ListItem\",\"position\":1,\"name\":\"Ana sayfa\",\"item\":\"https:\\\/\\\/www.yenigun.com.tr\\\/fr\\\/\"},{\"@type\":\"ListItem\",\"position\":2,\"name\":\"Energie\"}]},{\"@type\":\"WebSite\",\"@id\":\"https:\\\/\\\/www.yenigun.com.tr\\\/#website\",\"url\":\"https:\\\/\\\/www.yenigun.com.tr\\\/\",\"name\":\"Yenig\u00fcn Construction\",\"description\":\"T\u00fcrkiye&#039;nin G\u00fc\u00e7l\u00fc \u0130n\u015faat \u015eirketi\",\"publisher\":{\"@id\":\"https:\\\/\\\/www.yenigun.com.tr\\\/#organization\"},\"potentialAction\":[{\"@type\":\"SearchAction\",\"target\":{\"@type\":\"EntryPoint\",\"urlTemplate\":\"https:\\\/\\\/www.yenigun.com.tr\\\/?s={search_term_string}\"},\"query-input\":{\"@type\":\"PropertyValueSpecification\",\"valueRequired\":true,\"valueName\":\"search_term_string\"}}],\"inLanguage\":\"fr-FR\"},{\"@type\":\"Organization\",\"@id\":\"https:\\\/\\\/www.yenigun.com.tr\\\/#organization\",\"name\":\"Yenig\u00fcn Construction\",\"url\":\"https:\\\/\\\/www.yenigun.com.tr\\\/\",\"logo\":{\"@type\":\"ImageObject\",\"inLanguage\":\"fr-FR\",\"@id\":\"https:\\\/\\\/www.yenigun.com.tr\\\/#\\\/schema\\\/logo\\\/image\\\/\",\"url\":\"https:\\\/\\\/www.yenigun.com.tr\\\/wp-content\\\/uploads\\\/2018\\\/11\\\/yenigun-logo.png\",\"contentUrl\":\"https:\\\/\\\/www.yenigun.com.tr\\\/wp-content\\\/uploads\\\/2018\\\/11\\\/yenigun-logo.png\",\"width\":548,\"height\":135,\"caption\":\"Yenig\u00fcn Construction\"},\"image\":{\"@id\":\"https:\\\/\\\/www.yenigun.com.tr\\\/#\\\/schema\\\/logo\\\/image\\\/\"}}]}<\/script>\n<!-- \/ Yoast SEO plugin. -->","yoast_head_json":{"title":"Energie - Yenig\u00fcn Construction","robots":{"index":"index","follow":"follow","max-snippet":"max-snippet:-1","max-image-preview":"max-image-preview:large","max-video-preview":"max-video-preview:-1"},"canonical":"https:\/\/www.yenigun.com.tr\/fr\/energy\/","og_locale":"fr_FR","og_type":"article","og_title":"Energie - Yenig\u00fcn Construction","og_url":"https:\/\/www.yenigun.com.tr\/fr\/energy\/","og_site_name":"Yenig\u00fcn Construction","article_modified_time":"2024-10-08T18:05:38+00:00","og_image":[{"width":1920,"height":210,"url":"https:\/\/www.yenigun.com.tr\/wp-content\/uploads\/2019\/02\/enerji.jpg","type":"image\/jpeg"}],"twitter_card":"summary_large_image","twitter_misc":{"Dur\u00e9e de lecture estim\u00e9e":"1 minute"},"schema":{"@context":"https:\/\/schema.org","@graph":[{"@type":"WebPage","@id":"https:\/\/www.yenigun.com.tr\/fr\/energy\/","url":"https:\/\/www.yenigun.com.tr\/fr\/energy\/","name":"Energie - Yenig\u00fcn Construction","isPartOf":{"@id":"https:\/\/www.yenigun.com.tr\/#website"},"primaryImageOfPage":{"@id":"https:\/\/www.yenigun.com.tr\/fr\/energy\/#primaryimage"},"image":{"@id":"https:\/\/www.yenigun.com.tr\/fr\/energy\/#primaryimage"},"thumbnailUrl":"https:\/\/www.yenigun.com.tr\/wp-content\/uploads\/2019\/02\/enerji.jpg","datePublished":"2018-10-11T15:49:33+00:00","dateModified":"2024-10-08T18:05:38+00:00","breadcrumb":{"@id":"https:\/\/www.yenigun.com.tr\/fr\/energy\/#breadcrumb"},"inLanguage":"fr-FR","potentialAction":[{"@type":"ReadAction","target":["https:\/\/www.yenigun.com.tr\/fr\/energy\/"]}]},{"@type":"ImageObject","inLanguage":"fr-FR","@id":"https:\/\/www.yenigun.com.tr\/fr\/energy\/#primaryimage","url":"https:\/\/www.yenigun.com.tr\/wp-content\/uploads\/2019\/02\/enerji.jpg","contentUrl":"https:\/\/www.yenigun.com.tr\/wp-content\/uploads\/2019\/02\/enerji.jpg","width":1920,"height":210},{"@type":"BreadcrumbList","@id":"https:\/\/www.yenigun.com.tr\/fr\/energy\/#breadcrumb","itemListElement":[{"@type":"ListItem","position":1,"name":"Ana sayfa","item":"https:\/\/www.yenigun.com.tr\/fr\/"},{"@type":"ListItem","position":2,"name":"Energie"}]},{"@type":"WebSite","@id":"https:\/\/www.yenigun.com.tr\/#website","url":"https:\/\/www.yenigun.com.tr\/","name":"Yenig\u00fcn Construction","description":"T\u00fcrkiye&#039;nin G\u00fc\u00e7l\u00fc \u0130n\u015faat \u015eirketi","publisher":{"@id":"https:\/\/www.yenigun.com.tr\/#organization"},"potentialAction":[{"@type":"SearchAction","target":{"@type":"EntryPoint","urlTemplate":"https:\/\/www.yenigun.com.tr\/?s={search_term_string}"},"query-input":{"@type":"PropertyValueSpecification","valueRequired":true,"valueName":"search_term_string"}}],"inLanguage":"fr-FR"},{"@type":"Organization","@id":"https:\/\/www.yenigun.com.tr\/#organization","name":"Yenig\u00fcn Construction","url":"https:\/\/www.yenigun.com.tr\/","logo":{"@type":"ImageObject","inLanguage":"fr-FR","@id":"https:\/\/www.yenigun.com.tr\/#\/schema\/logo\/image\/","url":"https:\/\/www.yenigun.com.tr\/wp-content\/uploads\/2018\/11\/yenigun-logo.png","contentUrl":"https:\/\/www.yenigun.com.tr\/wp-content\/uploads\/2018\/11\/yenigun-logo.png","width":548,"height":135,"caption":"Yenig\u00fcn Construction"},"image":{"@id":"https:\/\/www.yenigun.com.tr\/#\/schema\/logo\/image\/"}}]}},"_links":{"self":[{"href":"https:\/\/www.yenigun.com.tr\/fr\/wp-json\/wp\/v2\/pages\/4910","targetHints":{"allow":["GET"]}}],"collection":[{"href":"https:\/\/www.yenigun.com.tr\/fr\/wp-json\/wp\/v2\/pages"}],"about":[{"href":"https:\/\/www.yenigun.com.tr\/fr\/wp-json\/wp\/v2\/types\/page"}],"author":[{"embeddable":true,"href":"https:\/\/www.yenigun.com.tr\/fr\/wp-json\/wp\/v2\/users\/8"}],"replies":[{"embeddable":true,"href":"https:\/\/www.yenigun.com.tr\/fr\/wp-json\/wp\/v2\/comments?post=4910"}],"version-history":[{"count":2,"href":"https:\/\/www.yenigun.com.tr\/fr\/wp-json\/wp\/v2\/pages\/4910\/revisions"}],"predecessor-version":[{"id":13477,"href":"https:\/\/www.yenigun.com.tr\/fr\/wp-json\/wp\/v2\/pages\/4910\/revisions\/13477"}],"wp:featuredmedia":[{"embeddable":true,"href":"https:\/\/www.yenigun.com.tr\/fr\/wp-json\/wp\/v2\/media\/2604"}],"wp:attachment":[{"href":"https:\/\/www.yenigun.com.tr\/fr\/wp-json\/wp\/v2\/media?parent=4910"}],"curies":[{"name":"wp","href":"https:\/\/api.w.org\/{rel}","templated":true}]}}