{"id":6584,"date":"2019-12-10T16:18:38","date_gmt":"2019-12-10T13:18:38","guid":{"rendered":"https:\/\/www.yenigun.com.tr\/personel-adayi-aydinlatma-metni\/"},"modified":"2019-12-13T11:07:17","modified_gmt":"2019-12-13T08:07:17","slug":"clarification-text-regarding-processing-of-personal-data","status":"publish","type":"page","link":"https:\/\/www.yenigun.com.tr\/en\/clarification-text-regarding-processing-of-personal-data\/","title":{"rendered":"Clarification Text Regarding Processing Of Personal Data"},"content":{"rendered":"<section class=\"l-section wpb_row height_medium\"><div class=\"l-section-h i-cf\"><div class=\"g-cols vc_row via_flex valign_top type_default stacking_default\"><div class=\"vc_col-sm-12 wpb_column vc_column_container\"><div class=\"vc_column-inner\"><div class=\"wpb_wrapper\"><div class=\"wpb_text_column\"><div class=\"wpb_wrapper\"><p style=\"text-align: center;\"><strong>YEN\u0130G\u00dcN \u0130N\u015eAAT SANAY\u0130 VE T\u0130CARET A.\u015e.<br \/>\n<\/strong><strong>CLARIFICATION TEXT REGARDING PROCESSING OF PERSONAL DATA<\/strong><\/p>\n<p><strong>Dear Candidate,<\/strong><\/p>\n<p>Including your personal data with special characteristics (nationality, penal conviction and information for security measures, biometric information and the like) that you have shared within the scope of the employment application that you have made to our Company, the Yenig\u00fcn \u0130n\u015faat Sanayi ve Ticaret A.\u015e. (henceforth, it shall be referred to as \u201cYenig\u00fcn\u201d) all of your personal data, all of your personal data that was previously processed \/kept and all of your related personal data to be processed \/ kept after the submission of our clarification text will be able to be processed or be able to be transferred to the third persons in the ways indicated below based on the legal reason of obtaining your express consent in accordance to the 1<sup>st<\/sup> Sub article of the 5<sup>th<\/sup> Article of the Law of Protection of Personal Data Numbered 6698, being limited by the purposes indicated in this Clarification Text:<\/p>\n<p><strong>1. Data Supervisor<\/strong><\/p>\n<p>In accordance to the Law of Protection of Personal Data Numbered 6698, your personal data will be able to be processed, recorded, kept, classified, updated by Yenig\u00fcn as the data supervisor within the scope explained below in accordance to the law and the rules of honesty and be disclosed \/ transferred to the 3<sup>rd<\/sup> persons in cases where the regulations permit and\/or being limited by the purposes for which the data is processed and to the countries where the centers of the data storage systems, which it uses, are located.<\/p>\n<p><strong>2. Purposes of Processing Personal Data<\/strong><\/p>\n<p>Your collected personal data will be able to be processed within the personal data processing conditions and purposes indicated in the 5<sup>th<\/sup> and 6<sup>th<\/sup> Articles of the Law of Protection of Personal Data for the purposes of providing the execution of the human resources policies of the Yenig\u00fcn, execution of the business and service processes, evaluation of the potential business opportunities and determination and application of commercial and business strategies.<\/p>\n<p>Your personal data will be able to be processed for the execution of the service processes within the scope of the related regulations and primarily the Law on Protection of Personal Data. In this framework, your personal data is processed within the conditions and purposes of processing personal data indicated in the 5<sup>th<\/sup> and 6<sup>th<\/sup> articles of the Law on Protection of Personal Data. In this regard, the Yenig\u00fcn, with the title of Data Supervisor, processes your personal data for the purposes of providing execution of the human resources policies, evaluation of the potential business opportunities and determination and application of the commercial and business strategies.<\/p>\n<p>In this scope, your mentioned personal data is kept safely in the physical or electronic setting for the duration of the time which is appropriate for its purpose of processing. Within the scope of the mentioned activities, Yenig\u00fcn acts in accordance to all of the obligations regarding the protection of the personal data stipulated in the all related regulations\u00a0 and primarily the Law on Protection of Personal Data.<\/p>\n<p><strong>3. To Whom and for Which Purposes the Processed Personal Data May be Transferred<\/strong><\/p>\n<p>Your personal data, which is processed within the scope of the purposes explained above, will be able to be transferred to our business partners in accordance to the basic principles stipulated in the Law of Protection of Personal Data, and within the purposes and conditions of personal data processing indicated in the 8<sup>th<\/sup> and 9<sup>th<\/sup> articles of the Law on Protection of Personal Data, to the firms from which support services are obtained in the matter of human resources for the purpose of performing our activities, and to the independent auditing companies within the framework of legal necessities and limitations.<\/p>\n<p>Your personal data will not be used other than the purposes indicated above and it will not be shared with or transferred to the third persons except the legal obligations and official organizations \/ institutions.<\/p>\n<p><strong>4. Method and Legal Reason of Collecting Personal Data<\/strong><\/p>\n<p>Your personal data is collected by the Yenig\u00fcn in accordance to the regulations either directly from you or through various venues such as partnerships, affiliates, and solution partners with whom the Yenig\u00fcn cooperates or has a contractual relationship.<\/p>\n<p>Your personal data which is collected in this regard, may be processed and transferred within the scope of the conditions and purposes of personal data processing indicated in the 5<sup>th<\/sup> and 6<sup>th<\/sup> articles of the Law of Protection of Personal data and purposes indicated in the 2<sup>nd<\/sup> and 3<sup>rd<\/sup> Articles of this Clarification Text.<\/p>\n<p><strong>5. Measures Regarding Protection of Personal Data<\/strong><\/p>\n<p>The Yenig\u00fcn takes all kinds of technical and administrative measures which are necessary regarding the matter of protection of the personal data.<\/p>\n<p><strong>6. Rights of the Owner of the Personal Data Listed in the 11<sup>th<\/sup> Article of the Law of Protection of Personal Data<\/strong><\/p>\n<p>In accordance to the 11<sup>th<\/sup> article of the Law of Protection of Personal Data, your rights as the related person whose personal data is processed are as follows:<\/p>\n<ol>\n<li>Learning about whether your personal data is processed or not,<\/li>\n<li>Requesting information regarding processing of your personal data if your personal data is processed,<\/li>\n<li>Learning about the purpose of processing your personal data and whether your personal data is used in accordance to its purposes or not,<\/li>\n<li>Learning about the third persons to whom your personal data is transferred domestically and internationally,<\/li>\n<li>Requesting the correction of your personal data in the event that your personal data is processed incompletely or wrongly<\/li>\n<li>Requesting the erasure or destruction of your personal data within the framework of the terms stipulated in the Law of Protection of Personal Data.<\/li>\n<li>Requesting the erasure or destruction of the personal data and the notification of the procedure conducted within this scope to the third persons to whom your personal data is transferred, in the event that the reasons for processing your personal data no longer exist despite the fact that your personal data is processed in accordance to the stipulations of the Law Numbered 6698 and other related Laws.<\/li>\n<li>Objecting to the emergence of an outcome which is against you by analyzing your processed data exclusively through the automated systems,<\/li>\n<li>Requesting elimination of your losses in the event that you incur losses due to processing of your personal data against the law.<\/li>\n<\/ol>\n<p>In accordance to the 1<sup>st<\/sup> Sub Article of the 13<sup>th<\/sup> Article of the Law, you may make your application in writing for the purpose of using your rights indicated above in any case to the in accordance to the 5<sup>th<\/sup> Article of the Communique Regarding Methods and Principles of Application to the Data Supervisor issued by the Board of Protection of Personal Data, by adding substitutive documents proving your identity through registered mail by sending the mail to the address of Birlik Mah. 488. Sok. No: 7 06610 \u00c7ankaya \/ ANKARA or through the notary public.<\/p>\n<p>In regards to the submitted request, your personal data which is processed by the Yenig\u00fcn will be determined in full by determining your relationship with the Yenig\u00fcn and a reply will be given to your related application correctly and within 30 days to the latest without having the need to pay any fees. In the event that the procedure requires an additional cost, the fee in the tariff determined by the Board of Protection of Personal Data will be requested from the related party.<\/p>\n<p>The Yenig\u00fcn reserves the right to request your personal information or additional documentation and information (copy of the id card or driver\u2019s license) for determining the identity and authorization for the purposes of eliminating the legal risks that may originate from sharing data illegally and unfairly, providing the security of your personal data, and verifying that the person making the application is the related person. In the event that the information regarding your conveyed requests are not correct and updated or in the event that an unauthorized application was made, the Yenig\u00fcn declines responsibility due to the requests originating from the mentioned wrong information or unauthorized application.<\/p>\n<p><strong>7. Request for Updating Your Information<\/strong><\/p>\n<p>Your personal data that we collect needs to be correct and updated when needed. Thus, in the event that a change happens in your personal data, you may inform this matter to the Yenig\u00fcn.<\/p>\n<p>This Clarification Text is prepared on the date of 15\/11\/2019 and in the event that a change happens in the contents of the Text, the contents and the effective date of this Text will be updated by the Yenig\u00fcn.<\/p>\n<\/div><\/div><\/div><\/div><\/div><\/div><\/div><\/section>\n","protected":false},"excerpt":{"rendered":"YEN\u0130G\u00dcN \u0130N\u015eAAT SANAY\u0130 VE T\u0130CARET A.\u015e. CLARIFICATION TEXT REGARDING PROCESSING OF PERSONAL DATA Dear Candidate, Including your personal data with special characteristics (nationality, penal conviction and information for security measures, biometric information and the like) that you have shared within the scope of the employment application that you have made to our Company, the Yenig\u00fcn...","protected":false},"author":8,"featured_media":0,"parent":0,"menu_order":0,"comment_status":"closed","ping_status":"closed","template":"","meta":{"footnotes":""},"class_list":["post-6584","page","type-page","status-publish","hentry"],"yoast_head":"<!-- This site is optimized with the Yoast SEO plugin v27.5 - https:\/\/yoast.com\/product\/yoast-seo-wordpress\/ -->\n<title>Clarification Text Regarding Processing Of Personal Data - Yenig\u00fcn Construction<\/title>\n<meta name=\"robots\" content=\"index, follow, max-snippet:-1, max-image-preview:large, max-video-preview:-1\" \/>\n<link rel=\"canonical\" href=\"https:\/\/www.yenigun.com.tr\/en\/clarification-text-regarding-processing-of-personal-data\/\" \/>\n<meta property=\"og:locale\" content=\"en_US\" \/>\n<meta property=\"og:type\" content=\"article\" \/>\n<meta property=\"og:title\" content=\"Clarification Text Regarding Processing Of Personal Data - Yenig\u00fcn Construction\" \/>\n<meta property=\"og:url\" content=\"https:\/\/www.yenigun.com.tr\/en\/clarification-text-regarding-processing-of-personal-data\/\" \/>\n<meta property=\"og:site_name\" content=\"Yenig\u00fcn Construction\" \/>\n<meta property=\"article:modified_time\" content=\"2019-12-13T08:07:17+00:00\" \/>\n<meta property=\"og:image\" content=\"https:\/\/www.yenigun.com.tr\/wp-content\/uploads\/2019\/11\/social-media.jpg\" \/>\n\t<meta property=\"og:image:width\" content=\"800\" \/>\n\t<meta property=\"og:image:height\" content=\"380\" \/>\n\t<meta property=\"og:image:type\" content=\"image\/jpeg\" \/>\n<meta name=\"twitter:card\" content=\"summary_large_image\" \/>\n<meta name=\"twitter:label1\" content=\"Est. reading time\" \/>\n\t<meta name=\"twitter:data1\" content=\"7 minutes\" \/>\n<script type=\"application\/ld+json\" class=\"yoast-schema-graph\">{\"@context\":\"https:\\\/\\\/schema.org\",\"@graph\":[{\"@type\":\"WebPage\",\"@id\":\"https:\\\/\\\/www.yenigun.com.tr\\\/en\\\/clarification-text-regarding-processing-of-personal-data\\\/\",\"url\":\"https:\\\/\\\/www.yenigun.com.tr\\\/en\\\/clarification-text-regarding-processing-of-personal-data\\\/\",\"name\":\"Clarification Text Regarding Processing Of Personal Data - Yenig\u00fcn Construction\",\"isPartOf\":{\"@id\":\"https:\\\/\\\/www.yenigun.com.tr\\\/#website\"},\"datePublished\":\"2019-12-10T13:18:38+00:00\",\"dateModified\":\"2019-12-13T08:07:17+00:00\",\"breadcrumb\":{\"@id\":\"https:\\\/\\\/www.yenigun.com.tr\\\/en\\\/clarification-text-regarding-processing-of-personal-data\\\/#breadcrumb\"},\"inLanguage\":\"en-US\",\"potentialAction\":[{\"@type\":\"ReadAction\",\"target\":[\"https:\\\/\\\/www.yenigun.com.tr\\\/en\\\/clarification-text-regarding-processing-of-personal-data\\\/\"]}]},{\"@type\":\"BreadcrumbList\",\"@id\":\"https:\\\/\\\/www.yenigun.com.tr\\\/en\\\/clarification-text-regarding-processing-of-personal-data\\\/#breadcrumb\",\"itemListElement\":[{\"@type\":\"ListItem\",\"position\":1,\"name\":\"Ana sayfa\",\"item\":\"https:\\\/\\\/www.yenigun.com.tr\\\/en\\\/\"},{\"@type\":\"ListItem\",\"position\":2,\"name\":\"Clarification Text Regarding Processing Of Personal Data\"}]},{\"@type\":\"WebSite\",\"@id\":\"https:\\\/\\\/www.yenigun.com.tr\\\/#website\",\"url\":\"https:\\\/\\\/www.yenigun.com.tr\\\/\",\"name\":\"Yenig\u00fcn Construction\",\"description\":\"T\u00fcrkiye&#039;nin G\u00fc\u00e7l\u00fc \u0130n\u015faat \u015eirketi\",\"publisher\":{\"@id\":\"https:\\\/\\\/www.yenigun.com.tr\\\/#organization\"},\"potentialAction\":[{\"@type\":\"SearchAction\",\"target\":{\"@type\":\"EntryPoint\",\"urlTemplate\":\"https:\\\/\\\/www.yenigun.com.tr\\\/?s={search_term_string}\"},\"query-input\":{\"@type\":\"PropertyValueSpecification\",\"valueRequired\":true,\"valueName\":\"search_term_string\"}}],\"inLanguage\":\"en-US\"},{\"@type\":\"Organization\",\"@id\":\"https:\\\/\\\/www.yenigun.com.tr\\\/#organization\",\"name\":\"Yenig\u00fcn Construction\",\"url\":\"https:\\\/\\\/www.yenigun.com.tr\\\/\",\"logo\":{\"@type\":\"ImageObject\",\"inLanguage\":\"en-US\",\"@id\":\"https:\\\/\\\/www.yenigun.com.tr\\\/#\\\/schema\\\/logo\\\/image\\\/\",\"url\":\"https:\\\/\\\/www.yenigun.com.tr\\\/wp-content\\\/uploads\\\/2018\\\/11\\\/yenigun-logo.png\",\"contentUrl\":\"https:\\\/\\\/www.yenigun.com.tr\\\/wp-content\\\/uploads\\\/2018\\\/11\\\/yenigun-logo.png\",\"width\":548,\"height\":135,\"caption\":\"Yenig\u00fcn Construction\"},\"image\":{\"@id\":\"https:\\\/\\\/www.yenigun.com.tr\\\/#\\\/schema\\\/logo\\\/image\\\/\"}}]}<\/script>\n<!-- \/ Yoast SEO plugin. -->","yoast_head_json":{"title":"Clarification Text Regarding Processing Of Personal Data - Yenig\u00fcn Construction","robots":{"index":"index","follow":"follow","max-snippet":"max-snippet:-1","max-image-preview":"max-image-preview:large","max-video-preview":"max-video-preview:-1"},"canonical":"https:\/\/www.yenigun.com.tr\/en\/clarification-text-regarding-processing-of-personal-data\/","og_locale":"en_US","og_type":"article","og_title":"Clarification Text Regarding Processing Of Personal Data - Yenig\u00fcn Construction","og_url":"https:\/\/www.yenigun.com.tr\/en\/clarification-text-regarding-processing-of-personal-data\/","og_site_name":"Yenig\u00fcn Construction","article_modified_time":"2019-12-13T08:07:17+00:00","og_image":[{"width":800,"height":380,"url":"https:\/\/www.yenigun.com.tr\/wp-content\/uploads\/2019\/11\/social-media.jpg","type":"image\/jpeg"}],"twitter_card":"summary_large_image","twitter_misc":{"Est. reading time":"7 minutes"},"schema":{"@context":"https:\/\/schema.org","@graph":[{"@type":"WebPage","@id":"https:\/\/www.yenigun.com.tr\/en\/clarification-text-regarding-processing-of-personal-data\/","url":"https:\/\/www.yenigun.com.tr\/en\/clarification-text-regarding-processing-of-personal-data\/","name":"Clarification Text Regarding Processing Of Personal Data - Yenig\u00fcn Construction","isPartOf":{"@id":"https:\/\/www.yenigun.com.tr\/#website"},"datePublished":"2019-12-10T13:18:38+00:00","dateModified":"2019-12-13T08:07:17+00:00","breadcrumb":{"@id":"https:\/\/www.yenigun.com.tr\/en\/clarification-text-regarding-processing-of-personal-data\/#breadcrumb"},"inLanguage":"en-US","potentialAction":[{"@type":"ReadAction","target":["https:\/\/www.yenigun.com.tr\/en\/clarification-text-regarding-processing-of-personal-data\/"]}]},{"@type":"BreadcrumbList","@id":"https:\/\/www.yenigun.com.tr\/en\/clarification-text-regarding-processing-of-personal-data\/#breadcrumb","itemListElement":[{"@type":"ListItem","position":1,"name":"Ana sayfa","item":"https:\/\/www.yenigun.com.tr\/en\/"},{"@type":"ListItem","position":2,"name":"Clarification Text Regarding Processing Of Personal Data"}]},{"@type":"WebSite","@id":"https:\/\/www.yenigun.com.tr\/#website","url":"https:\/\/www.yenigun.com.tr\/","name":"Yenig\u00fcn Construction","description":"T\u00fcrkiye&#039;nin G\u00fc\u00e7l\u00fc \u0130n\u015faat \u015eirketi","publisher":{"@id":"https:\/\/www.yenigun.com.tr\/#organization"},"potentialAction":[{"@type":"SearchAction","target":{"@type":"EntryPoint","urlTemplate":"https:\/\/www.yenigun.com.tr\/?s={search_term_string}"},"query-input":{"@type":"PropertyValueSpecification","valueRequired":true,"valueName":"search_term_string"}}],"inLanguage":"en-US"},{"@type":"Organization","@id":"https:\/\/www.yenigun.com.tr\/#organization","name":"Yenig\u00fcn Construction","url":"https:\/\/www.yenigun.com.tr\/","logo":{"@type":"ImageObject","inLanguage":"en-US","@id":"https:\/\/www.yenigun.com.tr\/#\/schema\/logo\/image\/","url":"https:\/\/www.yenigun.com.tr\/wp-content\/uploads\/2018\/11\/yenigun-logo.png","contentUrl":"https:\/\/www.yenigun.com.tr\/wp-content\/uploads\/2018\/11\/yenigun-logo.png","width":548,"height":135,"caption":"Yenig\u00fcn Construction"},"image":{"@id":"https:\/\/www.yenigun.com.tr\/#\/schema\/logo\/image\/"}}]}},"_links":{"self":[{"href":"https:\/\/www.yenigun.com.tr\/en\/wp-json\/wp\/v2\/pages\/6584","targetHints":{"allow":["GET"]}}],"collection":[{"href":"https:\/\/www.yenigun.com.tr\/en\/wp-json\/wp\/v2\/pages"}],"about":[{"href":"https:\/\/www.yenigun.com.tr\/en\/wp-json\/wp\/v2\/types\/page"}],"author":[{"embeddable":true,"href":"https:\/\/www.yenigun.com.tr\/en\/wp-json\/wp\/v2\/users\/8"}],"replies":[{"embeddable":true,"href":"https:\/\/www.yenigun.com.tr\/en\/wp-json\/wp\/v2\/comments?post=6584"}],"version-history":[{"count":0,"href":"https:\/\/www.yenigun.com.tr\/en\/wp-json\/wp\/v2\/pages\/6584\/revisions"}],"wp:attachment":[{"href":"https:\/\/www.yenigun.com.tr\/en\/wp-json\/wp\/v2\/media?parent=6584"}],"curies":[{"name":"wp","href":"https:\/\/api.w.org\/{rel}","templated":true}]}}