{"id":4212,"date":"2018-10-11T18:20:36","date_gmt":"2018-10-11T15:20:36","guid":{"rendered":"http:\/\/www.yenigun.com.tr\/kisisel-verilerin-korunmasi\/"},"modified":"2019-12-16T10:42:41","modified_gmt":"2019-12-16T07:42:41","slug":"kisisel-verilerin-korunmasi","status":"publish","type":"page","link":"https:\/\/www.yenigun.com.tr\/en\/kisisel-verilerin-korunmasi\/","title":{"rendered":"Personal Data Protection Law"},"content":{"rendered":"<p><a href=\"https:\/\/www.yenigun.com.tr\/wp-content\/uploads\/2018\/10\/yenigun_kvk-aydinlatma-metni.pdf\">Yenig\u00fcn KVK (personel data protection law) clarification text\u00a0<\/a><\/p>\n<p><a href=\"https:\/\/www.yenigun.com.tr\/wp-content\/uploads\/2018\/10\/yenigun_kvk-politika.pdf\">Yenig\u00fcn KVK policy<\/a><\/p>\n<p><a href=\"https:\/\/www.yenigun.com.tr\/wp-content\/uploads\/2019\/11\/\u00d6zel-Nitelikli-Verilere-\u0130li\u015fkin-Politika.pdf\">Our policy on specially classified data<\/a><\/p>\n<p><a href=\"https:\/\/www.yenigun.com.tr\/wp-content\/uploads\/2019\/11\/Ki\u015fisel-Veri-Saklma-ve-\u0130mha-Politikas\u0131.pdf\">Personal data storage and destruction policy<\/a><\/p>\n<p><a href=\"https:\/\/www.yenigun.com.tr\/wp-content\/uploads\/2019\/12\/Personel_Adayi_Acik_Riza_Formu.pdf\">Candidate explicit consent form<\/a><\/p>\n<p><a href=\"https:\/\/www.yenigun.com.tr\/wp-content\/uploads\/2019\/12\/Personel_Adayi_Aydinlatma_Metni.pdf\">Candidate clarification text<\/a><\/p>\n\n\n<p><\/p>\n","protected":false},"excerpt":{"rendered":"<p>Yenig\u00fcn KVK (personel data protection law) clarification text\u00a0 Yenig\u00fcn KVK policy Our policy on specially classified data Personal data storage and destruction policy Candidate explicit consent form Candidate clarification text<\/p>\n","protected":false},"author":8,"featured_media":0,"parent":0,"menu_order":0,"comment_status":"closed","ping_status":"closed","template":"","meta":{"footnotes":""},"class_list":["post-4212","page","type-page","status-publish","hentry"],"yoast_head":"<!-- This site is optimized with the Yoast SEO plugin v27.4 - https:\/\/yoast.com\/product\/yoast-seo-wordpress\/ -->\n<title>Personal Data Protection Law - Yenig\u00fcn Construction<\/title>\n<meta name=\"robots\" content=\"index, follow, max-snippet:-1, max-image-preview:large, max-video-preview:-1\" \/>\n<link rel=\"canonical\" href=\"https:\/\/www.yenigun.com.tr\/en\/kisisel-verilerin-korunmasi\/\" \/>\n<meta property=\"og:locale\" content=\"en_US\" \/>\n<meta property=\"og:type\" content=\"article\" \/>\n<meta property=\"og:title\" content=\"Personal Data Protection Law - Yenig\u00fcn Construction\" \/>\n<meta property=\"og:description\" content=\"Yenig\u00fcn KVK (personel data protection law) clarification text\u00a0 Yenig\u00fcn KVK policy Our policy on specially classified data Personal data storage and destruction policy Candidate explicit consent form Candidate clarification text\" \/>\n<meta property=\"og:url\" content=\"https:\/\/www.yenigun.com.tr\/en\/kisisel-verilerin-korunmasi\/\" \/>\n<meta property=\"og:site_name\" content=\"Yenig\u00fcn Construction\" \/>\n<meta property=\"article:modified_time\" content=\"2019-12-16T07:42:41+00:00\" \/>\n<meta property=\"og:image\" content=\"https:\/\/www.yenigun.com.tr\/wp-content\/uploads\/2019\/11\/social-media.jpg\" \/>\n\t<meta property=\"og:image:width\" content=\"800\" \/>\n\t<meta property=\"og:image:height\" content=\"380\" \/>\n\t<meta property=\"og:image:type\" content=\"image\/jpeg\" \/>\n<meta name=\"twitter:card\" content=\"summary_large_image\" \/>\n<script type=\"application\/ld+json\" class=\"yoast-schema-graph\">{\"@context\":\"https:\\\/\\\/schema.org\",\"@graph\":[{\"@type\":\"WebPage\",\"@id\":\"https:\\\/\\\/www.yenigun.com.tr\\\/en\\\/kisisel-verilerin-korunmasi\\\/\",\"url\":\"https:\\\/\\\/www.yenigun.com.tr\\\/en\\\/kisisel-verilerin-korunmasi\\\/\",\"name\":\"Personal Data Protection Law - Yenig\u00fcn Construction\",\"isPartOf\":{\"@id\":\"https:\\\/\\\/www.yenigun.com.tr\\\/#website\"},\"datePublished\":\"2018-10-11T15:20:36+00:00\",\"dateModified\":\"2019-12-16T07:42:41+00:00\",\"breadcrumb\":{\"@id\":\"https:\\\/\\\/www.yenigun.com.tr\\\/en\\\/kisisel-verilerin-korunmasi\\\/#breadcrumb\"},\"inLanguage\":\"en-US\",\"potentialAction\":[{\"@type\":\"ReadAction\",\"target\":[\"https:\\\/\\\/www.yenigun.com.tr\\\/en\\\/kisisel-verilerin-korunmasi\\\/\"]}]},{\"@type\":\"BreadcrumbList\",\"@id\":\"https:\\\/\\\/www.yenigun.com.tr\\\/en\\\/kisisel-verilerin-korunmasi\\\/#breadcrumb\",\"itemListElement\":[{\"@type\":\"ListItem\",\"position\":1,\"name\":\"Ana sayfa\",\"item\":\"https:\\\/\\\/www.yenigun.com.tr\\\/en\\\/\"},{\"@type\":\"ListItem\",\"position\":2,\"name\":\"Personal Data Protection Law\"}]},{\"@type\":\"WebSite\",\"@id\":\"https:\\\/\\\/www.yenigun.com.tr\\\/#website\",\"url\":\"https:\\\/\\\/www.yenigun.com.tr\\\/\",\"name\":\"Yenig\u00fcn Construction\",\"description\":\"T\u00fcrkiye&#039;nin G\u00fc\u00e7l\u00fc \u0130n\u015faat \u015eirketi\",\"publisher\":{\"@id\":\"https:\\\/\\\/www.yenigun.com.tr\\\/#organization\"},\"potentialAction\":[{\"@type\":\"SearchAction\",\"target\":{\"@type\":\"EntryPoint\",\"urlTemplate\":\"https:\\\/\\\/www.yenigun.com.tr\\\/?s={search_term_string}\"},\"query-input\":{\"@type\":\"PropertyValueSpecification\",\"valueRequired\":true,\"valueName\":\"search_term_string\"}}],\"inLanguage\":\"en-US\"},{\"@type\":\"Organization\",\"@id\":\"https:\\\/\\\/www.yenigun.com.tr\\\/#organization\",\"name\":\"Yenig\u00fcn Construction\",\"url\":\"https:\\\/\\\/www.yenigun.com.tr\\\/\",\"logo\":{\"@type\":\"ImageObject\",\"inLanguage\":\"en-US\",\"@id\":\"https:\\\/\\\/www.yenigun.com.tr\\\/#\\\/schema\\\/logo\\\/image\\\/\",\"url\":\"https:\\\/\\\/www.yenigun.com.tr\\\/wp-content\\\/uploads\\\/2018\\\/11\\\/yenigun-logo.png\",\"contentUrl\":\"https:\\\/\\\/www.yenigun.com.tr\\\/wp-content\\\/uploads\\\/2018\\\/11\\\/yenigun-logo.png\",\"width\":548,\"height\":135,\"caption\":\"Yenig\u00fcn Construction\"},\"image\":{\"@id\":\"https:\\\/\\\/www.yenigun.com.tr\\\/#\\\/schema\\\/logo\\\/image\\\/\"}}]}<\/script>\n<!-- \/ Yoast SEO plugin. -->","yoast_head_json":{"title":"Personal Data Protection Law - Yenig\u00fcn Construction","robots":{"index":"index","follow":"follow","max-snippet":"max-snippet:-1","max-image-preview":"max-image-preview:large","max-video-preview":"max-video-preview:-1"},"canonical":"https:\/\/www.yenigun.com.tr\/en\/kisisel-verilerin-korunmasi\/","og_locale":"en_US","og_type":"article","og_title":"Personal Data Protection Law - Yenig\u00fcn Construction","og_description":"Yenig\u00fcn KVK (personel data protection law) clarification text\u00a0 Yenig\u00fcn KVK policy Our policy on specially classified data Personal data storage and destruction policy Candidate explicit consent form Candidate clarification text","og_url":"https:\/\/www.yenigun.com.tr\/en\/kisisel-verilerin-korunmasi\/","og_site_name":"Yenig\u00fcn Construction","article_modified_time":"2019-12-16T07:42:41+00:00","og_image":[{"width":800,"height":380,"url":"https:\/\/www.yenigun.com.tr\/wp-content\/uploads\/2019\/11\/social-media.jpg","type":"image\/jpeg"}],"twitter_card":"summary_large_image","schema":{"@context":"https:\/\/schema.org","@graph":[{"@type":"WebPage","@id":"https:\/\/www.yenigun.com.tr\/en\/kisisel-verilerin-korunmasi\/","url":"https:\/\/www.yenigun.com.tr\/en\/kisisel-verilerin-korunmasi\/","name":"Personal Data Protection Law - Yenig\u00fcn Construction","isPartOf":{"@id":"https:\/\/www.yenigun.com.tr\/#website"},"datePublished":"2018-10-11T15:20:36+00:00","dateModified":"2019-12-16T07:42:41+00:00","breadcrumb":{"@id":"https:\/\/www.yenigun.com.tr\/en\/kisisel-verilerin-korunmasi\/#breadcrumb"},"inLanguage":"en-US","potentialAction":[{"@type":"ReadAction","target":["https:\/\/www.yenigun.com.tr\/en\/kisisel-verilerin-korunmasi\/"]}]},{"@type":"BreadcrumbList","@id":"https:\/\/www.yenigun.com.tr\/en\/kisisel-verilerin-korunmasi\/#breadcrumb","itemListElement":[{"@type":"ListItem","position":1,"name":"Ana sayfa","item":"https:\/\/www.yenigun.com.tr\/en\/"},{"@type":"ListItem","position":2,"name":"Personal Data Protection Law"}]},{"@type":"WebSite","@id":"https:\/\/www.yenigun.com.tr\/#website","url":"https:\/\/www.yenigun.com.tr\/","name":"Yenig\u00fcn Construction","description":"T\u00fcrkiye&#039;nin G\u00fc\u00e7l\u00fc \u0130n\u015faat \u015eirketi","publisher":{"@id":"https:\/\/www.yenigun.com.tr\/#organization"},"potentialAction":[{"@type":"SearchAction","target":{"@type":"EntryPoint","urlTemplate":"https:\/\/www.yenigun.com.tr\/?s={search_term_string}"},"query-input":{"@type":"PropertyValueSpecification","valueRequired":true,"valueName":"search_term_string"}}],"inLanguage":"en-US"},{"@type":"Organization","@id":"https:\/\/www.yenigun.com.tr\/#organization","name":"Yenig\u00fcn Construction","url":"https:\/\/www.yenigun.com.tr\/","logo":{"@type":"ImageObject","inLanguage":"en-US","@id":"https:\/\/www.yenigun.com.tr\/#\/schema\/logo\/image\/","url":"https:\/\/www.yenigun.com.tr\/wp-content\/uploads\/2018\/11\/yenigun-logo.png","contentUrl":"https:\/\/www.yenigun.com.tr\/wp-content\/uploads\/2018\/11\/yenigun-logo.png","width":548,"height":135,"caption":"Yenig\u00fcn Construction"},"image":{"@id":"https:\/\/www.yenigun.com.tr\/#\/schema\/logo\/image\/"}}]}},"_links":{"self":[{"href":"https:\/\/www.yenigun.com.tr\/en\/wp-json\/wp\/v2\/pages\/4212","targetHints":{"allow":["GET"]}}],"collection":[{"href":"https:\/\/www.yenigun.com.tr\/en\/wp-json\/wp\/v2\/pages"}],"about":[{"href":"https:\/\/www.yenigun.com.tr\/en\/wp-json\/wp\/v2\/types\/page"}],"author":[{"embeddable":true,"href":"https:\/\/www.yenigun.com.tr\/en\/wp-json\/wp\/v2\/users\/8"}],"replies":[{"embeddable":true,"href":"https:\/\/www.yenigun.com.tr\/en\/wp-json\/wp\/v2\/comments?post=4212"}],"version-history":[{"count":0,"href":"https:\/\/www.yenigun.com.tr\/en\/wp-json\/wp\/v2\/pages\/4212\/revisions"}],"wp:attachment":[{"href":"https:\/\/www.yenigun.com.tr\/en\/wp-json\/wp\/v2\/media?parent=4212"}],"curies":[{"name":"wp","href":"https:\/\/api.w.org\/{rel}","templated":true}]}}