{"id":4208,"date":"2018-10-11T18:39:55","date_gmt":"2018-10-11T15:39:55","guid":{"rendered":"http:\/\/www.yenigun.com.tr\/insan-kaynaklari\/insan-kaynaklari-politikasi\/"},"modified":"2020-01-08T16:28:43","modified_gmt":"2020-01-08T13:28:43","slug":"human-resources","status":"publish","type":"page","link":"https:\/\/www.yenigun.com.tr\/en\/human-resources\/","title":{"rendered":"Human Resources"},"content":{"rendered":"<section class=\"l-section wpb_row height_medium\"><div class=\"l-section-h i-cf\"><div class=\"g-cols vc_row via_flex valign_top type_default stacking_default\"><div class=\"vc_col-sm-6 wpb_column vc_column_container\"><div class=\"vc_column-inner\"><div class=\"wpb_wrapper\"><div class=\"wpb_text_column\"><div class=\"wpb_wrapper\"><p>We wish to enchance our human resources with employees sharing the same values<\/p>\n<p><span style=\"font-family: -apple-system, BlinkMacSystemFont, 'Segoe UI', Roboto, Oxygen-Sans, Ubuntu, Cantarell, 'Helvetica Neue', sans-serif;\">We aim at long-term collaboration with our employees.<\/span><\/p>\n<p>We support continous learning for our employees.<\/p>\n<p>We respect rights of our employees.<\/p>\n<p>We value the importance of employee satisfaction.<\/p>\n<p>We aim at the highest performance by supporting teamwork and strong communication skills.<\/p>\n<\/div><\/div><\/div><\/div><\/div><div class=\"vc_col-sm-6 wpb_column vc_column_container\"><div class=\"vc_column-inner\"><div class=\"wpb_wrapper\"><div class=\"wpb_text_column\"><div class=\"wpb_wrapper\"><p><strong>Open Positions:<\/strong><br \/>\n<a href=\"https:\/\/www.kariyer.net\/firma-profil\/yenigun-insaat-sanayi-ve-tic-a-s-17944-8719\" target=\"_blank\" rel=\"noopener noreferrer\">Click for open positions<\/a><\/p>\n<p>You can follow us on <a href=\"https:\/\/www.facebook.com\/Yenig%C3%BCnKariyer-104105169734452\/\" target=\"_blank\" rel=\"noopener noreferrer\"><strong>Facebook<\/strong><\/a> Yenigun Career page<\/p>\n<div id=\"gtx-trans\" style=\"position: absolute; left: -3px; top: 107px;\">\n<div class=\"gtx-trans-icon\"><\/div>\n<\/div>\n<\/div><\/div><div class=\"wpb_text_column us_custom_1364a2e0\"><div class=\"wpb_wrapper\"><p><strong>Job Application:<\/strong><br \/>\n\n<div class=\"wpcf7 no-js\" id=\"wpcf7-f6588-o1\" lang=\"tr-TR\" dir=\"ltr\" data-wpcf7-id=\"6588\">\n<div class=\"screen-reader-response\"><p role=\"status\" aria-live=\"polite\" aria-atomic=\"true\"><\/p> <ul><\/ul><\/div>\n<form action=\"\/en\/wp-json\/wp\/v2\/pages\/4208#wpcf7-f6588-o1\" method=\"post\" class=\"wpcf7-form init\" aria-label=\"\u0130leti\u015fim Formu\" enctype=\"multipart\/form-data\" novalidate=\"novalidate\" data-status=\"init\">\n<fieldset class=\"hidden-fields-container\"><input type=\"hidden\" name=\"_wpcf7\" value=\"6588\" \/><input type=\"hidden\" name=\"_wpcf7_version\" value=\"6.1.5\" \/><input type=\"hidden\" name=\"_wpcf7_locale\" value=\"tr_TR\" \/><input type=\"hidden\" name=\"_wpcf7_unit_tag\" value=\"wpcf7-f6588-o1\" \/><input type=\"hidden\" name=\"_wpcf7_container_post\" value=\"0\" \/><input type=\"hidden\" name=\"_wpcf7_posted_data_hash\" value=\"\" \/>\n<\/fieldset>\n<div class=\"wpcf7-turnstile cf-turnstile\" data-sitekey=\"0x4AAAAAABigZp4nEZvIlg1x\" data-response-field-name=\"_wpcf7_turnstile_response\"><\/div>\n\n<p><label> Your name and your surname (*)<br \/>\n<span class=\"wpcf7-form-control-wrap\" data-name=\"your-name\"><input size=\"40\" maxlength=\"400\" class=\"wpcf7-form-control wpcf7-text wpcf7-validates-as-required\" aria-required=\"true\" aria-invalid=\"false\" value=\"\" type=\"text\" name=\"your-name\" \/><\/span> <\/label>\n<\/p>\n<p><label> Curriculum Vitae (CV File)<br \/>\n<span class=\"wpcf7-form-control-wrap\" data-name=\"cvdosyasi\"><input size=\"40\" class=\"wpcf7-form-control wpcf7-file wpcf7-validates-as-required\" accept=\".doc,.docx,.xls,.xlsx,.pdf,.ppt,.pptx,.zip,.rar\" aria-required=\"true\" aria-invalid=\"false\" type=\"file\" name=\"cvdosyasi\" \/><\/span> <\/label>\n<\/p>\n<p><span class=\"wpcf7-form-control-wrap\" data-name=\"acikriza\"><span class=\"wpcf7-form-control wpcf7-checkbox wpcf7-validates-as-required\"><span class=\"wpcf7-list-item first last\"><input type=\"checkbox\" name=\"acikriza[]\" value=\"I approve the explicit consent form for the staff candidate.\" \/><span class=\"wpcf7-list-item-label\">I approve the explicit consent form for the staff candidate.<\/span><\/span><\/span><\/span><br \/>\n(for the explicit consent form <a href=\"https:\/\/www.yenigun.com.tr\/en\/declaration-of-express-consent-regarding-processing-personal-data\/\" target=\"blank\"><u>Click.<\/u><\/a>)\n<\/p>\n<p><span class=\"wpcf7-form-control-wrap\" data-name=\"aydinlatma\"><span class=\"wpcf7-form-control wpcf7-checkbox wpcf7-validates-as-required\"><span class=\"wpcf7-list-item first last\"><input type=\"checkbox\" name=\"aydinlatma[]\" value=\"I confirm that I read the staff candidate clarification text.\" \/><span class=\"wpcf7-list-item-label\">I confirm that I read the staff candidate clarification text.<\/span><\/span><\/span><\/span><br \/>\n(for clarification text <a href=\"https:\/\/www.yenigun.com.tr\/en\/clarification-text-regarding-processing-of-personal-data\/\" target=\"blank\"><u>Click.<\/u><\/a>)\n<\/p>\n<p><input class=\"wpcf7-form-control wpcf7-submit has-spinner\" type=\"submit\" value=\"Send Form\" \/>\n<\/p><div class=\"wpcf7-response-output\" aria-hidden=\"true\"><\/div>\n<\/form>\n<\/div>\n<\/div><\/div><\/div><\/div><\/div><\/div><\/div><\/section>\n","protected":false},"excerpt":{"rendered":"We wish to enchance our human resources with employees sharing the same values We aim at long-term collaboration with our employees. We support continous learning for our employees. We respect rights of our employees. We value the importance of employee satisfaction. We aim at the highest performance by supporting teamwork and strong communication skills. Open...","protected":false},"author":8,"featured_media":0,"parent":0,"menu_order":0,"comment_status":"closed","ping_status":"closed","template":"","meta":{"footnotes":""},"class_list":["post-4208","page","type-page","status-publish","hentry"],"yoast_head":"<!-- This site is optimized with the Yoast SEO plugin v27.4 - https:\/\/yoast.com\/product\/yoast-seo-wordpress\/ -->\n<title>Human Resources - Yenig\u00fcn Construction<\/title>\n<meta name=\"robots\" content=\"index, follow, max-snippet:-1, max-image-preview:large, max-video-preview:-1\" \/>\n<link rel=\"canonical\" href=\"https:\/\/www.yenigun.com.tr\/en\/human-resources\/\" \/>\n<meta property=\"og:locale\" content=\"en_US\" \/>\n<meta property=\"og:type\" content=\"article\" \/>\n<meta property=\"og:title\" content=\"Human Resources - Yenig\u00fcn Construction\" \/>\n<meta property=\"og:url\" content=\"https:\/\/www.yenigun.com.tr\/en\/human-resources\/\" \/>\n<meta property=\"og:site_name\" content=\"Yenig\u00fcn Construction\" \/>\n<meta property=\"article:modified_time\" content=\"2020-01-08T13:28:43+00:00\" \/>\n<meta property=\"og:image\" content=\"https:\/\/www.yenigun.com.tr\/wp-content\/uploads\/2019\/11\/social-media.jpg\" \/>\n\t<meta property=\"og:image:width\" content=\"800\" \/>\n\t<meta property=\"og:image:height\" content=\"380\" \/>\n\t<meta property=\"og:image:type\" content=\"image\/jpeg\" \/>\n<meta name=\"twitter:card\" content=\"summary_large_image\" \/>\n<meta name=\"twitter:label1\" content=\"Est. reading time\" \/>\n\t<meta name=\"twitter:data1\" content=\"1 minute\" \/>\n<script type=\"application\/ld+json\" class=\"yoast-schema-graph\">{\"@context\":\"https:\\\/\\\/schema.org\",\"@graph\":[{\"@type\":\"WebPage\",\"@id\":\"https:\\\/\\\/www.yenigun.com.tr\\\/en\\\/human-resources\\\/\",\"url\":\"https:\\\/\\\/www.yenigun.com.tr\\\/en\\\/human-resources\\\/\",\"name\":\"Human Resources - Yenig\u00fcn Construction\",\"isPartOf\":{\"@id\":\"https:\\\/\\\/www.yenigun.com.tr\\\/#website\"},\"datePublished\":\"2018-10-11T15:39:55+00:00\",\"dateModified\":\"2020-01-08T13:28:43+00:00\",\"breadcrumb\":{\"@id\":\"https:\\\/\\\/www.yenigun.com.tr\\\/en\\\/human-resources\\\/#breadcrumb\"},\"inLanguage\":\"en-US\",\"potentialAction\":[{\"@type\":\"ReadAction\",\"target\":[\"https:\\\/\\\/www.yenigun.com.tr\\\/en\\\/human-resources\\\/\"]}]},{\"@type\":\"BreadcrumbList\",\"@id\":\"https:\\\/\\\/www.yenigun.com.tr\\\/en\\\/human-resources\\\/#breadcrumb\",\"itemListElement\":[{\"@type\":\"ListItem\",\"position\":1,\"name\":\"Ana sayfa\",\"item\":\"https:\\\/\\\/www.yenigun.com.tr\\\/en\\\/\"},{\"@type\":\"ListItem\",\"position\":2,\"name\":\"Human Resources\"}]},{\"@type\":\"WebSite\",\"@id\":\"https:\\\/\\\/www.yenigun.com.tr\\\/#website\",\"url\":\"https:\\\/\\\/www.yenigun.com.tr\\\/\",\"name\":\"Yenig\u00fcn Construction\",\"description\":\"T\u00fcrkiye&#039;nin G\u00fc\u00e7l\u00fc \u0130n\u015faat \u015eirketi\",\"publisher\":{\"@id\":\"https:\\\/\\\/www.yenigun.com.tr\\\/#organization\"},\"potentialAction\":[{\"@type\":\"SearchAction\",\"target\":{\"@type\":\"EntryPoint\",\"urlTemplate\":\"https:\\\/\\\/www.yenigun.com.tr\\\/?s={search_term_string}\"},\"query-input\":{\"@type\":\"PropertyValueSpecification\",\"valueRequired\":true,\"valueName\":\"search_term_string\"}}],\"inLanguage\":\"en-US\"},{\"@type\":\"Organization\",\"@id\":\"https:\\\/\\\/www.yenigun.com.tr\\\/#organization\",\"name\":\"Yenig\u00fcn Construction\",\"url\":\"https:\\\/\\\/www.yenigun.com.tr\\\/\",\"logo\":{\"@type\":\"ImageObject\",\"inLanguage\":\"en-US\",\"@id\":\"https:\\\/\\\/www.yenigun.com.tr\\\/#\\\/schema\\\/logo\\\/image\\\/\",\"url\":\"https:\\\/\\\/www.yenigun.com.tr\\\/wp-content\\\/uploads\\\/2018\\\/11\\\/yenigun-logo.png\",\"contentUrl\":\"https:\\\/\\\/www.yenigun.com.tr\\\/wp-content\\\/uploads\\\/2018\\\/11\\\/yenigun-logo.png\",\"width\":548,\"height\":135,\"caption\":\"Yenig\u00fcn Construction\"},\"image\":{\"@id\":\"https:\\\/\\\/www.yenigun.com.tr\\\/#\\\/schema\\\/logo\\\/image\\\/\"}}]}<\/script>\n<!-- \/ Yoast SEO plugin. -->","yoast_head_json":{"title":"Human Resources - Yenig\u00fcn Construction","robots":{"index":"index","follow":"follow","max-snippet":"max-snippet:-1","max-image-preview":"max-image-preview:large","max-video-preview":"max-video-preview:-1"},"canonical":"https:\/\/www.yenigun.com.tr\/en\/human-resources\/","og_locale":"en_US","og_type":"article","og_title":"Human Resources - Yenig\u00fcn Construction","og_url":"https:\/\/www.yenigun.com.tr\/en\/human-resources\/","og_site_name":"Yenig\u00fcn Construction","article_modified_time":"2020-01-08T13:28:43+00:00","og_image":[{"width":800,"height":380,"url":"https:\/\/www.yenigun.com.tr\/wp-content\/uploads\/2019\/11\/social-media.jpg","type":"image\/jpeg"}],"twitter_card":"summary_large_image","twitter_misc":{"Est. reading time":"1 minute"},"schema":{"@context":"https:\/\/schema.org","@graph":[{"@type":"WebPage","@id":"https:\/\/www.yenigun.com.tr\/en\/human-resources\/","url":"https:\/\/www.yenigun.com.tr\/en\/human-resources\/","name":"Human Resources - Yenig\u00fcn Construction","isPartOf":{"@id":"https:\/\/www.yenigun.com.tr\/#website"},"datePublished":"2018-10-11T15:39:55+00:00","dateModified":"2020-01-08T13:28:43+00:00","breadcrumb":{"@id":"https:\/\/www.yenigun.com.tr\/en\/human-resources\/#breadcrumb"},"inLanguage":"en-US","potentialAction":[{"@type":"ReadAction","target":["https:\/\/www.yenigun.com.tr\/en\/human-resources\/"]}]},{"@type":"BreadcrumbList","@id":"https:\/\/www.yenigun.com.tr\/en\/human-resources\/#breadcrumb","itemListElement":[{"@type":"ListItem","position":1,"name":"Ana sayfa","item":"https:\/\/www.yenigun.com.tr\/en\/"},{"@type":"ListItem","position":2,"name":"Human Resources"}]},{"@type":"WebSite","@id":"https:\/\/www.yenigun.com.tr\/#website","url":"https:\/\/www.yenigun.com.tr\/","name":"Yenig\u00fcn Construction","description":"T\u00fcrkiye&#039;nin G\u00fc\u00e7l\u00fc \u0130n\u015faat \u015eirketi","publisher":{"@id":"https:\/\/www.yenigun.com.tr\/#organization"},"potentialAction":[{"@type":"SearchAction","target":{"@type":"EntryPoint","urlTemplate":"https:\/\/www.yenigun.com.tr\/?s={search_term_string}"},"query-input":{"@type":"PropertyValueSpecification","valueRequired":true,"valueName":"search_term_string"}}],"inLanguage":"en-US"},{"@type":"Organization","@id":"https:\/\/www.yenigun.com.tr\/#organization","name":"Yenig\u00fcn Construction","url":"https:\/\/www.yenigun.com.tr\/","logo":{"@type":"ImageObject","inLanguage":"en-US","@id":"https:\/\/www.yenigun.com.tr\/#\/schema\/logo\/image\/","url":"https:\/\/www.yenigun.com.tr\/wp-content\/uploads\/2018\/11\/yenigun-logo.png","contentUrl":"https:\/\/www.yenigun.com.tr\/wp-content\/uploads\/2018\/11\/yenigun-logo.png","width":548,"height":135,"caption":"Yenig\u00fcn Construction"},"image":{"@id":"https:\/\/www.yenigun.com.tr\/#\/schema\/logo\/image\/"}}]}},"_links":{"self":[{"href":"https:\/\/www.yenigun.com.tr\/en\/wp-json\/wp\/v2\/pages\/4208","targetHints":{"allow":["GET"]}}],"collection":[{"href":"https:\/\/www.yenigun.com.tr\/en\/wp-json\/wp\/v2\/pages"}],"about":[{"href":"https:\/\/www.yenigun.com.tr\/en\/wp-json\/wp\/v2\/types\/page"}],"author":[{"embeddable":true,"href":"https:\/\/www.yenigun.com.tr\/en\/wp-json\/wp\/v2\/users\/8"}],"replies":[{"embeddable":true,"href":"https:\/\/www.yenigun.com.tr\/en\/wp-json\/wp\/v2\/comments?post=4208"}],"version-history":[{"count":0,"href":"https:\/\/www.yenigun.com.tr\/en\/wp-json\/wp\/v2\/pages\/4208\/revisions"}],"wp:attachment":[{"href":"https:\/\/www.yenigun.com.tr\/en\/wp-json\/wp\/v2\/media?parent=4208"}],"curies":[{"name":"wp","href":"https:\/\/api.w.org\/{rel}","templated":true}]}}