{"id":4172,"date":"2018-10-11T18:53:17","date_gmt":"2018-10-11T15:53:17","guid":{"rendered":"http:\/\/www.yenigun.com.tr\/gayrimenkul-yatirim-projeleri\/"},"modified":"2019-03-29T00:17:38","modified_gmt":"2019-03-28T21:17:38","slug":"real-estate-projects","status":"publish","type":"page","link":"https:\/\/www.yenigun.com.tr\/en\/real-estate-projects\/","title":{"rendered":"Real Estate Projects"},"content":{"rendered":"<section class=\"l-section wpb_row height_medium\"><div class=\"l-section-h i-cf\"><div class=\"g-cols vc_row via_flex valign_top type_default stacking_default\"><div class=\"vc_col-sm-12 wpb_column vc_column_container\"><div class=\"vc_column-inner\"><div class=\"wpb_wrapper\"><div class=\"w-grid us_grid type_grid layout_128 cols_4 overflow_hidden preload_style_spinner\" id=\"us_grid_1\" style=\"--columns:4;--gap:1.5rem;\" data-filterable=\"true\"><style>@media (max-width:1380px){#us_grid_1{--columns:3!important}}@media (max-width:1024px){#us_grid_1{--columns:2!important}}@media (max-width:600px){#us_grid_1{--columns:1!important}}.layout_128 .w-grid-item-h{background:#ffffff;border-radius:0.3rem;box-shadow:0 0.03rem 0.06rem rgba(0,0,0,0.1),0 0.1rem 0.3rem rgba(0,0,0,0.1);transition-duration:0.3s}.no-touch .layout_128 .w-grid-item-h:hover{box-shadow:0 0.1rem 0.2rem rgba(0,0,0,0.1),0 0.33rem 1rem rgba(0,0,0,0.15);z-index:4}.layout_128 .usg_post_title_1{font-family:var(--h1-font-family)!important;font-size:1.2rem!important;font-weight:700!important}.layout_128 .usg_vwrapper_1{padding:9% 11% 11% 11%!important}.layout_128 .usg_post_date_1{font-family:var(--font-family)!important;font-size:0.9rem!important}.layout_128 .usg_post_author_1{font-family:var(--font-family)!important;font-size:0.9rem!important}.layout_128 .usg_post_taxonomy_2{font-family:var(--font-family)!important;font-size:0.9rem!important}.layout_128 .usg_post_comments_1{font-family:var(--font-family)!important;font-size:0.9rem!important}<\/style><div class=\"w-grid-list\">\t<article class=\"w-grid-item size_1x1 post-4323 us_portfolio type-us_portfolio status-publish has-post-thumbnail hentry us_portfolio_category-main-page us_portfolio_category-ongoing-projects-en us_portfolio_category-emlak-projeleri-en\" data-id=\"4323\">\r\n\t\t<div class=\"w-grid-item-h\">\r\n\t\t\t\t\t\t<div class=\"w-post-elm post_image usg_post_image_1 stretched\"><a href=\"https:\/\/www.yenigun.com.tr\/en\/portfolio\/kazlicesme-arsa-satisi-karsiligi-gelir-paylasim-isi-2\/\" aria-label=\"B\u00fcy\u00fckyal\u0131 Housing Project, \u0130stanbul\"><img loading=\"lazy\" decoding=\"async\" width=\"377\" height=\"321\" src=\"https:\/\/www.yenigun.com.tr\/wp-content\/uploads\/2019\/02\/Kazl\u0131c\u0327es\u0327me-32-1.png\" class=\"attachment-large size-large wp-post-image\" alt=\"\" srcset=\"https:\/\/www.yenigun.com.tr\/wp-content\/uploads\/2019\/02\/Kazl\u0131c\u0327es\u0327me-32-1.png 377w, https:\/\/www.yenigun.com.tr\/wp-content\/uploads\/2019\/02\/Kazl\u0131c\u0327es\u0327me-32-1-300x255.png 300w\" sizes=\"auto, (max-width: 377px) 100vw, 377px\" \/><\/a><\/div><div class=\"w-vwrapper usg_vwrapper_1 align_left valign_top\"><h2 class=\"w-post-elm post_title usg_post_title_1 entry-title color_link_inherit\"><a href=\"https:\/\/www.yenigun.com.tr\/en\/portfolio\/kazlicesme-arsa-satisi-karsiligi-gelir-paylasim-isi-2\/\">B\u00fcy\u00fckyal\u0131 Housing Project, \u0130stanbul<\/a><\/h2><\/div>\t\t<\/div>\r\n\t\t\t<\/article>\r\n\t<article class=\"w-grid-item size_1x1 post-4388 us_portfolio type-us_portfolio status-publish has-post-thumbnail hentry us_portfolio_category-main-page us_portfolio_category-emlak-projeleri-en us_portfolio_category-ustyapi-bina-en\" data-id=\"4388\">\r\n\t\t<div class=\"w-grid-item-h\">\r\n\t\t\t\t\t\t<div class=\"w-post-elm post_image usg_post_image_1 stretched\"><a href=\"https:\/\/www.yenigun.com.tr\/en\/portfolio\/the-house-residence-bomonti\/\" aria-label=\"The House Residence \u2013 Bomonti\"><img loading=\"lazy\" decoding=\"async\" width=\"377\" height=\"321\" src=\"https:\/\/www.yenigun.com.tr\/wp-content\/uploads\/2015\/12\/Bomonti-0031-1.jpg\" class=\"attachment-large size-large wp-post-image\" alt=\"\" srcset=\"https:\/\/www.yenigun.com.tr\/wp-content\/uploads\/2015\/12\/Bomonti-0031-1.jpg 377w, https:\/\/www.yenigun.com.tr\/wp-content\/uploads\/2015\/12\/Bomonti-0031-1-300x255.jpg 300w\" sizes=\"auto, (max-width: 377px) 100vw, 377px\" \/><\/a><\/div><div class=\"w-vwrapper usg_vwrapper_1 align_left valign_top\"><h2 class=\"w-post-elm post_title usg_post_title_1 entry-title color_link_inherit\"><a href=\"https:\/\/www.yenigun.com.tr\/en\/portfolio\/the-house-residence-bomonti\/\">The House Residence \u2013 Bomonti<\/a><\/h2><\/div>\t\t<\/div>\r\n\t\t\t<\/article>\r\n<\/div>\t<div class=\"w-grid-preloader\">\r\n\t\t<div class=\"g-preloader type_1\">\r\n\t\t\t<div><\/div>\r\n\t\t<\/div>\r\n\t<\/div>\r\n\t\t<div class=\"w-grid-json hidden\" onclick='return {&quot;action&quot;:&quot;us_ajax_grid&quot;,&quot;infinite_scroll&quot;:0,&quot;max_num_pages&quot;:1,&quot;pagination&quot;:&quot;none&quot;,&quot;template_vars&quot;:{&quot;columns&quot;:&quot;4&quot;,&quot;exclude_items&quot;:&quot;none&quot;,&quot;img_size&quot;:&quot;default&quot;,&quot;ignore_items_size&quot;:0,&quot;items_layout&quot;:&quot;128&quot;,&quot;items_offset&quot;:&quot;1&quot;,&quot;load_animation&quot;:&quot;none&quot;,&quot;overriding_link&quot;:&quot;{\\&quot;url\\&quot;:\\&quot;\\&quot;}&quot;,&quot;post_id&quot;:0,&quot;query_args&quot;:{&quot;post_type&quot;:[&quot;us_portfolio&quot;],&quot;tax_query&quot;:[{&quot;taxonomy&quot;:&quot;us_portfolio_category&quot;,&quot;field&quot;:&quot;slug&quot;,&quot;terms&quot;:[&quot;gayrimenkul-yatirim-projeleri&quot;]}],&quot;post_status&quot;:[&quot;publish&quot;],&quot;posts_per_page&quot;:&quot;10&quot;},&quot;orderby_query_args&quot;:{&quot;orderby&quot;:{&quot;date&quot;:&quot;DESC&quot;}},&quot;type&quot;:&quot;grid&quot;,&quot;us_grid_post_type&quot;:&quot;us_portfolio&quot;,&quot;us_grid_ajax_index&quot;:1,&quot;us_grid_filter_query_string&quot;:null,&quot;us_grid_index&quot;:1,&quot;page_args&quot;:[],&quot;lang&quot;:&quot;en&quot;}}'><\/div>\r\n\t<\/div><\/div><\/div><\/div><\/div><\/div><\/section>\n","protected":false},"excerpt":{"rendered":"The group investment is a multi-purpose complex which consists of 24 floors (12 floors for residences, 1 floor for commercial space, 1 floor for offices, 1 floor for fitness, 3 floors for hotel and 6 floors for underground parking). The construction area is of 32.000 m2 Client Yuda Leon Kandiyoti Project Location \u0130stanbul \/ Turkey...","protected":false},"author":8,"featured_media":2638,"parent":0,"menu_order":0,"comment_status":"closed","ping_status":"closed","template":"","meta":{"footnotes":""},"class_list":["post-4172","page","type-page","status-publish","has-post-thumbnail","hentry"],"yoast_head":"<!-- This site is optimized with the Yoast SEO plugin v27.4 - https:\/\/yoast.com\/product\/yoast-seo-wordpress\/ -->\n<title>Real Estate Projects - Yenig\u00fcn Construction<\/title>\n<meta name=\"robots\" content=\"index, follow, max-snippet:-1, max-image-preview:large, max-video-preview:-1\" \/>\n<link rel=\"canonical\" href=\"https:\/\/www.yenigun.com.tr\/en\/real-estate-projects\/\" \/>\n<meta property=\"og:locale\" content=\"en_US\" \/>\n<meta property=\"og:type\" content=\"article\" \/>\n<meta property=\"og:title\" content=\"Real Estate Projects - Yenig\u00fcn Construction\" \/>\n<meta property=\"og:url\" content=\"https:\/\/www.yenigun.com.tr\/en\/real-estate-projects\/\" \/>\n<meta property=\"og:site_name\" content=\"Yenig\u00fcn Construction\" \/>\n<meta property=\"article:modified_time\" content=\"2019-03-28T21:17:38+00:00\" \/>\n<meta property=\"og:image\" content=\"https:\/\/www.yenigun.com.tr\/wp-content\/uploads\/2019\/02\/tarihce.jpg\" \/>\n\t<meta property=\"og:image:width\" content=\"1920\" \/>\n\t<meta property=\"og:image:height\" content=\"210\" \/>\n\t<meta property=\"og:image:type\" content=\"image\/jpeg\" \/>\n<meta name=\"twitter:card\" content=\"summary_large_image\" \/>\n<script type=\"application\/ld+json\" class=\"yoast-schema-graph\">{\"@context\":\"https:\\\/\\\/schema.org\",\"@graph\":[{\"@type\":\"WebPage\",\"@id\":\"https:\\\/\\\/www.yenigun.com.tr\\\/en\\\/real-estate-projects\\\/\",\"url\":\"https:\\\/\\\/www.yenigun.com.tr\\\/en\\\/real-estate-projects\\\/\",\"name\":\"Real Estate Projects - Yenig\u00fcn Construction\",\"isPartOf\":{\"@id\":\"https:\\\/\\\/www.yenigun.com.tr\\\/#website\"},\"primaryImageOfPage\":{\"@id\":\"https:\\\/\\\/www.yenigun.com.tr\\\/en\\\/real-estate-projects\\\/#primaryimage\"},\"image\":{\"@id\":\"https:\\\/\\\/www.yenigun.com.tr\\\/en\\\/real-estate-projects\\\/#primaryimage\"},\"thumbnailUrl\":\"https:\\\/\\\/www.yenigun.com.tr\\\/wp-content\\\/uploads\\\/2019\\\/02\\\/tarihce.jpg\",\"datePublished\":\"2018-10-11T15:53:17+00:00\",\"dateModified\":\"2019-03-28T21:17:38+00:00\",\"breadcrumb\":{\"@id\":\"https:\\\/\\\/www.yenigun.com.tr\\\/en\\\/real-estate-projects\\\/#breadcrumb\"},\"inLanguage\":\"en-US\",\"potentialAction\":[{\"@type\":\"ReadAction\",\"target\":[\"https:\\\/\\\/www.yenigun.com.tr\\\/en\\\/real-estate-projects\\\/\"]}]},{\"@type\":\"ImageObject\",\"inLanguage\":\"en-US\",\"@id\":\"https:\\\/\\\/www.yenigun.com.tr\\\/en\\\/real-estate-projects\\\/#primaryimage\",\"url\":\"https:\\\/\\\/www.yenigun.com.tr\\\/wp-content\\\/uploads\\\/2019\\\/02\\\/tarihce.jpg\",\"contentUrl\":\"https:\\\/\\\/www.yenigun.com.tr\\\/wp-content\\\/uploads\\\/2019\\\/02\\\/tarihce.jpg\",\"width\":1920,\"height\":210},{\"@type\":\"BreadcrumbList\",\"@id\":\"https:\\\/\\\/www.yenigun.com.tr\\\/en\\\/real-estate-projects\\\/#breadcrumb\",\"itemListElement\":[{\"@type\":\"ListItem\",\"position\":1,\"name\":\"Ana sayfa\",\"item\":\"https:\\\/\\\/www.yenigun.com.tr\\\/en\\\/\"},{\"@type\":\"ListItem\",\"position\":2,\"name\":\"Real Estate Projects\"}]},{\"@type\":\"WebSite\",\"@id\":\"https:\\\/\\\/www.yenigun.com.tr\\\/#website\",\"url\":\"https:\\\/\\\/www.yenigun.com.tr\\\/\",\"name\":\"Yenig\u00fcn Construction\",\"description\":\"T\u00fcrkiye&#039;nin G\u00fc\u00e7l\u00fc \u0130n\u015faat \u015eirketi\",\"publisher\":{\"@id\":\"https:\\\/\\\/www.yenigun.com.tr\\\/#organization\"},\"potentialAction\":[{\"@type\":\"SearchAction\",\"target\":{\"@type\":\"EntryPoint\",\"urlTemplate\":\"https:\\\/\\\/www.yenigun.com.tr\\\/?s={search_term_string}\"},\"query-input\":{\"@type\":\"PropertyValueSpecification\",\"valueRequired\":true,\"valueName\":\"search_term_string\"}}],\"inLanguage\":\"en-US\"},{\"@type\":\"Organization\",\"@id\":\"https:\\\/\\\/www.yenigun.com.tr\\\/#organization\",\"name\":\"Yenig\u00fcn Construction\",\"url\":\"https:\\\/\\\/www.yenigun.com.tr\\\/\",\"logo\":{\"@type\":\"ImageObject\",\"inLanguage\":\"en-US\",\"@id\":\"https:\\\/\\\/www.yenigun.com.tr\\\/#\\\/schema\\\/logo\\\/image\\\/\",\"url\":\"https:\\\/\\\/www.yenigun.com.tr\\\/wp-content\\\/uploads\\\/2018\\\/11\\\/yenigun-logo.png\",\"contentUrl\":\"https:\\\/\\\/www.yenigun.com.tr\\\/wp-content\\\/uploads\\\/2018\\\/11\\\/yenigun-logo.png\",\"width\":548,\"height\":135,\"caption\":\"Yenig\u00fcn Construction\"},\"image\":{\"@id\":\"https:\\\/\\\/www.yenigun.com.tr\\\/#\\\/schema\\\/logo\\\/image\\\/\"}}]}<\/script>\n<!-- \/ Yoast SEO plugin. -->","yoast_head_json":{"title":"Real Estate Projects - Yenig\u00fcn Construction","robots":{"index":"index","follow":"follow","max-snippet":"max-snippet:-1","max-image-preview":"max-image-preview:large","max-video-preview":"max-video-preview:-1"},"canonical":"https:\/\/www.yenigun.com.tr\/en\/real-estate-projects\/","og_locale":"en_US","og_type":"article","og_title":"Real Estate Projects - Yenig\u00fcn Construction","og_url":"https:\/\/www.yenigun.com.tr\/en\/real-estate-projects\/","og_site_name":"Yenig\u00fcn Construction","article_modified_time":"2019-03-28T21:17:38+00:00","og_image":[{"width":1920,"height":210,"url":"https:\/\/www.yenigun.com.tr\/wp-content\/uploads\/2019\/02\/tarihce.jpg","type":"image\/jpeg"}],"twitter_card":"summary_large_image","schema":{"@context":"https:\/\/schema.org","@graph":[{"@type":"WebPage","@id":"https:\/\/www.yenigun.com.tr\/en\/real-estate-projects\/","url":"https:\/\/www.yenigun.com.tr\/en\/real-estate-projects\/","name":"Real Estate Projects - Yenig\u00fcn Construction","isPartOf":{"@id":"https:\/\/www.yenigun.com.tr\/#website"},"primaryImageOfPage":{"@id":"https:\/\/www.yenigun.com.tr\/en\/real-estate-projects\/#primaryimage"},"image":{"@id":"https:\/\/www.yenigun.com.tr\/en\/real-estate-projects\/#primaryimage"},"thumbnailUrl":"https:\/\/www.yenigun.com.tr\/wp-content\/uploads\/2019\/02\/tarihce.jpg","datePublished":"2018-10-11T15:53:17+00:00","dateModified":"2019-03-28T21:17:38+00:00","breadcrumb":{"@id":"https:\/\/www.yenigun.com.tr\/en\/real-estate-projects\/#breadcrumb"},"inLanguage":"en-US","potentialAction":[{"@type":"ReadAction","target":["https:\/\/www.yenigun.com.tr\/en\/real-estate-projects\/"]}]},{"@type":"ImageObject","inLanguage":"en-US","@id":"https:\/\/www.yenigun.com.tr\/en\/real-estate-projects\/#primaryimage","url":"https:\/\/www.yenigun.com.tr\/wp-content\/uploads\/2019\/02\/tarihce.jpg","contentUrl":"https:\/\/www.yenigun.com.tr\/wp-content\/uploads\/2019\/02\/tarihce.jpg","width":1920,"height":210},{"@type":"BreadcrumbList","@id":"https:\/\/www.yenigun.com.tr\/en\/real-estate-projects\/#breadcrumb","itemListElement":[{"@type":"ListItem","position":1,"name":"Ana sayfa","item":"https:\/\/www.yenigun.com.tr\/en\/"},{"@type":"ListItem","position":2,"name":"Real Estate Projects"}]},{"@type":"WebSite","@id":"https:\/\/www.yenigun.com.tr\/#website","url":"https:\/\/www.yenigun.com.tr\/","name":"Yenig\u00fcn Construction","description":"T\u00fcrkiye&#039;nin G\u00fc\u00e7l\u00fc \u0130n\u015faat \u015eirketi","publisher":{"@id":"https:\/\/www.yenigun.com.tr\/#organization"},"potentialAction":[{"@type":"SearchAction","target":{"@type":"EntryPoint","urlTemplate":"https:\/\/www.yenigun.com.tr\/?s={search_term_string}"},"query-input":{"@type":"PropertyValueSpecification","valueRequired":true,"valueName":"search_term_string"}}],"inLanguage":"en-US"},{"@type":"Organization","@id":"https:\/\/www.yenigun.com.tr\/#organization","name":"Yenig\u00fcn Construction","url":"https:\/\/www.yenigun.com.tr\/","logo":{"@type":"ImageObject","inLanguage":"en-US","@id":"https:\/\/www.yenigun.com.tr\/#\/schema\/logo\/image\/","url":"https:\/\/www.yenigun.com.tr\/wp-content\/uploads\/2018\/11\/yenigun-logo.png","contentUrl":"https:\/\/www.yenigun.com.tr\/wp-content\/uploads\/2018\/11\/yenigun-logo.png","width":548,"height":135,"caption":"Yenig\u00fcn Construction"},"image":{"@id":"https:\/\/www.yenigun.com.tr\/#\/schema\/logo\/image\/"}}]}},"_links":{"self":[{"href":"https:\/\/www.yenigun.com.tr\/en\/wp-json\/wp\/v2\/pages\/4172","targetHints":{"allow":["GET"]}}],"collection":[{"href":"https:\/\/www.yenigun.com.tr\/en\/wp-json\/wp\/v2\/pages"}],"about":[{"href":"https:\/\/www.yenigun.com.tr\/en\/wp-json\/wp\/v2\/types\/page"}],"author":[{"embeddable":true,"href":"https:\/\/www.yenigun.com.tr\/en\/wp-json\/wp\/v2\/users\/8"}],"replies":[{"embeddable":true,"href":"https:\/\/www.yenigun.com.tr\/en\/wp-json\/wp\/v2\/comments?post=4172"}],"version-history":[{"count":0,"href":"https:\/\/www.yenigun.com.tr\/en\/wp-json\/wp\/v2\/pages\/4172\/revisions"}],"wp:featuredmedia":[{"embeddable":true,"href":"https:\/\/www.yenigun.com.tr\/en\/wp-json\/wp\/v2\/media\/2638"}],"wp:attachment":[{"href":"https:\/\/www.yenigun.com.tr\/en\/wp-json\/wp\/v2\/media?parent=4172"}],"curies":[{"name":"wp","href":"https:\/\/api.w.org\/{rel}","templated":true}]}}