{"id":4119,"date":"2018-11-27T22:48:41","date_gmt":"2018-11-27T19:48:41","guid":{"rendered":"http:\/\/www.yenigun.com.tr\/baskanin-mesaji\/"},"modified":"2019-04-02T10:46:04","modified_gmt":"2019-04-02T07:46:04","slug":"baskanin-mesaji","status":"publish","type":"page","link":"https:\/\/www.yenigun.com.tr\/en\/baskanin-mesaji\/","title":{"rendered":"Message from President"},"content":{"rendered":"<section class=\"l-section wpb_row height_medium\"><div class=\"l-section-h i-cf\"><div class=\"g-cols vc_row via_flex valign_top type_default stacking_default\"><div class=\"vc_col-sm-8 wpb_column vc_column_container\"><div class=\"vc_column-inner\"><div class=\"wpb_wrapper\"><div class=\"wpb_text_column\"><div class=\"wpb_wrapper\"><p>No job is easy. We draw on our management skills to ease the difficult and exhausting parts of the work and thus achieve progress in our job.<\/p>\n<p>The following points should always be borne in mind when working towards our goals:<\/p>\n<ul>\n<li>Due care should be given for the human factor,<\/li>\n<li>Decisions should be taken as quickly as possible under all circumstances,<\/li>\n<li>All the works towards the predefined goals should be carried out harmoniously<br \/>\nas a team and with complete faith in success,<\/li>\n<li>The latest technological tools and developments should be applied where<br \/>\nappropriate,<\/li>\n<li>Due consideration should be paid for research &amp;amp; development and continuous<br \/>\ntraining,<\/li>\n<li>Cooperation with sound partners should be sought to enhance global<br \/>\ncompetitiveness.<\/li>\n<\/ul>\n<p>I started my career in 1974, with undertaking of the construction of an elementary<br \/>\nschool together with another partner as \u201cMithat Yenig\u00fcn Private Company\u201d and we now<br \/>\nhave 5000 staff of whom more than 150 are engineers. We target US$ 600 million in<br \/>\nturnover in 2020, rising to US$ 1 billion by 2025.<\/p>\n<p>As competition has heated up not just in Turkey but also in the other countries where<br \/>\nwe have a presence, we believe that it is necessary to establish partnerships and develop<br \/>\nstrong ties with companies that we can trust and establish a common language. We<br \/>\nrealize that partnership implies a sharing of profit and risk, compromise, good will and<br \/>\ntrust.<\/p>\n<p>Every single person in our team is important and valuable for our company and we all<br \/>\nmust have this sense of responsibility.<\/p>\n<p>Our capacity and skill to make optimal use of the above mentioned factors will be<br \/>\nreflected on the coming years\u2019 results as we work towards our targets. As Socrates said,<br \/>\n&#8220;THE BOOK OF LIFE IS WRITTEN IN MATHEMATICS&#8221;<\/p>\n<p>I wish good luck to everyone!<\/p>\n<p>Mithat Yenig\u00fcn<\/p>\n<\/div><\/div><\/div><\/div><\/div><div class=\"vc_col-sm-4 wpb_column vc_column_container\"><div class=\"vc_column-inner\"><div class=\"wpb_wrapper\"><div class=\"w-image style_outlined align_none\"><div class=\"w-image-h\"><img decoding=\"async\" width=\"1024\" height=\"736\" src=\"https:\/\/www.yenigun.com.tr\/wp-content\/uploads\/2019\/02\/MithatYenigun.jpg\" class=\"attachment-full size-full\" alt=\"\" loading=\"lazy\" srcset=\"https:\/\/www.yenigun.com.tr\/wp-content\/uploads\/2019\/02\/MithatYenigun.jpg 1024w, https:\/\/www.yenigun.com.tr\/wp-content\/uploads\/2019\/02\/MithatYenigun-300x216.jpg 300w\" sizes=\"auto, (max-width: 1024px) 100vw, 1024px\" \/><\/div><\/div><div class=\"wpb_text_column\"><div class=\"wpb_wrapper\"><p>Mithat Yenig\u00fcn<\/p>\n<\/div><\/div><div class=\"wpb_text_column\"><div class=\"wpb_wrapper\"><h4 style=\"text-align: left;\">No job is easy. We draw on our management skills to ease the difficult and exhausting parts of the work and thus achieve progress in our job.<\/h4>\n<\/div><\/div><\/div><\/div><\/div><\/div><\/div><\/section>\n","protected":false},"excerpt":{"rendered":"No job is easy. We draw on our management skills to ease the difficult and exhausting parts of the work and thus achieve progress in our job. The following points should always be borne in mind when working towards our goals: Due care should be given for the human factor, Decisions should be taken as...","protected":false},"author":8,"featured_media":0,"parent":0,"menu_order":0,"comment_status":"closed","ping_status":"closed","template":"","meta":{"footnotes":""},"class_list":["post-4119","page","type-page","status-publish","hentry"],"yoast_head":"<!-- This site is optimized with the Yoast SEO plugin v27.4 - https:\/\/yoast.com\/product\/yoast-seo-wordpress\/ -->\n<title>Message from President - Yenig\u00fcn Construction<\/title>\n<meta name=\"robots\" content=\"index, follow, max-snippet:-1, max-image-preview:large, max-video-preview:-1\" \/>\n<link rel=\"canonical\" href=\"https:\/\/www.yenigun.com.tr\/en\/baskanin-mesaji\/\" \/>\n<meta property=\"og:locale\" content=\"en_US\" \/>\n<meta property=\"og:type\" content=\"article\" \/>\n<meta property=\"og:title\" content=\"Message from President - Yenig\u00fcn Construction\" \/>\n<meta property=\"og:url\" content=\"https:\/\/www.yenigun.com.tr\/en\/baskanin-mesaji\/\" \/>\n<meta property=\"og:site_name\" content=\"Yenig\u00fcn Construction\" \/>\n<meta property=\"article:modified_time\" content=\"2019-04-02T07:46:04+00:00\" \/>\n<meta property=\"og:image\" content=\"https:\/\/www.yenigun.com.tr\/wp-content\/uploads\/2019\/11\/social-media.jpg\" \/>\n\t<meta property=\"og:image:width\" content=\"800\" \/>\n\t<meta property=\"og:image:height\" content=\"380\" \/>\n\t<meta property=\"og:image:type\" content=\"image\/jpeg\" \/>\n<meta name=\"twitter:card\" content=\"summary_large_image\" \/>\n<meta name=\"twitter:label1\" content=\"Est. reading time\" \/>\n\t<meta name=\"twitter:data1\" content=\"2 minutes\" \/>\n<script type=\"application\/ld+json\" class=\"yoast-schema-graph\">{\"@context\":\"https:\\\/\\\/schema.org\",\"@graph\":[{\"@type\":\"WebPage\",\"@id\":\"https:\\\/\\\/www.yenigun.com.tr\\\/en\\\/baskanin-mesaji\\\/\",\"url\":\"https:\\\/\\\/www.yenigun.com.tr\\\/en\\\/baskanin-mesaji\\\/\",\"name\":\"Message from President - Yenig\u00fcn Construction\",\"isPartOf\":{\"@id\":\"https:\\\/\\\/www.yenigun.com.tr\\\/#website\"},\"datePublished\":\"2018-11-27T19:48:41+00:00\",\"dateModified\":\"2019-04-02T07:46:04+00:00\",\"breadcrumb\":{\"@id\":\"https:\\\/\\\/www.yenigun.com.tr\\\/en\\\/baskanin-mesaji\\\/#breadcrumb\"},\"inLanguage\":\"en-US\",\"potentialAction\":[{\"@type\":\"ReadAction\",\"target\":[\"https:\\\/\\\/www.yenigun.com.tr\\\/en\\\/baskanin-mesaji\\\/\"]}]},{\"@type\":\"BreadcrumbList\",\"@id\":\"https:\\\/\\\/www.yenigun.com.tr\\\/en\\\/baskanin-mesaji\\\/#breadcrumb\",\"itemListElement\":[{\"@type\":\"ListItem\",\"position\":1,\"name\":\"Ana sayfa\",\"item\":\"https:\\\/\\\/www.yenigun.com.tr\\\/en\\\/\"},{\"@type\":\"ListItem\",\"position\":2,\"name\":\"Message from President\"}]},{\"@type\":\"WebSite\",\"@id\":\"https:\\\/\\\/www.yenigun.com.tr\\\/#website\",\"url\":\"https:\\\/\\\/www.yenigun.com.tr\\\/\",\"name\":\"Yenig\u00fcn Construction\",\"description\":\"T\u00fcrkiye&#039;nin G\u00fc\u00e7l\u00fc \u0130n\u015faat \u015eirketi\",\"publisher\":{\"@id\":\"https:\\\/\\\/www.yenigun.com.tr\\\/#organization\"},\"potentialAction\":[{\"@type\":\"SearchAction\",\"target\":{\"@type\":\"EntryPoint\",\"urlTemplate\":\"https:\\\/\\\/www.yenigun.com.tr\\\/?s={search_term_string}\"},\"query-input\":{\"@type\":\"PropertyValueSpecification\",\"valueRequired\":true,\"valueName\":\"search_term_string\"}}],\"inLanguage\":\"en-US\"},{\"@type\":\"Organization\",\"@id\":\"https:\\\/\\\/www.yenigun.com.tr\\\/#organization\",\"name\":\"Yenig\u00fcn Construction\",\"url\":\"https:\\\/\\\/www.yenigun.com.tr\\\/\",\"logo\":{\"@type\":\"ImageObject\",\"inLanguage\":\"en-US\",\"@id\":\"https:\\\/\\\/www.yenigun.com.tr\\\/#\\\/schema\\\/logo\\\/image\\\/\",\"url\":\"https:\\\/\\\/www.yenigun.com.tr\\\/wp-content\\\/uploads\\\/2018\\\/11\\\/yenigun-logo.png\",\"contentUrl\":\"https:\\\/\\\/www.yenigun.com.tr\\\/wp-content\\\/uploads\\\/2018\\\/11\\\/yenigun-logo.png\",\"width\":548,\"height\":135,\"caption\":\"Yenig\u00fcn Construction\"},\"image\":{\"@id\":\"https:\\\/\\\/www.yenigun.com.tr\\\/#\\\/schema\\\/logo\\\/image\\\/\"}}]}<\/script>\n<!-- \/ Yoast SEO plugin. -->","yoast_head_json":{"title":"Message from President - Yenig\u00fcn Construction","robots":{"index":"index","follow":"follow","max-snippet":"max-snippet:-1","max-image-preview":"max-image-preview:large","max-video-preview":"max-video-preview:-1"},"canonical":"https:\/\/www.yenigun.com.tr\/en\/baskanin-mesaji\/","og_locale":"en_US","og_type":"article","og_title":"Message from President - Yenig\u00fcn Construction","og_url":"https:\/\/www.yenigun.com.tr\/en\/baskanin-mesaji\/","og_site_name":"Yenig\u00fcn Construction","article_modified_time":"2019-04-02T07:46:04+00:00","og_image":[{"width":800,"height":380,"url":"https:\/\/www.yenigun.com.tr\/wp-content\/uploads\/2019\/11\/social-media.jpg","type":"image\/jpeg"}],"twitter_card":"summary_large_image","twitter_misc":{"Est. reading time":"2 minutes"},"schema":{"@context":"https:\/\/schema.org","@graph":[{"@type":"WebPage","@id":"https:\/\/www.yenigun.com.tr\/en\/baskanin-mesaji\/","url":"https:\/\/www.yenigun.com.tr\/en\/baskanin-mesaji\/","name":"Message from President - Yenig\u00fcn Construction","isPartOf":{"@id":"https:\/\/www.yenigun.com.tr\/#website"},"datePublished":"2018-11-27T19:48:41+00:00","dateModified":"2019-04-02T07:46:04+00:00","breadcrumb":{"@id":"https:\/\/www.yenigun.com.tr\/en\/baskanin-mesaji\/#breadcrumb"},"inLanguage":"en-US","potentialAction":[{"@type":"ReadAction","target":["https:\/\/www.yenigun.com.tr\/en\/baskanin-mesaji\/"]}]},{"@type":"BreadcrumbList","@id":"https:\/\/www.yenigun.com.tr\/en\/baskanin-mesaji\/#breadcrumb","itemListElement":[{"@type":"ListItem","position":1,"name":"Ana sayfa","item":"https:\/\/www.yenigun.com.tr\/en\/"},{"@type":"ListItem","position":2,"name":"Message from President"}]},{"@type":"WebSite","@id":"https:\/\/www.yenigun.com.tr\/#website","url":"https:\/\/www.yenigun.com.tr\/","name":"Yenig\u00fcn Construction","description":"T\u00fcrkiye&#039;nin G\u00fc\u00e7l\u00fc \u0130n\u015faat \u015eirketi","publisher":{"@id":"https:\/\/www.yenigun.com.tr\/#organization"},"potentialAction":[{"@type":"SearchAction","target":{"@type":"EntryPoint","urlTemplate":"https:\/\/www.yenigun.com.tr\/?s={search_term_string}"},"query-input":{"@type":"PropertyValueSpecification","valueRequired":true,"valueName":"search_term_string"}}],"inLanguage":"en-US"},{"@type":"Organization","@id":"https:\/\/www.yenigun.com.tr\/#organization","name":"Yenig\u00fcn Construction","url":"https:\/\/www.yenigun.com.tr\/","logo":{"@type":"ImageObject","inLanguage":"en-US","@id":"https:\/\/www.yenigun.com.tr\/#\/schema\/logo\/image\/","url":"https:\/\/www.yenigun.com.tr\/wp-content\/uploads\/2018\/11\/yenigun-logo.png","contentUrl":"https:\/\/www.yenigun.com.tr\/wp-content\/uploads\/2018\/11\/yenigun-logo.png","width":548,"height":135,"caption":"Yenig\u00fcn Construction"},"image":{"@id":"https:\/\/www.yenigun.com.tr\/#\/schema\/logo\/image\/"}}]}},"_links":{"self":[{"href":"https:\/\/www.yenigun.com.tr\/en\/wp-json\/wp\/v2\/pages\/4119","targetHints":{"allow":["GET"]}}],"collection":[{"href":"https:\/\/www.yenigun.com.tr\/en\/wp-json\/wp\/v2\/pages"}],"about":[{"href":"https:\/\/www.yenigun.com.tr\/en\/wp-json\/wp\/v2\/types\/page"}],"author":[{"embeddable":true,"href":"https:\/\/www.yenigun.com.tr\/en\/wp-json\/wp\/v2\/users\/8"}],"replies":[{"embeddable":true,"href":"https:\/\/www.yenigun.com.tr\/en\/wp-json\/wp\/v2\/comments?post=4119"}],"version-history":[{"count":0,"href":"https:\/\/www.yenigun.com.tr\/en\/wp-json\/wp\/v2\/pages\/4119\/revisions"}],"wp:attachment":[{"href":"https:\/\/www.yenigun.com.tr\/en\/wp-json\/wp\/v2\/media?parent=4119"}],"curies":[{"name":"wp","href":"https:\/\/api.w.org\/{rel}","templated":true}]}}